{"id":4245,"date":"2023-07-10T08:06:58","date_gmt":"2023-07-10T08:06:58","guid":{"rendered":"https:\/\/hotelsouldejavea.com\/?page_id=4245"},"modified":"2025-05-15T07:25:48","modified_gmt":"2025-05-15T07:25:48","slug":"%d1%80%d0%b5%d1%81%d1%82%d0%be%d1%80%d0%b0%d0%bd","status":"publish","type":"page","link":"https:\/\/hotelsouldejavea.com\/ru\/%d1%80%d0%b5%d1%81%d1%82%d0%be%d1%80%d0%b0%d0%bd\/","title":{"rendered":"\u0420\u0435\u0441\u0442\u043e\u0440\u0430\u043d"},"content":{"rendered":"<div class=\"wpb-content-wrapper\">[vc_row full_width=&#187;stretch_row_content&#187; content_placement=&#187;top&#187; css=&#187;.vc_custom_1741949896010{padding-bottom: 45% !important;background-image: url(https:\/\/hotelsouldejavea.com\/wp-content\/uploads\/2023\/07\/20200716-DSC07512.jpg?id=312) !important;background-position: center !important;background-repeat: no-repeat !important;background-size: cover !important;}&#187;][vc_column][\/vc_column][\/vc_row][vc_row css=&#187;.vc_custom_1741951691992{padding-top: 2% !important;padding-right: 10% !important;padding-bottom: 2% !important;padding-left: 10% !important;}&#187;][vc_column][vc_row_inner css=&#187;.vc_custom_1741946940795{padding-top: 5% !important;background-position: center !important;background-repeat: no-repeat !important;background-size: cover !important;}&#187;][vc_column_inner][vc_column_text css=&#187;&#187;]\n<div class=\"wpb_text_column wpb_content_element \">\n<div class=\"wpb_wrapper\">\n<h2 style=\"text-align: justify;\"><span style=\"color: #525252; font-size: 150%;\">BIENVENIDO A CASA<\/span><\/h2>\n<p style=\"text-align: justify;\">Situado en primera l\u00ednea de playa, nuestro hotel se convierte en un lugar privilegiado para desconectar, disfrutando de comida fresca en nuestra terraza con vistas al mar.<\/p>\n<p style=\"text-align: justify;\">Disfrute de nuestro men\u00fa por 23\u202f\u20ac (bebida no incluida) o de nuestra carta frente a una de las ubicaciones m\u00e1s privilegiadas de todo J\u00e1vea. Pregunte por nuestras opciones vegetarianas, veganas o pregunte con intolerancias alimentarias.<\/p>\n<p style=\"text-align: justify;\">O si lo prefiere desayune por 15\u202f\u20ac en nuestra fant\u00e1stica terraza, tenemos buffet continental y carta con desayunos que le sorprender\u00e1n.<\/p>\n<p style=\"text-align: justify;\">En nombre de todo el personal, le damos la bienvenida a su casa de J\u00e1vea.<\/p>\n<p style=\"text-align: justify;\">\u00a1D\u00e9jese mimar y disfrute de unas maravillosas vacaciones!<\/p>\n<\/div>\n<\/div>\n[\/vc_column_text][vc_empty_space][vc_btn style=&#187;outline-custom&#187; outline_custom_color=&#187;#20BEC9&#8243; outline_custom_hover_background=&#187;#20BEC9&#8243; shape=&#187;square&#187; align=&#187;center&#187; css=&#187;&#187; button_block=&#187;true&#187; link=&#187;url:https%3A%2F%2Fhotelsouldejavea.com%2Fru%2F%3Fpage_id%3D4247|title:RESERVA%20YA|target:_blank|&#187; title=&#187;HAZ TU RESERVA&#187;][vc_empty_space][\/vc_column_inner][\/vc_row_inner][\/vc_column][\/vc_row][vc_row css=&#187;.vc_custom_1741951702591{padding-top: 2% !important;padding-right: 10% !important;padding-bottom: 3% !important;padding-left: 10% !important;}&#187;][vc_column][vc_row_inner gap=&#187;30&#8243;][vc_column_inner width=&#187;1\/2&#8243;][vc_column_text css=&#187;&#187;]\n<div class=\"wpb_text_column wpb_content_element \">\n<div class=\"wpb_wrapper\">\n<h2><strong><span style=\"font-size: 100%; color: #525252;\">MEN\u00da RESTAURANTE<\/span><\/strong><\/h2>\n<p style=\"text-align: justify;\">Restaurante Soul de J\u00e1vea lanza una exclusiva propuesta gastron\u00f3mica basada en un concepto culinario contempor\u00e1neo, progresivo, de estilo libre, basado en nuestro querido Mediterr\u00e1neo, una cocina viajera, pero sin renunciar a los productos de la zona.<\/p>\n<\/div>\n<\/div>\n[\/vc_column_text][\/vc_column_inner][vc_column_inner width=&#187;1\/2&#8243;][vc_column_text css=&#187;&#187;]\n<div class=\"wpb_text_column wpb_content_element \">\n<div class=\"wpb_wrapper\">\n<h2><span style=\"color: #525252;\"><strong>MEN\u00da INFANTIL<\/strong><\/span><\/h2>\n<p style=\"text-align: justify;\">Sabemos que los m\u00e1s peque\u00f1os disfrutan con los sabores de siempre por eso elaboramos un men\u00fa sencillo para que los peque\u00f1os disfruten del placer de la cocina adaptando los men\u00fas a las preferencias gastron\u00f3micas del p\u00fablico infantil.<\/p>\n<\/div>\n<\/div>\n[\/vc_column_text][\/vc_column_inner][\/vc_row_inner][vc_row_inner gap=&#187;30&#8243;][vc_column_inner width=&#187;1\/2&#8243;][vc_single_image image=&#187;3053&#8243; css=&#187;&#187; img_size=&#187;large&#187;][\/vc_column_inner][vc_column_inner width=&#187;1\/2&#8243;][vc_single_image image=&#187;3055&#8243; css=&#187;&#187; img_size=&#187;large&#187;][\/vc_column_inner][\/vc_row_inner][vc_empty_space][vc_row_inner gap=&#187;30&#8243; css=&#187;.vc_custom_1741948955140{padding-top: 2% !important;}&#187;][vc_column_inner width=&#187;1\/2&#8243;][vc_column_text css=&#187;&#187;]\n<div class=\"wpb_text_column wpb_content_element \">\n<div class=\"wpb_wrapper\">\n<h2><span style=\"color: #525252;\"><strong>SKY-BAR<\/strong><\/span><\/h2>\n<p style=\"text-align: justify;\">Nuestro bar abre de d\u00eda y de noche. Por el d\u00eda podr\u00e1s disfrutar de los mejores c\u00f3cteles mientras te refrescas en la piscina, y por la noche podr\u00e1s disfrutar de la brisa marina en nuestra terraza con vistas al mar mediterr\u00e1neo.<\/p>\n<\/div>\n<\/div>\n[\/vc_column_text][\/vc_column_inner][vc_column_inner width=&#187;1\/2&#8243;][vc_column_text css=&#187;&#187;]\n<div class=\"wpb_text_column wpb_content_element \">\n<div class=\"wpb_wrapper\">\n<h2><span style=\"color: #525252;\"><strong>MEN\u00da DESAYUNO<\/strong><\/span><\/h2>\n<p style=\"text-align: justify;\">El desayuno es la comida m\u00e1s importante del d\u00eda, por eso cuidamos los desayunos ofreciendo ingredientes naturales, frescos y de cercan\u00eda. Boller\u00eda artesanal y productos t\u00edpicos mediterr\u00e1neos.<\/p>\n<\/div>\n<\/div>\n[\/vc_column_text][\/vc_column_inner][\/vc_row_inner][vc_row_inner gap=&#187;30&#8243;][vc_column_inner width=&#187;1\/2&#8243;][vc_single_image image=&#187;3067&#8243; css=&#187;&#187; img_size=&#187;large&#187;][\/vc_column_inner][vc_column_inner width=&#187;1\/2&#8243;][vc_single_image image=&#187;3069&#8243; css=&#187;&#187; img_size=&#187;large&#187;][\/vc_column_inner][\/vc_row_inner][vc_empty_space][vc_btn style=&#187;outline-custom&#187; outline_custom_color=&#187;#20BEC9&#8243; outline_custom_hover_background=&#187;#20BEC9&#8243; shape=&#187;square&#187; align=&#187;center&#187; css=&#187;&#187; button_block=&#187;true&#187; link=&#187;url:https%3A%2F%2Fhotelsouldejavea.com%2Fru%2F%3Fpage_id%3D4247|title:RESERVA%20YA|target:_blank|&#187; title=&#187;HAZ TU RESERVA&#187;][vc_empty_space][vc_empty_space][vc_row_inner][vc_column_inner][vc_column_text css=&#187;&#187;]\n<div id='gallery-1' class='gallery galleryid-4245 gallery-columns-7 gallery-size-thumbnail'><figure class='gallery-item'>\n\t\t\t<div class='gallery-icon landscape'>\n\t\t\t\t<a href='https:\/\/hotelsouldejavea.com\/wp-content\/uploads\/2023\/07\/20200716-DSC07512.jpg'><img loading=\"lazy\" decoding=\"async\" width=\"150\" height=\"150\" src=\"https:\/\/hotelsouldejavea.com\/wp-content\/uploads\/2023\/07\/20200716-DSC07512-150x150.jpg\" class=\"attachment-thumbnail size-thumbnail\" alt=\"\" \/><\/a>\n\t\t\t<\/div><\/figure><figure class='gallery-item'>\n\t\t\t<div class='gallery-icon landscape'>\n\t\t\t\t<a href='https:\/\/hotelsouldejavea.com\/wp-content\/uploads\/2023\/07\/20200716-DSC07514.jpg'><img loading=\"lazy\" decoding=\"async\" width=\"150\" height=\"150\" src=\"https:\/\/hotelsouldejavea.com\/wp-content\/uploads\/2023\/07\/20200716-DSC07514-150x150.jpg\" class=\"attachment-thumbnail size-thumbnail\" alt=\"\" \/><\/a>\n\t\t\t<\/div><\/figure><figure class='gallery-item'>\n\t\t\t<div class='gallery-icon landscape'>\n\t\t\t\t<a href='https:\/\/hotelsouldejavea.com\/wp-content\/uploads\/2023\/07\/20200716-DSC07510.jpg'><img loading=\"lazy\" decoding=\"async\" width=\"150\" height=\"150\" src=\"https:\/\/hotelsouldejavea.com\/wp-content\/uploads\/2023\/07\/20200716-DSC07510-150x150.jpg\" class=\"attachment-thumbnail size-thumbnail\" alt=\"\" \/><\/a>\n\t\t\t<\/div><\/figure><figure class='gallery-item'>\n\t\t\t<div class='gallery-icon landscape'>\n\t\t\t\t<a href='https:\/\/hotelsouldejavea.com\/wp-content\/uploads\/2023\/07\/pexels-photo-1516415.jpeg'><img loading=\"lazy\" decoding=\"async\" width=\"150\" height=\"150\" src=\"https:\/\/hotelsouldejavea.com\/wp-content\/uploads\/2023\/07\/pexels-photo-1516415-150x150.jpeg\" class=\"attachment-thumbnail size-thumbnail\" alt=\"\" \/><\/a>\n\t\t\t<\/div><\/figure><figure class='gallery-item'>\n\t\t\t<div class='gallery-icon landscape'>\n\t\t\t\t<a href='https:\/\/hotelsouldejavea.com\/wp-content\/uploads\/2023\/07\/20200716-DSC07492.jpg'><img loading=\"lazy\" decoding=\"async\" width=\"150\" height=\"150\" src=\"https:\/\/hotelsouldejavea.com\/wp-content\/uploads\/2023\/07\/20200716-DSC07492-150x150.jpg\" class=\"attachment-thumbnail size-thumbnail\" alt=\"\" \/><\/a>\n\t\t\t<\/div><\/figure><figure class='gallery-item'>\n\t\t\t<div class='gallery-icon landscape'>\n\t\t\t\t<a href='https:\/\/hotelsouldejavea.com\/wp-content\/uploads\/2023\/07\/20200716-DSC07500.jpg'><img loading=\"lazy\" decoding=\"async\" width=\"150\" height=\"150\" src=\"https:\/\/hotelsouldejavea.com\/wp-content\/uploads\/2023\/07\/20200716-DSC07500-150x150.jpg\" class=\"attachment-thumbnail size-thumbnail\" alt=\"\" \/><\/a>\n\t\t\t<\/div><\/figure><figure class='gallery-item'>\n\t\t\t<div class='gallery-icon landscape'>\n\t\t\t\t<a href='https:\/\/hotelsouldejavea.com\/wp-content\/uploads\/2023\/07\/el-mejor-restaurante-en-javea-scaled.jpg'><img loading=\"lazy\" decoding=\"async\" width=\"150\" height=\"150\" src=\"https:\/\/hotelsouldejavea.com\/wp-content\/uploads\/2023\/07\/el-mejor-restaurante-en-javea-150x150.jpg\" class=\"attachment-thumbnail size-thumbnail\" alt=\"\" \/><\/a>\n\t\t\t<\/div><\/figure><figure class='gallery-item'>\n\t\t\t<div class='gallery-icon landscape'>\n\t\t\t\t<a href='https:\/\/hotelsouldejavea.com\/wp-content\/uploads\/2023\/07\/PMO02314-scaled.jpg'><img loading=\"lazy\" decoding=\"async\" width=\"150\" height=\"150\" src=\"https:\/\/hotelsouldejavea.com\/wp-content\/uploads\/2023\/07\/PMO02314-150x150.jpg\" class=\"attachment-thumbnail size-thumbnail\" alt=\"\" \/><\/a>\n\t\t\t<\/div><\/figure><figure class='gallery-item'>\n\t\t\t<div class='gallery-icon landscape'>\n\t\t\t\t<a href='https:\/\/hotelsouldejavea.com\/wp-content\/uploads\/2023\/07\/20200716-DSC07519.jpg'><img loading=\"lazy\" decoding=\"async\" width=\"150\" height=\"150\" src=\"https:\/\/hotelsouldejavea.com\/wp-content\/uploads\/2023\/07\/20200716-DSC07519-150x150.jpg\" class=\"attachment-thumbnail size-thumbnail\" alt=\"\" \/><\/a>\n\t\t\t<\/div><\/figure><figure class='gallery-item'>\n\t\t\t<div class='gallery-icon landscape'>\n\t\t\t\t<a href='https:\/\/hotelsouldejavea.com\/wp-content\/uploads\/2023\/07\/20200716-DSC07504.jpg'><img loading=\"lazy\" decoding=\"async\" width=\"150\" height=\"150\" src=\"https:\/\/hotelsouldejavea.com\/wp-content\/uploads\/2023\/07\/20200716-DSC07504-150x150.jpg\" class=\"attachment-thumbnail size-thumbnail\" alt=\"\" \/><\/a>\n\t\t\t<\/div><\/figure><figure class='gallery-item'>\n\t\t\t<div class='gallery-icon portrait'>\n\t\t\t\t<a href='https:\/\/hotelsouldejavea.com\/wp-content\/uploads\/2023\/07\/restaurante-cocina-mediterranea.jpg'><img loading=\"lazy\" decoding=\"async\" width=\"150\" height=\"150\" src=\"https:\/\/hotelsouldejavea.com\/wp-content\/uploads\/2023\/07\/restaurante-cocina-mediterranea-150x150.jpg\" class=\"attachment-thumbnail size-thumbnail\" alt=\"\" \/><\/a>\n\t\t\t<\/div><\/figure><figure class='gallery-item'>\n\t\t\t<div class='gallery-icon landscape'>\n\t\t\t\t<a href='https:\/\/hotelsouldejavea.com\/wp-content\/uploads\/2023\/07\/PMO02306-scaled.jpg'><img loading=\"lazy\" decoding=\"async\" width=\"150\" height=\"150\" src=\"https:\/\/hotelsouldejavea.com\/wp-content\/uploads\/2023\/07\/PMO02306-150x150.jpg\" class=\"attachment-thumbnail size-thumbnail\" alt=\"\" \/><\/a>\n\t\t\t<\/div><\/figure><figure class='gallery-item'>\n\t\t\t<div class='gallery-icon landscape'>\n\t\t\t\t<a href='https:\/\/hotelsouldejavea.com\/wp-content\/uploads\/2025\/03\/20200716-DSC07536.webp'><img loading=\"lazy\" decoding=\"async\" width=\"150\" height=\"150\" src=\"https:\/\/hotelsouldejavea.com\/wp-content\/uploads\/2025\/03\/20200716-DSC07536-150x150.webp\" class=\"attachment-thumbnail size-thumbnail\" alt=\"\" \/><\/a>\n\t\t\t<\/div><\/figure><figure class='gallery-item'>\n\t\t\t<div class='gallery-icon landscape'>\n\t\t\t\t<a href='https:\/\/hotelsouldejavea.com\/wp-content\/uploads\/2025\/03\/RESTAURANTE-JAVEA-DSC07508.webp'><img loading=\"lazy\" decoding=\"async\" width=\"150\" height=\"150\" src=\"https:\/\/hotelsouldejavea.com\/wp-content\/uploads\/2025\/03\/RESTAURANTE-JAVEA-DSC07508-150x150.webp\" class=\"attachment-thumbnail size-thumbnail\" alt=\"\" \/><\/a>\n\t\t\t<\/div><\/figure><figure class='gallery-item'>\n\t\t\t<div class='gallery-icon landscape'>\n\t\t\t\t<a href='https:\/\/hotelsouldejavea.com\/wp-content\/uploads\/2025\/03\/20200716-DSC07546.webp'><img loading=\"lazy\" decoding=\"async\" width=\"150\" height=\"150\" src=\"https:\/\/hotelsouldejavea.com\/wp-content\/uploads\/2025\/03\/20200716-DSC07546-150x150.webp\" class=\"attachment-thumbnail size-thumbnail\" alt=\"\" \/><\/a>\n\t\t\t<\/div><\/figure><figure class='gallery-item'>\n\t\t\t<div class='gallery-icon landscape'>\n\t\t\t\t<a href='https:\/\/hotelsouldejavea.com\/wp-content\/uploads\/2025\/03\/bar-javea.png'><img loading=\"lazy\" decoding=\"async\" width=\"150\" height=\"150\" src=\"https:\/\/hotelsouldejavea.com\/wp-content\/uploads\/2025\/03\/bar-javea-150x150.png\" class=\"attachment-thumbnail size-thumbnail\" alt=\"\" \/><\/a>\n\t\t\t<\/div><\/figure><figure class='gallery-item'>\n\t\t\t<div class='gallery-icon landscape'>\n\t\t\t\t<a href='https:\/\/hotelsouldejavea.com\/wp-content\/uploads\/2025\/03\/menu-desayuno-javea.png'><img loading=\"lazy\" decoding=\"async\" width=\"150\" height=\"150\" src=\"https:\/\/hotelsouldejavea.com\/wp-content\/uploads\/2025\/03\/menu-desayuno-javea-150x150.png\" class=\"attachment-thumbnail size-thumbnail\" alt=\"\" \/><\/a>\n\t\t\t<\/div><\/figure><figure class='gallery-item'>\n\t\t\t<div class='gallery-icon landscape'>\n\t\t\t\t<a href='https:\/\/hotelsouldejavea.com\/wp-content\/uploads\/2025\/03\/skybar-javea.webp'><img loading=\"lazy\" decoding=\"async\" width=\"150\" height=\"150\" src=\"https:\/\/hotelsouldejavea.com\/wp-content\/uploads\/2025\/03\/skybar-javea-150x150.webp\" class=\"attachment-thumbnail size-thumbnail\" alt=\"\" \/><\/a>\n\t\t\t<\/div><\/figure><figure class='gallery-item'>\n\t\t\t<div class='gallery-icon landscape'>\n\t\t\t\t<a href='https:\/\/hotelsouldejavea.com\/wp-content\/uploads\/2023\/08\/PMO02455-scaled.jpg'><img loading=\"lazy\" decoding=\"async\" width=\"150\" height=\"150\" src=\"https:\/\/hotelsouldejavea.com\/wp-content\/uploads\/2023\/08\/PMO02455-150x150.jpg\" class=\"attachment-thumbnail size-thumbnail\" alt=\"\" \/><\/a>\n\t\t\t<\/div><\/figure><figure class='gallery-item'>\n\t\t\t<div class='gallery-icon landscape'>\n\t\t\t\t<a href='https:\/\/hotelsouldejavea.com\/wp-content\/uploads\/2023\/07\/PMO02396-scaled.jpg'><img loading=\"lazy\" decoding=\"async\" width=\"150\" height=\"150\" src=\"https:\/\/hotelsouldejavea.com\/wp-content\/uploads\/2023\/07\/PMO02396-150x150.jpg\" class=\"attachment-thumbnail size-thumbnail\" alt=\"\" \/><\/a>\n\t\t\t<\/div><\/figure><figure class='gallery-item'>\n\t\t\t<div class='gallery-icon landscape'>\n\t\t\t\t<a href='https:\/\/hotelsouldejavea.com\/wp-content\/uploads\/2023\/07\/PMO02261-scaled.jpg'><img loading=\"lazy\" decoding=\"async\" width=\"150\" height=\"150\" src=\"https:\/\/hotelsouldejavea.com\/wp-content\/uploads\/2023\/07\/PMO02261-150x150.jpg\" class=\"attachment-thumbnail size-thumbnail\" alt=\"\" \/><\/a>\n\t\t\t<\/div><\/figure>\n\t\t<\/div>\n\n[\/vc_column_text][\/vc_column_inner][\/vc_row_inner][\/vc_column][\/vc_row]\n<\/div>","protected":false},"excerpt":{"rendered":"[vc_row full_width=&#187;stretch_row_content&#187; content_placement=&#187;top&#187; css=&#187;.vc_custom_1741949896010{padding-bottom: 45% !important;background-image: url(https:\/\/hotelsouldejavea.com\/wp-content\/uploads\/2023\/07\/20200716-DSC07512.jpg?id=312) !important;background-position: center !important;background-repeat: no-repeat !important;background-size: cover !important;}&#187;][vc_column][\/vc_column][\/vc_row][vc_row css=&#187;.vc_custom_1741951691992{padding-top: 2% !important;padding-right: 10% !important;padding-bottom: 2% !important;padding-left: 10% !important;}&#187;][vc_column][vc_row_inner css=&#187;.vc_custom_1741946940795{padding-top: 5% !important;background-position: center !important;background-repeat: no-repeat !important;background-size: cover !important;}&#187;][vc_column_inner][vc_column_text css=&#187;&#187;] BIENVENIDO A CASA Situado en primera l\u00ednea de playa, nuestro hotel se convierte en un lugar privilegiado para desconectar, disfrutando de comida [&#8230;]\n","protected":false},"author":2,"featured_media":0,"parent":0,"menu_order":0,"comment_status":"closed","ping_status":"closed","template":"page-blank.php","meta":{"footnotes":""},"class_list":["post-4245","page","type-page","status-publish","hentry"],"yoast_head":"<!-- This site is optimized with the Yoast SEO plugin v24.8.1 - https:\/\/yoast.com\/wordpress\/plugins\/seo\/ -->\n<title>\u0420\u0435\u0441\u0442\u043e\u0440\u0430\u043d - Hotel Soul de J\u00e1vea<\/title>\n<meta name=\"robots\" content=\"index, follow, max-snippet:-1, max-image-preview:large, max-video-preview:-1\" \/>\n<link rel=\"canonical\" href=\"https:\/\/hotelsouldejavea.com\/ru\/%d1%80%d0%b5%d1%81%d1%82%d0%be%d1%80%d0%b0%d0%bd\/\" \/>\n<meta property=\"og:locale\" content=\"ru_RU\" \/>\n<meta property=\"og:type\" content=\"article\" \/>\n<meta property=\"og:title\" content=\"\u0420\u0435\u0441\u0442\u043e\u0440\u0430\u043d - Hotel Soul de J\u00e1vea\" \/>\n<meta property=\"og:description\" content=\"[vc_row full_width=&#187;stretch_row_content&#187; content_placement=&#187;top&#187; css=&#187;.vc_custom_1741949896010{padding-bottom: 45% !important;background-image: url(https:\/\/hotelsouldejavea.com\/wp-content\/uploads\/2023\/07\/20200716-DSC07512.jpg?id=312) !important;background-position: center !important;background-repeat: no-repeat !important;background-size: cover !important;}&#187;][vc_column][\/vc_column][\/vc_row][vc_row css=&#187;.vc_custom_1741951691992{padding-top: 2% !important;padding-right: 10% !important;padding-bottom: 2% !important;padding-left: 10% !important;}&#187;][vc_column][vc_row_inner css=&#187;.vc_custom_1741946940795{padding-top: 5% !important;background-position: center !important;background-repeat: no-repeat !important;background-size: cover !important;}&#187;][vc_column_inner][vc_column_text css=&#187;&#187;] BIENVENIDO A CASA Situado en primera l\u00ednea de playa, nuestro hotel se convierte en un lugar privilegiado para desconectar, disfrutando de comida [...]\" \/>\n<meta property=\"og:url\" content=\"https:\/\/hotelsouldejavea.com\/ru\/%d1%80%d0%b5%d1%81%d1%82%d0%be%d1%80%d0%b0%d0%bd\/\" \/>\n<meta property=\"og:site_name\" content=\"Hotel Soul de J\u00e1vea\" \/>\n<meta property=\"article:modified_time\" content=\"2025-05-15T07:25:48+00:00\" \/>\n<meta name=\"twitter:card\" content=\"summary_large_image\" \/>\n<meta name=\"twitter:label1\" content=\"\u041f\u0440\u0438\u043c\u0435\u0440\u043d\u043e\u0435 \u0432\u0440\u0435\u043c\u044f \u0434\u043b\u044f \u0447\u0442\u0435\u043d\u0438\u044f\" \/>\n\t<meta name=\"twitter:data1\" content=\"2 \u043c\u0438\u043d\u0443\u0442\u044b\" \/>\n<script type=\"application\/ld+json\" class=\"yoast-schema-graph\">{\"@context\":\"https:\/\/schema.org\",\"@graph\":[{\"@type\":\"WebPage\",\"@id\":\"https:\/\/hotelsouldejavea.com\/ru\/%d1%80%d0%b5%d1%81%d1%82%d0%be%d1%80%d0%b0%d0%bd\/\",\"url\":\"https:\/\/hotelsouldejavea.com\/ru\/%d1%80%d0%b5%d1%81%d1%82%d0%be%d1%80%d0%b0%d0%bd\/\",\"name\":\"\u0420\u0435\u0441\u0442\u043e\u0440\u0430\u043d - Hotel Soul de J\u00e1vea\",\"isPartOf\":{\"@id\":\"https:\/\/hotelsouldejavea.com\/ru\/#website\"},\"datePublished\":\"2023-07-10T08:06:58+00:00\",\"dateModified\":\"2025-05-15T07:25:48+00:00\",\"breadcrumb\":{\"@id\":\"https:\/\/hotelsouldejavea.com\/ru\/%d1%80%d0%b5%d1%81%d1%82%d0%be%d1%80%d0%b0%d0%bd\/#breadcrumb\"},\"inLanguage\":\"ru-RU\",\"potentialAction\":[{\"@type\":\"ReadAction\",\"target\":[\"https:\/\/hotelsouldejavea.com\/ru\/%d1%80%d0%b5%d1%81%d1%82%d0%be%d1%80%d0%b0%d0%bd\/\"]}]},{\"@type\":\"BreadcrumbList\",\"@id\":\"https:\/\/hotelsouldejavea.com\/ru\/%d1%80%d0%b5%d1%81%d1%82%d0%be%d1%80%d0%b0%d0%bd\/#breadcrumb\",\"itemListElement\":[{\"@type\":\"ListItem\",\"position\":1,\"name\":\"Portada\",\"item\":\"https:\/\/hotelsouldejavea.com\/ru\/\"},{\"@type\":\"ListItem\",\"position\":2,\"name\":\"\u0420\u0435\u0441\u0442\u043e\u0440\u0430\u043d\"}]},{\"@type\":\"WebSite\",\"@id\":\"https:\/\/hotelsouldejavea.com\/ru\/#website\",\"url\":\"https:\/\/hotelsouldejavea.com\/ru\/\",\"name\":\"Hotel Soul de J\u00e1vea\",\"description\":\"Hotel Soul de J\u00e1vea\",\"publisher\":{\"@id\":\"https:\/\/hotelsouldejavea.com\/ru\/#organization\"},\"potentialAction\":[{\"@type\":\"SearchAction\",\"target\":{\"@type\":\"EntryPoint\",\"urlTemplate\":\"https:\/\/hotelsouldejavea.com\/ru\/?s={search_term_string}\"},\"query-input\":{\"@type\":\"PropertyValueSpecification\",\"valueRequired\":true,\"valueName\":\"search_term_string\"}}],\"inLanguage\":\"ru-RU\"},{\"@type\":\"Organization\",\"@id\":\"https:\/\/hotelsouldejavea.com\/ru\/#organization\",\"name\":\"Hotel Soul de J\u00e1vea\",\"url\":\"https:\/\/hotelsouldejavea.com\/ru\/\",\"logo\":{\"@type\":\"ImageObject\",\"inLanguage\":\"ru-RU\",\"@id\":\"https:\/\/hotelsouldejavea.com\/ru\/#\/schema\/logo\/image\/\",\"url\":\"https:\/\/hotelsouldejavea.com\/wp-content\/uploads\/2025\/02\/hotel-soul-de-javea.png\",\"contentUrl\":\"https:\/\/hotelsouldejavea.com\/wp-content\/uploads\/2025\/02\/hotel-soul-de-javea.png\",\"width\":2182,\"height\":502,\"caption\":\"Hotel Soul de J\u00e1vea\"},\"image\":{\"@id\":\"https:\/\/hotelsouldejavea.com\/ru\/#\/schema\/logo\/image\/\"}}]}<\/script>\n<!-- \/ Yoast SEO plugin. -->","yoast_head_json":{"title":"\u0420\u0435\u0441\u0442\u043e\u0440\u0430\u043d - Hotel Soul de J\u00e1vea","robots":{"index":"index","follow":"follow","max-snippet":"max-snippet:-1","max-image-preview":"max-image-preview:large","max-video-preview":"max-video-preview:-1"},"canonical":"https:\/\/hotelsouldejavea.com\/ru\/%d1%80%d0%b5%d1%81%d1%82%d0%be%d1%80%d0%b0%d0%bd\/","og_locale":"ru_RU","og_type":"article","og_title":"\u0420\u0435\u0441\u0442\u043e\u0440\u0430\u043d - Hotel Soul de J\u00e1vea","og_description":"[vc_row full_width=&#187;stretch_row_content&#187; content_placement=&#187;top&#187; css=&#187;.vc_custom_1741949896010{padding-bottom: 45% !important;background-image: url(https:\/\/hotelsouldejavea.com\/wp-content\/uploads\/2023\/07\/20200716-DSC07512.jpg?id=312) !important;background-position: center !important;background-repeat: no-repeat !important;background-size: cover !important;}&#187;][vc_column][\/vc_column][\/vc_row][vc_row css=&#187;.vc_custom_1741951691992{padding-top: 2% !important;padding-right: 10% !important;padding-bottom: 2% !important;padding-left: 10% !important;}&#187;][vc_column][vc_row_inner css=&#187;.vc_custom_1741946940795{padding-top: 5% !important;background-position: center !important;background-repeat: no-repeat !important;background-size: cover !important;}&#187;][vc_column_inner][vc_column_text css=&#187;&#187;] BIENVENIDO A CASA Situado en primera l\u00ednea de playa, nuestro hotel se convierte en un lugar privilegiado para desconectar, disfrutando de comida [...]","og_url":"https:\/\/hotelsouldejavea.com\/ru\/%d1%80%d0%b5%d1%81%d1%82%d0%be%d1%80%d0%b0%d0%bd\/","og_site_name":"Hotel Soul de J\u00e1vea","article_modified_time":"2025-05-15T07:25:48+00:00","twitter_card":"summary_large_image","twitter_misc":{"\u041f\u0440\u0438\u043c\u0435\u0440\u043d\u043e\u0435 \u0432\u0440\u0435\u043c\u044f \u0434\u043b\u044f \u0447\u0442\u0435\u043d\u0438\u044f":"2 \u043c\u0438\u043d\u0443\u0442\u044b"},"schema":{"@context":"https:\/\/schema.org","@graph":[{"@type":"WebPage","@id":"https:\/\/hotelsouldejavea.com\/ru\/%d1%80%d0%b5%d1%81%d1%82%d0%be%d1%80%d0%b0%d0%bd\/","url":"https:\/\/hotelsouldejavea.com\/ru\/%d1%80%d0%b5%d1%81%d1%82%d0%be%d1%80%d0%b0%d0%bd\/","name":"\u0420\u0435\u0441\u0442\u043e\u0440\u0430\u043d - Hotel Soul de J\u00e1vea","isPartOf":{"@id":"https:\/\/hotelsouldejavea.com\/ru\/#website"},"datePublished":"2023-07-10T08:06:58+00:00","dateModified":"2025-05-15T07:25:48+00:00","breadcrumb":{"@id":"https:\/\/hotelsouldejavea.com\/ru\/%d1%80%d0%b5%d1%81%d1%82%d0%be%d1%80%d0%b0%d0%bd\/#breadcrumb"},"inLanguage":"ru-RU","potentialAction":[{"@type":"ReadAction","target":["https:\/\/hotelsouldejavea.com\/ru\/%d1%80%d0%b5%d1%81%d1%82%d0%be%d1%80%d0%b0%d0%bd\/"]}]},{"@type":"BreadcrumbList","@id":"https:\/\/hotelsouldejavea.com\/ru\/%d1%80%d0%b5%d1%81%d1%82%d0%be%d1%80%d0%b0%d0%bd\/#breadcrumb","itemListElement":[{"@type":"ListItem","position":1,"name":"Portada","item":"https:\/\/hotelsouldejavea.com\/ru\/"},{"@type":"ListItem","position":2,"name":"\u0420\u0435\u0441\u0442\u043e\u0440\u0430\u043d"}]},{"@type":"WebSite","@id":"https:\/\/hotelsouldejavea.com\/ru\/#website","url":"https:\/\/hotelsouldejavea.com\/ru\/","name":"Hotel Soul de J\u00e1vea","description":"Hotel Soul de J\u00e1vea","publisher":{"@id":"https:\/\/hotelsouldejavea.com\/ru\/#organization"},"potentialAction":[{"@type":"SearchAction","target":{"@type":"EntryPoint","urlTemplate":"https:\/\/hotelsouldejavea.com\/ru\/?s={search_term_string}"},"query-input":{"@type":"PropertyValueSpecification","valueRequired":true,"valueName":"search_term_string"}}],"inLanguage":"ru-RU"},{"@type":"Organization","@id":"https:\/\/hotelsouldejavea.com\/ru\/#organization","name":"Hotel Soul de J\u00e1vea","url":"https:\/\/hotelsouldejavea.com\/ru\/","logo":{"@type":"ImageObject","inLanguage":"ru-RU","@id":"https:\/\/hotelsouldejavea.com\/ru\/#\/schema\/logo\/image\/","url":"https:\/\/hotelsouldejavea.com\/wp-content\/uploads\/2025\/02\/hotel-soul-de-javea.png","contentUrl":"https:\/\/hotelsouldejavea.com\/wp-content\/uploads\/2025\/02\/hotel-soul-de-javea.png","width":2182,"height":502,"caption":"Hotel Soul de J\u00e1vea"},"image":{"@id":"https:\/\/hotelsouldejavea.com\/ru\/#\/schema\/logo\/image\/"}}]}},"_links":{"self":[{"href":"https:\/\/hotelsouldejavea.com\/ru\/wp-json\/wp\/v2\/pages\/4245","targetHints":{"allow":["GET"]}}],"collection":[{"href":"https:\/\/hotelsouldejavea.com\/ru\/wp-json\/wp\/v2\/pages"}],"about":[{"href":"https:\/\/hotelsouldejavea.com\/ru\/wp-json\/wp\/v2\/types\/page"}],"author":[{"embeddable":true,"href":"https:\/\/hotelsouldejavea.com\/ru\/wp-json\/wp\/v2\/users\/2"}],"replies":[{"embeddable":true,"href":"https:\/\/hotelsouldejavea.com\/ru\/wp-json\/wp\/v2\/comments?post=4245"}],"version-history":[{"count":3,"href":"https:\/\/hotelsouldejavea.com\/ru\/wp-json\/wp\/v2\/pages\/4245\/revisions"}],"predecessor-version":[{"id":4343,"href":"https:\/\/hotelsouldejavea.com\/ru\/wp-json\/wp\/v2\/pages\/4245\/revisions\/4343"}],"wp:attachment":[{"href":"https:\/\/hotelsouldejavea.com\/ru\/wp-json\/wp\/v2\/media?parent=4245"}],"curies":[{"name":"wp","href":"https:\/\/api.w.org\/{rel}","templated":true}]}}