{"id":4130,"date":"2023-07-12T16:46:48","date_gmt":"2023-07-12T16:46:48","guid":{"rendered":"https:\/\/hotelsouldejavea.com\/?page_id=4130"},"modified":"2025-05-12T11:54:42","modified_gmt":"2025-05-12T11:54:42","slug":"nota-legale","status":"publish","type":"page","link":"https:\/\/hotelsouldejavea.com\/it\/nota-legale\/","title":{"rendered":"Nota legale"},"content":{"rendered":"<div class=\"wpb-content-wrapper\">[vc_row][vc_column][vc_column_text css=&#8221;&#8221;]\n<h1>NOTA LEGALE<\/h1>\n<p><strong>hotelsouldejavea.com<\/strong> (di seguito, il Sito Web) \u00e8 un dominio internet di propriet\u00e0 di:<\/p>\n<p><strong>CLEARSTREAM ESPA\u00d1A S.A (Hotel Soul de J\u00e1vea)<\/strong><br \/>\n<strong>CALLE PRIMER MONTA\u00d1AR S\/N<\/strong><br \/>\n<strong>03730 J\u00c1VEA<\/strong><br \/>\n<strong>Alicante, Spagna<\/strong><br \/>\n<strong>NIF: A03250198<\/strong><br \/>\nIl Sito Web mette a disposizione di tutti gli utenti il portale web, alle condizioni descritte di seguito:<\/p>\n<p><strong>Prima.- Definizione di utente.<\/strong><br \/>\nL&#8217;accesso e\/o l&#8217;utilizzo del Sito Web attribuisce a chi lo effettua la condizione di utente, accettando da quel momento e senza riserve le presenti Condizioni Generali, fatte salve eventuali Condizioni Particolari che CLEARSTREAM ESPA\u00d1A S.A (Hotel Soul de J\u00e1vea) potr\u00e0 stabilire per la regolamentazione di determinati servizi e\/o contenuti.<\/p>\n<p>Nel caso in cui l\u2019utente sia minorenne, dovr\u00e0 ottenere previamente il permesso dei genitori, tutori o rappresentanti legali, i quali saranno ritenuti responsabili, a tutti gli effetti, per gli atti compiuti dai minori a loro carico.<\/p>\n<p><strong>Seconda.- Obblighi dell\u2019utente.<\/strong><br \/>\nL\u2019utente si impegna a utilizzare il Sito Web conformemente alla normativa vigente, alla buona fede, all\u2019ordine pubblico e agli usi generalmente accettati.<\/p>\n<p>Inoltre, l\u2019utente si impegna a non utilizzare il Sito Web per scopi illeciti o dannosi per i diritti e\/o interessi di CLEARSTREAM ESPA\u00d1A S.A (Hotel Soul de J\u00e1vea) e\/o di terzi, e a non causare danni o impedire il normale funzionamento del Sito Web.<\/p>\n<p><strong>Terza.- Responsabilit\u00e0 dell\u2019utente.<\/strong><br \/>\nL\u2019utilizzo del Sito Web \u00e8 di esclusiva responsabilit\u00e0 dell\u2019utente, che manterr\u00e0 in ogni caso indenne CLEARSTREAM ESPA\u00d1A S.A (Hotel Soul de J\u00e1vea) da qualsiasi danno e\/o pregiudizio diretto o indiretto derivante dalla mancata osservanza delle presenti Condizioni Generali da parte dell\u2019utente.<\/p>\n<p>A tal fine, CLEARSTREAM ESPA\u00d1A S.A (Hotel Soul de J\u00e1vea) si riserva il diritto di negare l\u2019accesso e\/o l\u2019uso del Sito Web o di qualsiasi dei suoi contenuti e\/o servizi a qualsiasi utente che violi le presenti Condizioni Generali.<\/p>\n<p><strong>Quarta.- Responsabilit\u00e0 di CLEARSTREAM ESPA\u00d1A S.A (Hotel Soul de J\u00e1vea).<\/strong><br \/>\nCLEARSTREAM ESPA\u00d1A S.A (Hotel Soul de J\u00e1vea) non sar\u00e0 responsabile per eventuali danni e\/o pregiudizi di qualsiasi natura che l\u2019utente o terzi possano subire derivanti da:<\/p>\n<p>(i) la mancanza di disponibilit\u00e0, manutenzione o funzionamento effettivo del Sito Web, dei suoi servizi o dei suoi contenuti;<br \/>\n(ii) la mancanza di utilit\u00e0, veridicit\u00e0, adeguatezza o validit\u00e0 del Sito Web, dei suoi servizi o contenuti per soddisfare le necessit\u00e0 o aspettative dell\u2019utente;<br \/>\n(iii) l\u2019utilizzo del Sito Web, dei suoi contenuti o servizi da parte di terzi che violano le misure di sicurezza stabilite da CLEARSTREAM ESPA\u00d1A S.A (Hotel Soul de J\u00e1vea) per l\u2019invio di virus, o l\u2019accesso non autorizzato ai dati memorizzati;<br \/>\n(iv) e, in generale, da qualsiasi utilizzo del Sito Web, dei suoi servizi e\/o contenuti da parte dell\u2019utente o di terzi contrario alle Condizioni d\u2019accesso e uso stabilite da CLEARSTREAM ESPA\u00d1A S.A (Hotel Soul de J\u00e1vea).<\/p>\n<p><strong>Quinta.- Autorizzazione all\u2019uso dei contenuti.<\/strong><br \/>\nI contenuti messi a disposizione da CLEARSTREAM ESPA\u00d1A S.A (Hotel Soul de J\u00e1vea) sono protetti dai diritti di propriet\u00e0 intellettuale e sono stati legalmente concessi dagli aventi diritto per gli scopi previsti.<\/p>\n<p>CLEARSTREAM ESPA\u00d1A S.A (Hotel Soul de J\u00e1vea) autorizza l\u2019utente all\u2019uso dei contenuti esclusivamente per le finalit\u00e0 esplicitamente previste dal Sito Web o dalle presenti Condizioni Generali. \u00c8 vietata la riproduzione, distribuzione, modifica o comunicazione pubblica, totale o parziale, salvo previa autorizzazione scritta di CLEARSTREAM ESPA\u00d1A S.A (Hotel Soul de J\u00e1vea).<\/p>\n<p><strong>Sesta.- Trattamento dei dati personali.<\/strong><br \/>\nCLEARSTREAM ESPA\u00d1A S.A (Hotel Soul de J\u00e1vea) ha stabilito una Politica sulla Privacy che regola la raccolta, la conservazione, il trattamento e l\u2019uso dei dati personali forniti dagli utenti. A tale proposito, l\u2019entit\u00e0 garantisce il rispetto di tale politica, consultabile attraverso il link \u201cPolitica sulla Privacy\u201d presente nella sezione Informazioni.<\/p>\n<p><strong>Settima.- Elenco di collegamenti.<\/strong><br \/>\nI dispositivi di collegamento messi a disposizione da CLEARSTREAM ESPA\u00d1A S.A (Hotel Soul de J\u00e1vea) hanno il solo scopo di facilitare l\u2019accesso ad altri contenuti e\/o servizi potenzialmente di interesse per l\u2019utente. Tali contenuti non sono gestiti n\u00e9 controllati da CLEARSTREAM ESPA\u00d1A S.A (Hotel Soul de J\u00e1vea) e la societ\u00e0 non \u00e8 responsabile della liceit\u00e0, veridicit\u00e0, utilit\u00e0, qualit\u00e0 o affidabilit\u00e0 degli stessi, anche se accessibili tramite il Sito Web.<\/p>\n<p><strong>Ottava.- Modifica e cancellazione delle presenti Condizioni.<\/strong><br \/>\nCLEARSTREAM ESPA\u00d1A S.A (Hotel Soul de J\u00e1vea) si riserva il diritto di modificare, totalmente o parzialmente, il Sito Web, il suo design, i contenuti e\/o i servizi, cos\u00ec come le presenti Condizioni, quando lo ritenga opportuno.<\/p>\n<p>Allo stesso modo, si riserva il diritto di interrompere, sospendere temporaneamente o cancellare definitivamente il Sito Web o qualsiasi dei suoi contenuti e\/o servizi, a sua esclusiva discrezione.<\/p>\n<h1>INFORMATIVA SULLA PRIVACY<\/h1>\n<p><strong>Protezione dei dati personali.<\/strong><\/p>\n<p>La comunicazione con <strong>CLEARSTREAM ESPA\u00d1A S.A<\/strong> <strong>(Hotel Soul de J\u00e1vea)<\/strong> tramite l&#8217;indirizzo e-mail reservas@hotelsouldejavea.com implica il consenso espresso all\u2019inserimento dei tuoi dati personali nei file di <strong>CLEARSTREAM ESPA\u00d1A S.A<\/strong> <strong>(Hotel Soul de J\u00e1vea)<\/strong>.<\/p>\n<p>Tali dati saranno trattati sotto la responsabilit\u00e0 dell&#8217;azienda al fine di informare i clienti sui prodotti richiesti attraverso il sito web predisposto, per eventuali future selezioni di personale (se questo \u00e8 lo scopo della comunicazione), o per altri scopi di comunicazione commerciale. L\u2019interessato pu\u00f2 esercitare i propri diritti di accesso, rettifica, cancellazione, opposizione, portabilit\u00e0 e limitazione del trattamento dei propri dati personali, o revocare il consenso prestato in qualsiasi momento, per iscritto (in conformit\u00e0 al Regolamento Generale sulla Protezione dei Dati \u2013 RGPD \u2013 e al Regio Decreto 1720\/2007 del 21 dicembre).<\/p>\n<p><strong>Rilevamento delle visite (uso dei cookie).<\/strong><\/p>\n<p>Il sito web hotelsouldejavea.com utilizza cookie propri, cookie di sessione, cookie persistenti e cookie di Google Analytics. Un cookie \u00e8 un&#8217;informazione inviata dal server web e memorizzata nel browser dell\u2019utente. Ogni volta che si effettua una richiesta al server, il cookie viene rispedito per identificare l\u2019utente o ottenere informazioni. L&#8217;utente pu\u00f2 rifiutare l&#8217;uso dei cookie o configurare il proprio browser per bloccarli o eliminarli. Puoi consultare ulteriori informazioni nella nostra <strong><em>Politica sui cookie<\/em><\/strong><em>.<\/em><\/p>\n<p><strong>Link.<\/strong><\/p>\n<p>La presente informativa sulla privacy si applica solo al sito web di <strong>CLEARSTREAM ESPA\u00d1A S.A<\/strong> <strong>(Hotel Soul de J\u00e1vea)<\/strong>.<\/p>\n<p><strong>Contenuti del sito web.<\/strong><\/p>\n<p>\u00c8 vietata qualsiasi riproduzione, anche parziale, dei contenuti di questo sito web su qualsiasi supporto, senza l&#8217;autorizzazione espressa di <strong>CLEARSTREAM ESPA\u00d1A S.A<\/strong> <strong>(Hotel Soul de J\u00e1vea)<\/strong>.<\/p>\n<h1>POLITICA DEI COOKIE<\/h1>\n<p>Accedendo, utilizzando o navigando su questo sito web, accetti le condizioni generali di utilizzo descritte nel nostro avviso legale (comprese le politiche di privacy e cookie). Grazie per aver visitato il nostro sito. Vogliamo che la tua esperienza sia il pi\u00f9 piacevole possibile. Per questo motivo, abbiamo redatto questa politica dei cookie nel modo pi\u00f9 trasparente possibile.<\/p>\n<p><strong>Che cos&#8217;\u00e8 un cookie?<\/strong><\/p>\n<p>I cookie sono piccoli file informativi che vengono scaricati sul tuo dispositivo quando visiti un sito web. Il loro scopo principale \u00e8 riconoscere l\u2019utente ogni volta che accede a hotelsouldejavea.com, migliorando la qualit\u00e0 e l\u2019usabilit\u00e0 del sito.<\/p>\n<p>I cookie sono essenziali per il corretto funzionamento di Internet; non possono danneggiare il tuo dispositivo. Se abilitati nel tuo browser, ci aiutano a rilevare e correggere eventuali errori su <b>hotelsouldejavea.com<\/b>.<\/p>\n<p><strong>Tipi di cookie<\/strong><\/p>\n<ul>\n<li><strong><u>Cookie di sessione<\/u><\/strong>: Validi solo durante la visita, vengono eliminati alla chiusura del browser. Consentono di identificare il dispositivo, supportano la sicurezza e garantiscono il corretto funzionamento del sito. Non contengono informazioni personali.<\/li>\n<li><strong><u>Cookie permanenti<\/u><\/strong>: Vengono memorizzati sul disco rigido e letti a ogni nuova visita. Hanno una data di scadenza e permettono di riconoscere le preferenze dell\u2019utente, analizzare le visite e migliorare i nostri servizi.<\/li>\n<li><strong><u>Cookie funzionali<\/u><\/strong>: Permettono a <b>hotelsouldejavea.com<\/b> di ricordare le scelte effettuate dall\u2019utente (es. nome utente). Le informazioni raccolte sono anonime.<\/li>\n<li><strong><u>Cookie di terze parti<\/u><\/strong>: Installati da altri siti web (es. Facebook, Google Maps). Alcuni di questi cookie tracciano la navigazione su altri siti (pubblicit\u00e0).<\/li>\n<li><strong><u>Cookie analitici<\/u><\/strong>: Servono per la manutenzione continua del sito. Raccolgono dati sull&#8217;attivit\u00e0 dell\u2019utente per migliorare l\u2019esperienza di navigazione.<\/li>\n<\/ul>\n<p><strong>Uso dei cookie su <b>hotelsouldejavea.com<\/b><\/strong><\/p>\n<p>Accedendo a <b>hotelsouldejavea.com<\/b>, accetti espressamente l\u2019uso dei cookie. Se li disattivi, la navigazione potrebbe non essere ottimale e alcune funzionalit\u00e0 del sito potrebbero non funzionare correttamente.<\/p>\n<p><strong>a) Cookie propri<\/strong><\/p>\n<p>Il nostro sito web utilizza cookie propri per migliorare il servizio e riconoscerti in visite successive. I cookie aiutano a personalizzare i contenuti, ottenere informazioni sulle visite precedenti, analizzare il traffico e migliorare la nostra offerta.<\/p>\n<p>Questi cookie non permettono di contattarti n\u00e9 di estrarre dati dal tuo disco rigido.<\/p>\n<p><strong>b) Cookie di terze parti<\/strong><\/p>\n<p>Google Analytics:<\/p>\n<table>\n<thead>\n<tr>\n<th>NOME COOKIE<\/th>\n<th>DURATA<\/th>\n<th>DESCRIZIONE<\/th>\n<\/tr>\n<\/thead>\n<tbody>\n<tr>\n<td><code>__utma<\/code><\/td>\n<td>2 anni<\/td>\n<td>Distingue utenti e sessioni. Creato alla prima visita se non esiste gi\u00e0.<\/td>\n<\/tr>\n<tr>\n<td><code>__utmt<\/code><\/td>\n<td>10 minuti<\/td>\n<td>Utilizzato per limitare la frequenza delle richieste.<\/td>\n<\/tr>\n<tr>\n<td><code>__utmb<\/code><\/td>\n<td>30 minuti<\/td>\n<td>Determina nuove sessioni o visite.<\/td>\n<\/tr>\n<tr>\n<td><code>__utmc<\/code><\/td>\n<td>Fine sessione<\/td>\n<td>Usato con urchin.js per identificare nuove sessioni.<\/td>\n<\/tr>\n<tr>\n<td><code>__utmz<\/code><\/td>\n<td>6 mesi<\/td>\n<td>Memorizza la provenienza dell\u2019utente (motore di ricerca, link, campagna).<\/td>\n<\/tr>\n<tr>\n<td><code>__utmv<\/code><\/td>\n<td>2 anni<\/td>\n<td>Contiene dati personalizzati del visitatore (via _setCustomVar).<\/td>\n<\/tr>\n<\/tbody>\n<\/table>\n<p>Google Maps, YouTube, ShareThis, Wordfence:<\/p>\n<table>\n<thead>\n<tr>\n<th>NOME COOKIE<\/th>\n<th>DURATA<\/th>\n<th>DESCRIZIONE<\/th>\n<\/tr>\n<\/thead>\n<tbody>\n<tr>\n<td><code>maps.google.es<\/code><\/td>\n<td>Sessione<\/td>\n<td>Dati di geolocalizzazione<\/td>\n<\/tr>\n<tr>\n<td><code>youtube<\/code><\/td>\n<td>Permanente<\/td>\n<td>Preferenze di visualizzazione video YouTube<\/td>\n<\/tr>\n<tr>\n<td><code>wordfence_verifiedHumans<\/code><\/td>\n<td>24 ore<\/td>\n<td>Distingue utenti reali da bot (Wordfence \u2013 sicurezza per WordPress).<\/td>\n<\/tr>\n<tr>\n<td><code>ShareThis<\/code><\/td>\n<td>Fine sessione<\/td>\n<td>Statistiche di condivisione nei social network.<\/td>\n<\/tr>\n<\/tbody>\n<\/table>\n<p>Su <b>hotelsouldejavea.com<\/b>, ti forniamo \u2013 in conformit\u00e0 alla normativa vigente \u2013 informazioni per configurare il tuo browser al fine di proteggere la tua privacy. Di seguito trovi i link alle pagine ufficiali di supporto dei browser pi\u00f9 comuni, per decidere se accettare o meno i cookie.<br \/>\n[\/vc_column_text][\/vc_column][\/vc_row]\n<\/div>","protected":false},"excerpt":{"rendered":"[vc_row][vc_column][vc_column_text css=&#8221;&#8221;] NOTA LEGALE hotelsouldejavea.com (di seguito, il Sito Web) \u00e8 un dominio internet di propriet\u00e0 di: CLEARSTREAM ESPA\u00d1A S.A (Hotel Soul de J\u00e1vea) CALLE PRIMER MONTA\u00d1AR S\/N 03730 J\u00c1VEA Alicante, Spagna NIF: A03250198 Il Sito Web mette a disposizione di tutti gli utenti il portale web, alle condizioni descritte di seguito: Prima.- Definizione di [&#8230;]\n","protected":false},"author":2,"featured_media":0,"parent":0,"menu_order":0,"comment_status":"closed","ping_status":"closed","template":"","meta":{"footnotes":""},"class_list":["post-4130","page","type-page","status-publish","hentry"],"yoast_head":"<!-- This site is optimized with the Yoast SEO plugin v24.8.1 - https:\/\/yoast.com\/wordpress\/plugins\/seo\/ -->\n<title>Nota legale - Hotel Soul de J\u00e1vea<\/title>\n<meta name=\"robots\" content=\"noindex, nofollow\" \/>\n<meta property=\"og:locale\" content=\"it_IT\" \/>\n<meta property=\"og:type\" content=\"article\" \/>\n<meta property=\"og:title\" content=\"Nota legale - Hotel Soul de J\u00e1vea\" \/>\n<meta property=\"og:description\" content=\"[vc_row][vc_column][vc_column_text css=&#8221;&#8221;] NOTA LEGALE hotelsouldejavea.com (di seguito, il Sito Web) \u00e8 un dominio internet di propriet\u00e0 di: CLEARSTREAM ESPA\u00d1A S.A (Hotel Soul de J\u00e1vea) CALLE PRIMER MONTA\u00d1AR S\/N 03730 J\u00c1VEA Alicante, Spagna NIF: A03250198 Il Sito Web mette a disposizione di tutti gli utenti il portale web, alle condizioni descritte di seguito: Prima.- Definizione di [...]\" \/>\n<meta property=\"og:url\" content=\"https:\/\/hotelsouldejavea.com\/it\/nota-legale\/\" \/>\n<meta property=\"og:site_name\" content=\"Hotel Soul de J\u00e1vea\" \/>\n<meta property=\"article:modified_time\" content=\"2025-05-12T11:54:42+00:00\" \/>\n<meta name=\"twitter:card\" content=\"summary_large_image\" \/>\n<meta name=\"twitter:label1\" content=\"Tempo di lettura stimato\" \/>\n\t<meta name=\"twitter:data1\" content=\"7 minuti\" \/>\n<script type=\"application\/ld+json\" class=\"yoast-schema-graph\">{\"@context\":\"https:\/\/schema.org\",\"@graph\":[{\"@type\":\"WebPage\",\"@id\":\"https:\/\/hotelsouldejavea.com\/it\/nota-legale\/\",\"url\":\"https:\/\/hotelsouldejavea.com\/it\/nota-legale\/\",\"name\":\"Nota legale - Hotel Soul de J\u00e1vea\",\"isPartOf\":{\"@id\":\"https:\/\/hotelsouldejavea.com\/it\/#website\"},\"datePublished\":\"2023-07-12T16:46:48+00:00\",\"dateModified\":\"2025-05-12T11:54:42+00:00\",\"breadcrumb\":{\"@id\":\"https:\/\/hotelsouldejavea.com\/it\/nota-legale\/#breadcrumb\"},\"inLanguage\":\"it-IT\",\"potentialAction\":[{\"@type\":\"ReadAction\",\"target\":[\"https:\/\/hotelsouldejavea.com\/it\/nota-legale\/\"]}]},{\"@type\":\"BreadcrumbList\",\"@id\":\"https:\/\/hotelsouldejavea.com\/it\/nota-legale\/#breadcrumb\",\"itemListElement\":[{\"@type\":\"ListItem\",\"position\":1,\"name\":\"Portada\",\"item\":\"https:\/\/hotelsouldejavea.com\/it\/\"},{\"@type\":\"ListItem\",\"position\":2,\"name\":\"Nota legale\"}]},{\"@type\":\"WebSite\",\"@id\":\"https:\/\/hotelsouldejavea.com\/it\/#website\",\"url\":\"https:\/\/hotelsouldejavea.com\/it\/\",\"name\":\"Hotel Soul de J\u00e1vea\",\"description\":\"Hotel Soul de J\u00e1vea\",\"publisher\":{\"@id\":\"https:\/\/hotelsouldejavea.com\/it\/#organization\"},\"potentialAction\":[{\"@type\":\"SearchAction\",\"target\":{\"@type\":\"EntryPoint\",\"urlTemplate\":\"https:\/\/hotelsouldejavea.com\/it\/?s={search_term_string}\"},\"query-input\":{\"@type\":\"PropertyValueSpecification\",\"valueRequired\":true,\"valueName\":\"search_term_string\"}}],\"inLanguage\":\"it-IT\"},{\"@type\":\"Organization\",\"@id\":\"https:\/\/hotelsouldejavea.com\/it\/#organization\",\"name\":\"Hotel Soul de J\u00e1vea\",\"url\":\"https:\/\/hotelsouldejavea.com\/it\/\",\"logo\":{\"@type\":\"ImageObject\",\"inLanguage\":\"it-IT\",\"@id\":\"https:\/\/hotelsouldejavea.com\/it\/#\/schema\/logo\/image\/\",\"url\":\"https:\/\/hotelsouldejavea.com\/wp-content\/uploads\/2025\/02\/hotel-soul-de-javea.png\",\"contentUrl\":\"https:\/\/hotelsouldejavea.com\/wp-content\/uploads\/2025\/02\/hotel-soul-de-javea.png\",\"width\":2182,\"height\":502,\"caption\":\"Hotel Soul de J\u00e1vea\"},\"image\":{\"@id\":\"https:\/\/hotelsouldejavea.com\/it\/#\/schema\/logo\/image\/\"}}]}<\/script>\n<!-- \/ Yoast SEO plugin. -->","yoast_head_json":{"title":"Nota legale - Hotel Soul de J\u00e1vea","robots":{"index":"noindex","follow":"nofollow"},"og_locale":"it_IT","og_type":"article","og_title":"Nota legale - Hotel Soul de J\u00e1vea","og_description":"[vc_row][vc_column][vc_column_text css=&#8221;&#8221;] NOTA LEGALE hotelsouldejavea.com (di seguito, il Sito Web) \u00e8 un dominio internet di propriet\u00e0 di: CLEARSTREAM ESPA\u00d1A S.A (Hotel Soul de J\u00e1vea) CALLE PRIMER MONTA\u00d1AR S\/N 03730 J\u00c1VEA Alicante, Spagna NIF: A03250198 Il Sito Web mette a disposizione di tutti gli utenti il portale web, alle condizioni descritte di seguito: Prima.- Definizione di [...]","og_url":"https:\/\/hotelsouldejavea.com\/it\/nota-legale\/","og_site_name":"Hotel Soul de J\u00e1vea","article_modified_time":"2025-05-12T11:54:42+00:00","twitter_card":"summary_large_image","twitter_misc":{"Tempo di lettura stimato":"7 minuti"},"schema":{"@context":"https:\/\/schema.org","@graph":[{"@type":"WebPage","@id":"https:\/\/hotelsouldejavea.com\/it\/nota-legale\/","url":"https:\/\/hotelsouldejavea.com\/it\/nota-legale\/","name":"Nota legale - Hotel Soul de J\u00e1vea","isPartOf":{"@id":"https:\/\/hotelsouldejavea.com\/it\/#website"},"datePublished":"2023-07-12T16:46:48+00:00","dateModified":"2025-05-12T11:54:42+00:00","breadcrumb":{"@id":"https:\/\/hotelsouldejavea.com\/it\/nota-legale\/#breadcrumb"},"inLanguage":"it-IT","potentialAction":[{"@type":"ReadAction","target":["https:\/\/hotelsouldejavea.com\/it\/nota-legale\/"]}]},{"@type":"BreadcrumbList","@id":"https:\/\/hotelsouldejavea.com\/it\/nota-legale\/#breadcrumb","itemListElement":[{"@type":"ListItem","position":1,"name":"Portada","item":"https:\/\/hotelsouldejavea.com\/it\/"},{"@type":"ListItem","position":2,"name":"Nota legale"}]},{"@type":"WebSite","@id":"https:\/\/hotelsouldejavea.com\/it\/#website","url":"https:\/\/hotelsouldejavea.com\/it\/","name":"Hotel Soul de J\u00e1vea","description":"Hotel Soul de J\u00e1vea","publisher":{"@id":"https:\/\/hotelsouldejavea.com\/it\/#organization"},"potentialAction":[{"@type":"SearchAction","target":{"@type":"EntryPoint","urlTemplate":"https:\/\/hotelsouldejavea.com\/it\/?s={search_term_string}"},"query-input":{"@type":"PropertyValueSpecification","valueRequired":true,"valueName":"search_term_string"}}],"inLanguage":"it-IT"},{"@type":"Organization","@id":"https:\/\/hotelsouldejavea.com\/it\/#organization","name":"Hotel Soul de J\u00e1vea","url":"https:\/\/hotelsouldejavea.com\/it\/","logo":{"@type":"ImageObject","inLanguage":"it-IT","@id":"https:\/\/hotelsouldejavea.com\/it\/#\/schema\/logo\/image\/","url":"https:\/\/hotelsouldejavea.com\/wp-content\/uploads\/2025\/02\/hotel-soul-de-javea.png","contentUrl":"https:\/\/hotelsouldejavea.com\/wp-content\/uploads\/2025\/02\/hotel-soul-de-javea.png","width":2182,"height":502,"caption":"Hotel Soul de J\u00e1vea"},"image":{"@id":"https:\/\/hotelsouldejavea.com\/it\/#\/schema\/logo\/image\/"}}]}},"_links":{"self":[{"href":"https:\/\/hotelsouldejavea.com\/it\/wp-json\/wp\/v2\/pages\/4130","targetHints":{"allow":["GET"]}}],"collection":[{"href":"https:\/\/hotelsouldejavea.com\/it\/wp-json\/wp\/v2\/pages"}],"about":[{"href":"https:\/\/hotelsouldejavea.com\/it\/wp-json\/wp\/v2\/types\/page"}],"author":[{"embeddable":true,"href":"https:\/\/hotelsouldejavea.com\/it\/wp-json\/wp\/v2\/users\/2"}],"replies":[{"embeddable":true,"href":"https:\/\/hotelsouldejavea.com\/it\/wp-json\/wp\/v2\/comments?post=4130"}],"version-history":[{"count":3,"href":"https:\/\/hotelsouldejavea.com\/it\/wp-json\/wp\/v2\/pages\/4130\/revisions"}],"predecessor-version":[{"id":4284,"href":"https:\/\/hotelsouldejavea.com\/it\/wp-json\/wp\/v2\/pages\/4130\/revisions\/4284"}],"wp:attachment":[{"href":"https:\/\/hotelsouldejavea.com\/it\/wp-json\/wp\/v2\/media?parent=4130"}],"curies":[{"name":"wp","href":"https:\/\/api.w.org\/{rel}","templated":true}]}}