{"id":4084,"date":"2023-07-10T08:06:58","date_gmt":"2023-07-10T08:06:58","guid":{"rendered":"https:\/\/hotelsouldejavea.com\/?page_id=4084"},"modified":"2025-05-08T11:42:24","modified_gmt":"2025-05-08T11:42:24","slug":"ristorante","status":"publish","type":"page","link":"https:\/\/hotelsouldejavea.com\/it\/ristorante\/","title":{"rendered":"Ristorante"},"content":{"rendered":"<div class=\"wpb-content-wrapper\">[vc_row full_width=&#8221;stretch_row_content&#8221; content_placement=&#8221;top&#8221; css=&#8221;.vc_custom_1741949896010{padding-bottom: 45% !important;background-image: url(https:\/\/hotelsouldejavea.com\/wp-content\/uploads\/2023\/07\/20200716-DSC07512.jpg?id=312) !important;background-position: center !important;background-repeat: no-repeat !important;background-size: cover !important;}&#8221;][vc_column][\/vc_column][\/vc_row][vc_row css=&#8221;.vc_custom_1741951691992{padding-top: 2% !important;padding-right: 10% !important;padding-bottom: 2% !important;padding-left: 10% !important;}&#8221;][vc_column][vc_row_inner css=&#8221;.vc_custom_1741946940795{padding-top: 5% !important;background-position: center !important;background-repeat: no-repeat !important;background-size: cover !important;}&#8221;][vc_column_inner][vc_column_text css=&#8221;&#8221;]\n<div class=\"wpb_text_column wpb_content_element \">\n<div class=\"wpb_wrapper\">\n<h2 style=\"text-align: justify;\"><span style=\"color: #525252; font-size: 150%;\">BIENVENIDO A CASA<\/span><\/h2>\n<p style=\"text-align: justify;\">Situado en primera l\u00ednea de playa, nuestro hotel se convierte en un lugar privilegiado para desconectar, disfrutando de comida fresca en nuestra terraza con vistas al mar.<\/p>\n<p style=\"text-align: justify;\">Disfrute de nuestro men\u00fa por 23\u202f\u20ac (bebida no incluida) o de nuestra carta frente a una de las ubicaciones m\u00e1s privilegiadas de todo J\u00e1vea. Pregunte por nuestras opciones vegetarianas, veganas o pregunte con intolerancias alimentarias.<\/p>\n<p style=\"text-align: justify;\">O si lo prefiere desayune por 15\u202f\u20ac en nuestra fant\u00e1stica terraza, tenemos buffet continental y carta con desayunos que le sorprender\u00e1n.<\/p>\n<p style=\"text-align: justify;\">En nombre de todo el personal, le damos la bienvenida a su casa de J\u00e1vea.<\/p>\n<p style=\"text-align: justify;\">\u00a1D\u00e9jese mimar y disfrute de unas maravillosas vacaciones!<\/p>\n<\/div>\n<\/div>\n[\/vc_column_text][vc_empty_space][vc_btn style=&#8221;outline-custom&#8221; outline_custom_color=&#8221;#20BEC9&#8243; outline_custom_hover_background=&#8221;#20BEC9&#8243; shape=&#8221;square&#8221; align=&#8221;center&#8221; css=&#8221;&#8221; button_block=&#8221;true&#8221; link=&#8221;url:https%3A%2F%2Fhotelsouldejavea.com%2Fit%2Fcontatto%2F|title:RESERVA%20YA|target:_blank|&#8221; title=&#8221;HAZ TU RESERVA&#8221;][vc_empty_space][\/vc_column_inner][\/vc_row_inner][\/vc_column][\/vc_row][vc_row css=&#8221;.vc_custom_1741951702591{padding-top: 2% !important;padding-right: 10% !important;padding-bottom: 3% !important;padding-left: 10% !important;}&#8221;][vc_column][vc_row_inner gap=&#8221;30&#8243;][vc_column_inner width=&#8221;1\/2&#8243;][vc_column_text css=&#8221;&#8221;]\n<div class=\"wpb_text_column wpb_content_element \">\n<div class=\"wpb_wrapper\">\n<h2><strong><span style=\"font-size: 100%; color: #525252;\">MEN\u00da RESTAURANTE<\/span><\/strong><\/h2>\n<p style=\"text-align: justify;\">Restaurante Soul de J\u00e1vea lanza una exclusiva propuesta gastron\u00f3mica basada en un concepto culinario contempor\u00e1neo, progresivo, de estilo libre, basado en nuestro querido Mediterr\u00e1neo, una cocina viajera, pero sin renunciar a los productos de la zona.<\/p>\n<\/div>\n<\/div>\n[\/vc_column_text][\/vc_column_inner][vc_column_inner width=&#8221;1\/2&#8243;][vc_column_text css=&#8221;&#8221;]\n<div class=\"wpb_text_column wpb_content_element \">\n<div class=\"wpb_wrapper\">\n<h2><span style=\"color: #525252;\"><strong>MEN\u00da INFANTIL<\/strong><\/span><\/h2>\n<p style=\"text-align: justify;\">Sabemos que los m\u00e1s peque\u00f1os disfrutan con los sabores de siempre por eso elaboramos un men\u00fa sencillo para que los peque\u00f1os disfruten del placer de la cocina adaptando los men\u00fas a las preferencias gastron\u00f3micas del p\u00fablico infantil.<\/p>\n<\/div>\n<\/div>\n[\/vc_column_text][\/vc_column_inner][\/vc_row_inner][vc_row_inner gap=&#8221;30&#8243;][vc_column_inner width=&#8221;1\/2&#8243;][vc_single_image image=&#8221;3053&#8243; css=&#8221;&#8221; img_size=&#8221;large&#8221;][\/vc_column_inner][vc_column_inner width=&#8221;1\/2&#8243;][vc_single_image image=&#8221;3055&#8243; css=&#8221;&#8221; img_size=&#8221;large&#8221;][\/vc_column_inner][\/vc_row_inner][vc_empty_space][vc_row_inner gap=&#8221;30&#8243; css=&#8221;.vc_custom_1741948955140{padding-top: 2% !important;}&#8221;][vc_column_inner width=&#8221;1\/2&#8243;][vc_column_text css=&#8221;&#8221;]\n<div class=\"wpb_text_column wpb_content_element \">\n<div class=\"wpb_wrapper\">\n<h2><span style=\"color: #525252;\"><strong>SKY-BAR<\/strong><\/span><\/h2>\n<p style=\"text-align: justify;\">Nuestro bar abre de d\u00eda y de noche. Por el d\u00eda podr\u00e1s disfrutar de los mejores c\u00f3cteles mientras te refrescas en la piscina, y por la noche podr\u00e1s disfrutar de la brisa marina en nuestra terraza con vistas al mar mediterr\u00e1neo.<\/p>\n<\/div>\n<\/div>\n[\/vc_column_text][\/vc_column_inner][vc_column_inner width=&#8221;1\/2&#8243;][vc_column_text css=&#8221;&#8221;]\n<div class=\"wpb_text_column wpb_content_element \">\n<div class=\"wpb_wrapper\">\n<h2><span style=\"color: #525252;\"><strong>MEN\u00da DESAYUNO<\/strong><\/span><\/h2>\n<p style=\"text-align: justify;\">El desayuno es la comida m\u00e1s importante del d\u00eda, por eso cuidamos los desayunos ofreciendo ingredientes naturales, frescos y de cercan\u00eda. Boller\u00eda artesanal y productos t\u00edpicos mediterr\u00e1neos.<\/p>\n<\/div>\n<\/div>\n[\/vc_column_text][\/vc_column_inner][\/vc_row_inner][vc_row_inner gap=&#8221;30&#8243;][vc_column_inner width=&#8221;1\/2&#8243;][vc_single_image image=&#8221;3067&#8243; css=&#8221;&#8221; img_size=&#8221;large&#8221;][\/vc_column_inner][vc_column_inner width=&#8221;1\/2&#8243;][vc_single_image image=&#8221;3069&#8243; css=&#8221;&#8221; img_size=&#8221;large&#8221;][\/vc_column_inner][\/vc_row_inner][vc_empty_space][vc_btn style=&#8221;outline-custom&#8221; outline_custom_color=&#8221;#20BEC9&#8243; outline_custom_hover_background=&#8221;#20BEC9&#8243; shape=&#8221;square&#8221; align=&#8221;center&#8221; css=&#8221;&#8221; button_block=&#8221;true&#8221; link=&#8221;url:https%3A%2F%2Fhotelsouldejavea.com%2Fit%2Fcontatto%2F|title:RESERVA%20YA|target:_blank|&#8221; title=&#8221;HAZ TU RESERVA&#8221;][vc_empty_space][vc_empty_space][vc_row_inner][vc_column_inner][vc_column_text css=&#8221;&#8221;]\n<div id='gallery-1' class='gallery galleryid-4084 gallery-columns-7 gallery-size-thumbnail'><figure class='gallery-item'>\n\t\t\t<div class='gallery-icon landscape'>\n\t\t\t\t<a href='https:\/\/hotelsouldejavea.com\/wp-content\/uploads\/2023\/07\/20200716-DSC07512.jpg'><img loading=\"lazy\" decoding=\"async\" width=\"150\" height=\"150\" src=\"https:\/\/hotelsouldejavea.com\/wp-content\/uploads\/2023\/07\/20200716-DSC07512-150x150.jpg\" class=\"attachment-thumbnail size-thumbnail\" alt=\"\" \/><\/a>\n\t\t\t<\/div><\/figure><figure class='gallery-item'>\n\t\t\t<div class='gallery-icon landscape'>\n\t\t\t\t<a href='https:\/\/hotelsouldejavea.com\/wp-content\/uploads\/2023\/07\/20200716-DSC07514.jpg'><img loading=\"lazy\" decoding=\"async\" width=\"150\" height=\"150\" src=\"https:\/\/hotelsouldejavea.com\/wp-content\/uploads\/2023\/07\/20200716-DSC07514-150x150.jpg\" class=\"attachment-thumbnail size-thumbnail\" alt=\"\" \/><\/a>\n\t\t\t<\/div><\/figure><figure class='gallery-item'>\n\t\t\t<div class='gallery-icon landscape'>\n\t\t\t\t<a href='https:\/\/hotelsouldejavea.com\/wp-content\/uploads\/2023\/07\/20200716-DSC07510.jpg'><img loading=\"lazy\" decoding=\"async\" width=\"150\" height=\"150\" src=\"https:\/\/hotelsouldejavea.com\/wp-content\/uploads\/2023\/07\/20200716-DSC07510-150x150.jpg\" class=\"attachment-thumbnail size-thumbnail\" alt=\"\" \/><\/a>\n\t\t\t<\/div><\/figure><figure class='gallery-item'>\n\t\t\t<div class='gallery-icon landscape'>\n\t\t\t\t<a href='https:\/\/hotelsouldejavea.com\/wp-content\/uploads\/2023\/07\/pexels-photo-1516415.jpeg'><img loading=\"lazy\" decoding=\"async\" width=\"150\" height=\"150\" src=\"https:\/\/hotelsouldejavea.com\/wp-content\/uploads\/2023\/07\/pexels-photo-1516415-150x150.jpeg\" class=\"attachment-thumbnail size-thumbnail\" alt=\"\" \/><\/a>\n\t\t\t<\/div><\/figure><figure class='gallery-item'>\n\t\t\t<div class='gallery-icon landscape'>\n\t\t\t\t<a href='https:\/\/hotelsouldejavea.com\/wp-content\/uploads\/2023\/07\/20200716-DSC07492.jpg'><img loading=\"lazy\" decoding=\"async\" width=\"150\" height=\"150\" src=\"https:\/\/hotelsouldejavea.com\/wp-content\/uploads\/2023\/07\/20200716-DSC07492-150x150.jpg\" class=\"attachment-thumbnail size-thumbnail\" alt=\"\" \/><\/a>\n\t\t\t<\/div><\/figure><figure class='gallery-item'>\n\t\t\t<div class='gallery-icon landscape'>\n\t\t\t\t<a href='https:\/\/hotelsouldejavea.com\/wp-content\/uploads\/2023\/07\/20200716-DSC07500.jpg'><img loading=\"lazy\" decoding=\"async\" width=\"150\" height=\"150\" src=\"https:\/\/hotelsouldejavea.com\/wp-content\/uploads\/2023\/07\/20200716-DSC07500-150x150.jpg\" class=\"attachment-thumbnail size-thumbnail\" alt=\"\" \/><\/a>\n\t\t\t<\/div><\/figure><figure class='gallery-item'>\n\t\t\t<div class='gallery-icon landscape'>\n\t\t\t\t<a href='https:\/\/hotelsouldejavea.com\/wp-content\/uploads\/2023\/07\/el-mejor-restaurante-en-javea-scaled.jpg'><img loading=\"lazy\" decoding=\"async\" width=\"150\" height=\"150\" src=\"https:\/\/hotelsouldejavea.com\/wp-content\/uploads\/2023\/07\/el-mejor-restaurante-en-javea-150x150.jpg\" class=\"attachment-thumbnail size-thumbnail\" alt=\"\" \/><\/a>\n\t\t\t<\/div><\/figure><figure class='gallery-item'>\n\t\t\t<div class='gallery-icon landscape'>\n\t\t\t\t<a href='https:\/\/hotelsouldejavea.com\/wp-content\/uploads\/2023\/07\/PMO02314-scaled.jpg'><img loading=\"lazy\" decoding=\"async\" width=\"150\" height=\"150\" src=\"https:\/\/hotelsouldejavea.com\/wp-content\/uploads\/2023\/07\/PMO02314-150x150.jpg\" class=\"attachment-thumbnail size-thumbnail\" alt=\"\" \/><\/a>\n\t\t\t<\/div><\/figure><figure class='gallery-item'>\n\t\t\t<div class='gallery-icon landscape'>\n\t\t\t\t<a href='https:\/\/hotelsouldejavea.com\/wp-content\/uploads\/2023\/07\/20200716-DSC07519.jpg'><img loading=\"lazy\" decoding=\"async\" width=\"150\" height=\"150\" src=\"https:\/\/hotelsouldejavea.com\/wp-content\/uploads\/2023\/07\/20200716-DSC07519-150x150.jpg\" class=\"attachment-thumbnail size-thumbnail\" alt=\"\" \/><\/a>\n\t\t\t<\/div><\/figure><figure class='gallery-item'>\n\t\t\t<div class='gallery-icon landscape'>\n\t\t\t\t<a href='https:\/\/hotelsouldejavea.com\/wp-content\/uploads\/2023\/07\/20200716-DSC07504.jpg'><img loading=\"lazy\" decoding=\"async\" width=\"150\" height=\"150\" src=\"https:\/\/hotelsouldejavea.com\/wp-content\/uploads\/2023\/07\/20200716-DSC07504-150x150.jpg\" class=\"attachment-thumbnail size-thumbnail\" alt=\"\" \/><\/a>\n\t\t\t<\/div><\/figure><figure class='gallery-item'>\n\t\t\t<div class='gallery-icon portrait'>\n\t\t\t\t<a href='https:\/\/hotelsouldejavea.com\/wp-content\/uploads\/2023\/07\/restaurante-cocina-mediterranea.jpg'><img loading=\"lazy\" decoding=\"async\" width=\"150\" height=\"150\" src=\"https:\/\/hotelsouldejavea.com\/wp-content\/uploads\/2023\/07\/restaurante-cocina-mediterranea-150x150.jpg\" class=\"attachment-thumbnail size-thumbnail\" alt=\"\" \/><\/a>\n\t\t\t<\/div><\/figure><figure class='gallery-item'>\n\t\t\t<div class='gallery-icon landscape'>\n\t\t\t\t<a href='https:\/\/hotelsouldejavea.com\/wp-content\/uploads\/2023\/07\/PMO02306-scaled.jpg'><img loading=\"lazy\" decoding=\"async\" width=\"150\" height=\"150\" src=\"https:\/\/hotelsouldejavea.com\/wp-content\/uploads\/2023\/07\/PMO02306-150x150.jpg\" class=\"attachment-thumbnail size-thumbnail\" alt=\"\" \/><\/a>\n\t\t\t<\/div><\/figure><figure class='gallery-item'>\n\t\t\t<div class='gallery-icon landscape'>\n\t\t\t\t<a href='https:\/\/hotelsouldejavea.com\/wp-content\/uploads\/2025\/03\/20200716-DSC07536.webp'><img loading=\"lazy\" decoding=\"async\" width=\"150\" height=\"150\" src=\"https:\/\/hotelsouldejavea.com\/wp-content\/uploads\/2025\/03\/20200716-DSC07536-150x150.webp\" class=\"attachment-thumbnail size-thumbnail\" alt=\"\" \/><\/a>\n\t\t\t<\/div><\/figure><figure class='gallery-item'>\n\t\t\t<div class='gallery-icon landscape'>\n\t\t\t\t<a href='https:\/\/hotelsouldejavea.com\/wp-content\/uploads\/2025\/03\/RESTAURANTE-JAVEA-DSC07508.webp'><img loading=\"lazy\" decoding=\"async\" width=\"150\" height=\"150\" src=\"https:\/\/hotelsouldejavea.com\/wp-content\/uploads\/2025\/03\/RESTAURANTE-JAVEA-DSC07508-150x150.webp\" class=\"attachment-thumbnail size-thumbnail\" alt=\"\" \/><\/a>\n\t\t\t<\/div><\/figure><figure class='gallery-item'>\n\t\t\t<div class='gallery-icon landscape'>\n\t\t\t\t<a href='https:\/\/hotelsouldejavea.com\/wp-content\/uploads\/2025\/03\/20200716-DSC07546.webp'><img loading=\"lazy\" decoding=\"async\" width=\"150\" height=\"150\" src=\"https:\/\/hotelsouldejavea.com\/wp-content\/uploads\/2025\/03\/20200716-DSC07546-150x150.webp\" class=\"attachment-thumbnail size-thumbnail\" alt=\"\" \/><\/a>\n\t\t\t<\/div><\/figure><figure class='gallery-item'>\n\t\t\t<div class='gallery-icon landscape'>\n\t\t\t\t<a href='https:\/\/hotelsouldejavea.com\/wp-content\/uploads\/2025\/03\/bar-javea.png'><img loading=\"lazy\" decoding=\"async\" width=\"150\" height=\"150\" src=\"https:\/\/hotelsouldejavea.com\/wp-content\/uploads\/2025\/03\/bar-javea-150x150.png\" class=\"attachment-thumbnail size-thumbnail\" alt=\"\" \/><\/a>\n\t\t\t<\/div><\/figure><figure class='gallery-item'>\n\t\t\t<div class='gallery-icon landscape'>\n\t\t\t\t<a href='https:\/\/hotelsouldejavea.com\/wp-content\/uploads\/2025\/03\/menu-desayuno-javea.png'><img loading=\"lazy\" decoding=\"async\" width=\"150\" height=\"150\" src=\"https:\/\/hotelsouldejavea.com\/wp-content\/uploads\/2025\/03\/menu-desayuno-javea-150x150.png\" class=\"attachment-thumbnail size-thumbnail\" alt=\"\" \/><\/a>\n\t\t\t<\/div><\/figure><figure class='gallery-item'>\n\t\t\t<div class='gallery-icon landscape'>\n\t\t\t\t<a href='https:\/\/hotelsouldejavea.com\/wp-content\/uploads\/2025\/03\/skybar-javea.webp'><img loading=\"lazy\" decoding=\"async\" width=\"150\" height=\"150\" src=\"https:\/\/hotelsouldejavea.com\/wp-content\/uploads\/2025\/03\/skybar-javea-150x150.webp\" class=\"attachment-thumbnail size-thumbnail\" alt=\"\" \/><\/a>\n\t\t\t<\/div><\/figure><figure class='gallery-item'>\n\t\t\t<div class='gallery-icon landscape'>\n\t\t\t\t<a href='https:\/\/hotelsouldejavea.com\/wp-content\/uploads\/2023\/08\/PMO02455-scaled.jpg'><img loading=\"lazy\" decoding=\"async\" width=\"150\" height=\"150\" src=\"https:\/\/hotelsouldejavea.com\/wp-content\/uploads\/2023\/08\/PMO02455-150x150.jpg\" class=\"attachment-thumbnail size-thumbnail\" alt=\"\" \/><\/a>\n\t\t\t<\/div><\/figure><figure class='gallery-item'>\n\t\t\t<div class='gallery-icon landscape'>\n\t\t\t\t<a href='https:\/\/hotelsouldejavea.com\/wp-content\/uploads\/2023\/07\/PMO02396-scaled.jpg'><img loading=\"lazy\" decoding=\"async\" width=\"150\" height=\"150\" src=\"https:\/\/hotelsouldejavea.com\/wp-content\/uploads\/2023\/07\/PMO02396-150x150.jpg\" class=\"attachment-thumbnail size-thumbnail\" alt=\"\" \/><\/a>\n\t\t\t<\/div><\/figure><figure class='gallery-item'>\n\t\t\t<div class='gallery-icon landscape'>\n\t\t\t\t<a href='https:\/\/hotelsouldejavea.com\/wp-content\/uploads\/2023\/07\/PMO02261-scaled.jpg'><img loading=\"lazy\" decoding=\"async\" width=\"150\" height=\"150\" src=\"https:\/\/hotelsouldejavea.com\/wp-content\/uploads\/2023\/07\/PMO02261-150x150.jpg\" class=\"attachment-thumbnail size-thumbnail\" alt=\"\" \/><\/a>\n\t\t\t<\/div><\/figure>\n\t\t<\/div>\n\n[\/vc_column_text][\/vc_column_inner][\/vc_row_inner][\/vc_column][\/vc_row]\n<\/div>","protected":false},"excerpt":{"rendered":"[vc_row full_width=&#8221;stretch_row_content&#8221; content_placement=&#8221;top&#8221; css=&#8221;.vc_custom_1741949896010{padding-bottom: 45% !important;background-image: url(https:\/\/hotelsouldejavea.com\/wp-content\/uploads\/2023\/07\/20200716-DSC07512.jpg?id=312) !important;background-position: center !important;background-repeat: no-repeat !important;background-size: cover !important;}&#8221;][vc_column][\/vc_column][\/vc_row][vc_row css=&#8221;.vc_custom_1741951691992{padding-top: 2% !important;padding-right: 10% !important;padding-bottom: 2% !important;padding-left: 10% !important;}&#8221;][vc_column][vc_row_inner css=&#8221;.vc_custom_1741946940795{padding-top: 5% !important;background-position: center !important;background-repeat: no-repeat !important;background-size: cover !important;}&#8221;][vc_column_inner][vc_column_text css=&#8221;&#8221;] BIENVENIDO A CASA Situado en primera l\u00ednea de playa, nuestro hotel se convierte en un lugar privilegiado para desconectar, disfrutando de comida [&#8230;]\n","protected":false},"author":2,"featured_media":0,"parent":0,"menu_order":0,"comment_status":"closed","ping_status":"closed","template":"page-blank.php","meta":{"footnotes":""},"class_list":["post-4084","page","type-page","status-publish","hentry"],"yoast_head":"<!-- This site is optimized with the Yoast SEO plugin v24.8.1 - https:\/\/yoast.com\/wordpress\/plugins\/seo\/ -->\n<title>Ristorante - Hotel Soul de J\u00e1vea<\/title>\n<meta name=\"robots\" content=\"index, follow, max-snippet:-1, max-image-preview:large, max-video-preview:-1\" \/>\n<link rel=\"canonical\" href=\"https:\/\/hotelsouldejavea.com\/it\/ristorante\/\" \/>\n<meta property=\"og:locale\" content=\"it_IT\" \/>\n<meta property=\"og:type\" content=\"article\" \/>\n<meta property=\"og:title\" content=\"Ristorante - Hotel Soul de J\u00e1vea\" \/>\n<meta property=\"og:description\" content=\"[vc_row full_width=&#8221;stretch_row_content&#8221; content_placement=&#8221;top&#8221; css=&#8221;.vc_custom_1741949896010{padding-bottom: 45% !important;background-image: url(https:\/\/hotelsouldejavea.com\/wp-content\/uploads\/2023\/07\/20200716-DSC07512.jpg?id=312) !important;background-position: center !important;background-repeat: no-repeat !important;background-size: cover !important;}&#8221;][vc_column][\/vc_column][\/vc_row][vc_row css=&#8221;.vc_custom_1741951691992{padding-top: 2% !important;padding-right: 10% !important;padding-bottom: 2% !important;padding-left: 10% !important;}&#8221;][vc_column][vc_row_inner css=&#8221;.vc_custom_1741946940795{padding-top: 5% !important;background-position: center !important;background-repeat: no-repeat !important;background-size: cover !important;}&#8221;][vc_column_inner][vc_column_text css=&#8221;&#8221;] BIENVENIDO A CASA Situado en primera l\u00ednea de playa, nuestro hotel se convierte en un lugar privilegiado para desconectar, disfrutando de comida [...]\" \/>\n<meta property=\"og:url\" content=\"https:\/\/hotelsouldejavea.com\/it\/ristorante\/\" \/>\n<meta property=\"og:site_name\" content=\"Hotel Soul de J\u00e1vea\" \/>\n<meta property=\"article:modified_time\" content=\"2025-05-08T11:42:24+00:00\" \/>\n<meta name=\"twitter:card\" content=\"summary_large_image\" \/>\n<meta name=\"twitter:label1\" content=\"Tempo di lettura stimato\" \/>\n\t<meta name=\"twitter:data1\" content=\"2 minuti\" \/>\n<script type=\"application\/ld+json\" class=\"yoast-schema-graph\">{\"@context\":\"https:\/\/schema.org\",\"@graph\":[{\"@type\":\"WebPage\",\"@id\":\"https:\/\/hotelsouldejavea.com\/it\/ristorante\/\",\"url\":\"https:\/\/hotelsouldejavea.com\/it\/ristorante\/\",\"name\":\"Ristorante - Hotel Soul de J\u00e1vea\",\"isPartOf\":{\"@id\":\"https:\/\/hotelsouldejavea.com\/it\/#website\"},\"datePublished\":\"2023-07-10T08:06:58+00:00\",\"dateModified\":\"2025-05-08T11:42:24+00:00\",\"breadcrumb\":{\"@id\":\"https:\/\/hotelsouldejavea.com\/it\/ristorante\/#breadcrumb\"},\"inLanguage\":\"it-IT\",\"potentialAction\":[{\"@type\":\"ReadAction\",\"target\":[\"https:\/\/hotelsouldejavea.com\/it\/ristorante\/\"]}]},{\"@type\":\"BreadcrumbList\",\"@id\":\"https:\/\/hotelsouldejavea.com\/it\/ristorante\/#breadcrumb\",\"itemListElement\":[{\"@type\":\"ListItem\",\"position\":1,\"name\":\"Portada\",\"item\":\"https:\/\/hotelsouldejavea.com\/it\/\"},{\"@type\":\"ListItem\",\"position\":2,\"name\":\"Ristorante\"}]},{\"@type\":\"WebSite\",\"@id\":\"https:\/\/hotelsouldejavea.com\/it\/#website\",\"url\":\"https:\/\/hotelsouldejavea.com\/it\/\",\"name\":\"Hotel Soul de J\u00e1vea\",\"description\":\"Hotel Soul de J\u00e1vea\",\"publisher\":{\"@id\":\"https:\/\/hotelsouldejavea.com\/it\/#organization\"},\"potentialAction\":[{\"@type\":\"SearchAction\",\"target\":{\"@type\":\"EntryPoint\",\"urlTemplate\":\"https:\/\/hotelsouldejavea.com\/it\/?s={search_term_string}\"},\"query-input\":{\"@type\":\"PropertyValueSpecification\",\"valueRequired\":true,\"valueName\":\"search_term_string\"}}],\"inLanguage\":\"it-IT\"},{\"@type\":\"Organization\",\"@id\":\"https:\/\/hotelsouldejavea.com\/it\/#organization\",\"name\":\"Hotel Soul de J\u00e1vea\",\"url\":\"https:\/\/hotelsouldejavea.com\/it\/\",\"logo\":{\"@type\":\"ImageObject\",\"inLanguage\":\"it-IT\",\"@id\":\"https:\/\/hotelsouldejavea.com\/it\/#\/schema\/logo\/image\/\",\"url\":\"https:\/\/hotelsouldejavea.com\/wp-content\/uploads\/2025\/02\/hotel-soul-de-javea.png\",\"contentUrl\":\"https:\/\/hotelsouldejavea.com\/wp-content\/uploads\/2025\/02\/hotel-soul-de-javea.png\",\"width\":2182,\"height\":502,\"caption\":\"Hotel Soul de J\u00e1vea\"},\"image\":{\"@id\":\"https:\/\/hotelsouldejavea.com\/it\/#\/schema\/logo\/image\/\"}}]}<\/script>\n<!-- \/ Yoast SEO plugin. -->","yoast_head_json":{"title":"Ristorante - Hotel Soul de J\u00e1vea","robots":{"index":"index","follow":"follow","max-snippet":"max-snippet:-1","max-image-preview":"max-image-preview:large","max-video-preview":"max-video-preview:-1"},"canonical":"https:\/\/hotelsouldejavea.com\/it\/ristorante\/","og_locale":"it_IT","og_type":"article","og_title":"Ristorante - Hotel Soul de J\u00e1vea","og_description":"[vc_row full_width=&#8221;stretch_row_content&#8221; content_placement=&#8221;top&#8221; css=&#8221;.vc_custom_1741949896010{padding-bottom: 45% !important;background-image: url(https:\/\/hotelsouldejavea.com\/wp-content\/uploads\/2023\/07\/20200716-DSC07512.jpg?id=312) !important;background-position: center !important;background-repeat: no-repeat !important;background-size: cover !important;}&#8221;][vc_column][\/vc_column][\/vc_row][vc_row css=&#8221;.vc_custom_1741951691992{padding-top: 2% !important;padding-right: 10% !important;padding-bottom: 2% !important;padding-left: 10% !important;}&#8221;][vc_column][vc_row_inner css=&#8221;.vc_custom_1741946940795{padding-top: 5% !important;background-position: center !important;background-repeat: no-repeat !important;background-size: cover !important;}&#8221;][vc_column_inner][vc_column_text css=&#8221;&#8221;] BIENVENIDO A CASA Situado en primera l\u00ednea de playa, nuestro hotel se convierte en un lugar privilegiado para desconectar, disfrutando de comida [...]","og_url":"https:\/\/hotelsouldejavea.com\/it\/ristorante\/","og_site_name":"Hotel Soul de J\u00e1vea","article_modified_time":"2025-05-08T11:42:24+00:00","twitter_card":"summary_large_image","twitter_misc":{"Tempo di lettura stimato":"2 minuti"},"schema":{"@context":"https:\/\/schema.org","@graph":[{"@type":"WebPage","@id":"https:\/\/hotelsouldejavea.com\/it\/ristorante\/","url":"https:\/\/hotelsouldejavea.com\/it\/ristorante\/","name":"Ristorante - Hotel Soul de J\u00e1vea","isPartOf":{"@id":"https:\/\/hotelsouldejavea.com\/it\/#website"},"datePublished":"2023-07-10T08:06:58+00:00","dateModified":"2025-05-08T11:42:24+00:00","breadcrumb":{"@id":"https:\/\/hotelsouldejavea.com\/it\/ristorante\/#breadcrumb"},"inLanguage":"it-IT","potentialAction":[{"@type":"ReadAction","target":["https:\/\/hotelsouldejavea.com\/it\/ristorante\/"]}]},{"@type":"BreadcrumbList","@id":"https:\/\/hotelsouldejavea.com\/it\/ristorante\/#breadcrumb","itemListElement":[{"@type":"ListItem","position":1,"name":"Portada","item":"https:\/\/hotelsouldejavea.com\/it\/"},{"@type":"ListItem","position":2,"name":"Ristorante"}]},{"@type":"WebSite","@id":"https:\/\/hotelsouldejavea.com\/it\/#website","url":"https:\/\/hotelsouldejavea.com\/it\/","name":"Hotel Soul de J\u00e1vea","description":"Hotel Soul de J\u00e1vea","publisher":{"@id":"https:\/\/hotelsouldejavea.com\/it\/#organization"},"potentialAction":[{"@type":"SearchAction","target":{"@type":"EntryPoint","urlTemplate":"https:\/\/hotelsouldejavea.com\/it\/?s={search_term_string}"},"query-input":{"@type":"PropertyValueSpecification","valueRequired":true,"valueName":"search_term_string"}}],"inLanguage":"it-IT"},{"@type":"Organization","@id":"https:\/\/hotelsouldejavea.com\/it\/#organization","name":"Hotel Soul de J\u00e1vea","url":"https:\/\/hotelsouldejavea.com\/it\/","logo":{"@type":"ImageObject","inLanguage":"it-IT","@id":"https:\/\/hotelsouldejavea.com\/it\/#\/schema\/logo\/image\/","url":"https:\/\/hotelsouldejavea.com\/wp-content\/uploads\/2025\/02\/hotel-soul-de-javea.png","contentUrl":"https:\/\/hotelsouldejavea.com\/wp-content\/uploads\/2025\/02\/hotel-soul-de-javea.png","width":2182,"height":502,"caption":"Hotel Soul de J\u00e1vea"},"image":{"@id":"https:\/\/hotelsouldejavea.com\/it\/#\/schema\/logo\/image\/"}}]}},"_links":{"self":[{"href":"https:\/\/hotelsouldejavea.com\/it\/wp-json\/wp\/v2\/pages\/4084","targetHints":{"allow":["GET"]}}],"collection":[{"href":"https:\/\/hotelsouldejavea.com\/it\/wp-json\/wp\/v2\/pages"}],"about":[{"href":"https:\/\/hotelsouldejavea.com\/it\/wp-json\/wp\/v2\/types\/page"}],"author":[{"embeddable":true,"href":"https:\/\/hotelsouldejavea.com\/it\/wp-json\/wp\/v2\/users\/2"}],"replies":[{"embeddable":true,"href":"https:\/\/hotelsouldejavea.com\/it\/wp-json\/wp\/v2\/comments?post=4084"}],"version-history":[{"count":3,"href":"https:\/\/hotelsouldejavea.com\/it\/wp-json\/wp\/v2\/pages\/4084\/revisions"}],"predecessor-version":[{"id":4139,"href":"https:\/\/hotelsouldejavea.com\/it\/wp-json\/wp\/v2\/pages\/4084\/revisions\/4139"}],"wp:attachment":[{"href":"https:\/\/hotelsouldejavea.com\/it\/wp-json\/wp\/v2\/media?parent=4084"}],"curies":[{"name":"wp","href":"https:\/\/api.w.org\/{rel}","templated":true}]}}