{"id":3381,"date":"2023-07-10T08:07:21","date_gmt":"2023-07-10T08:07:21","guid":{"rendered":"https:\/\/hotelsouldejavea.com\/?page_id=3381"},"modified":"2025-04-09T10:48:41","modified_gmt":"2025-04-09T10:48:41","slug":"contact","status":"publish","type":"page","link":"https:\/\/hotelsouldejavea.com\/fr\/contact\/","title":{"rendered":"Contact"},"content":{"rendered":"<div class=\"wpb-content-wrapper\">[vc_row css=\u00a0\u00bb.vc_custom_1739890006550{padding-top: 5% !important;padding-right: 10% !important;padding-bottom: 5% !important;padding-left: 10% !important;}\u00a0\u00bb][vc_column][vc_row_inner gap=\u00a0\u00bb35&Prime;][vc_column_inner width=\u00a0\u00bb1\/2&Prime;][vc_column_text css=\u00a0\u00bb\u00a0\u00bb]<span style=\"font-size: 140%;\"><strong>CONTACTEZ-NOUS POUR PLUS D&rsquo;INFORMATIONS<\/strong><\/span>[\/vc_column_text][vc_column_text css=\u00a0\u00bb\u00a0\u00bb]\n<p style=\"text-align: left;\"><span style=\"font-size: 120%;\">WhatsApp: <strong>(+34) 966 46 19 19<\/strong><br \/>\n<a style=\"color: #000000;\" href=\"mailto:reservas@hotelsouldejavea.com\">reservas@hotelsouldejavea.com<\/a><\/span><\/p>\n<p style=\"text-align: left;\"><span style=\"font-size: 120%;\">Avenida del Mediterr\u00e1neo 180<\/span><br \/>\n<span style=\"font-size: 120%;\">J\u00e1vea, Alicante<\/span><\/p>\n<p><span style=\"font-size: 120%;\">\ud83d\udccd <a href=\"https:\/\/www.google.com\/maps\/dir\/\/Av.+del+Mediterr%C3%A1neo,+180,+03730+J%C3%A1vea,+Alicante\/@38.780103,0.186891,15z\/data=!4m9!4m8!1m0!1m5!1m1!1s0x129e0faab416508f:0x22aaa24d669fc6dc!2m2!1d0.1867195!2d38.7796015!3e0?entry=ttu&amp;g_ep=EgoyMDI1MDIxMi4wIKXMDSoASAFQAw%3D%3D\" target=\"_blank\" rel=\"noopener\">Comment s&rsquo;y rendre<\/a><\/span>[\/vc_column_text][vc_column_text css=\u00a0\u00bb\u00a0\u00bb]<strong><span style=\"font-size: 120%;\">Ouvert de mars \u00e0 octobre.<\/span><\/strong><br \/>\n<strong><span style=\"font-size: 120%;\">R\u00e9ception 24h\/24.<\/span><\/strong>[\/vc_column_text][vc_empty_space height=\u00a0\u00bb12px\u00a0\u00bb][vc_btn style=\u00a0\u00bboutline-custom\u00a0\u00bb outline_custom_color=\u00a0\u00bb#20BEC9&Prime; outline_custom_hover_background=\u00a0\u00bb#20BEC9&Prime; shape=\u00a0\u00bbsquare\u00a0\u00bb size=\u00a0\u00bblg\u00a0\u00bb align=\u00a0\u00bbcenter\u00a0\u00bb i_icon_fontawesome=\u00a0\u00bbfar fa-calendar-check\u00a0\u00bb css=\u00a0\u00bb\u00a0\u00bb button_block=\u00a0\u00bbtrue\u00a0\u00bb add_icon=\u00a0\u00bbtrue\u00a0\u00bb link=\u00a0\u00bburl:https%3A%2F%2Fdirect-book.com%2Fproperties%2FHotelSouldeJavea%3Flocale%3Dfr%26items%5B0%5D%5Badults%5D%3D2%26items%5B0%5D%5Bchildren%5D%3D0%26items%5B0%5D%5Binfants%5D%3D0%26currency%3DEUR%26checkInDate%3D2025-04-09%26checkOutDate%3D2025-04-10%26trackPage%3Dno|title:R%C3%A9servations|target:_blank\u00a0\u00bb title=\u00a0\u00bbR\u00c9SERVER\u00a0\u00bb][\/vc_column_inner][vc_column_inner width=\u00a0\u00bb1\/2&Prime;][vc_gmaps link=\u00a0\u00bb#E-8_JTNDaWZyYW1lJTIwc3JjJTNEJTIyaHR0cHMlM0ElMkYlMkZ3d3cuZ29vZ2xlLmNvbSUyRm1hcHMlMkZlbWJlZCUzRnBiJTNEJTIxMW0xNCUyMTFtOCUyMTFtMyUyMTFkMTI0NDEuMTM5NTQxNTk3OTElMjEyZDAuMTg2ODkxJTIxM2QzOC43ODAxMDMlMjEzbTIlMjExaTEwMjQlMjEyaTc2OCUyMTRmMTMuMSUyMTNtMyUyMTFtMiUyMTFzMHgxMjllMGZhYWI0MTY1MDhmJTI1M0EweDIyYWFhMjRkNjY5ZmM2ZGMlMjEyc0F2LiUyNTIwZGVsJTI1MjBNZWRpdGVyciUyNUMzJTI1QTFuZW8lMjUyQyUyNTIwMTgwJTI1MkMlMjUyMDAzNzMwJTI1MjBKJTI1QzMlMjVBMXZlYSUyNTJDJTI1MjBBbGljYW50ZSUyMTVlMCUyMTNtMiUyMTFzZXMlMjEyc2VzJTIxNHYxNzM5ODg5ODA2MzEyJTIxNW0yJTIxMXNlcyUyMTJzZXMlMjIlMjB3aWR0aCUzRCUyMjYwMCUyMiUyMGhlaWdodCUzRCUyMjQ1MCUyMiUyMHN0eWxlJTNEJTIyYm9yZGVyJTNBMCUzQiUyMiUyMGFsbG93ZnVsbHNjcmVlbiUzRCUyMiUyMiUyMGxvYWRpbmclM0QlMjJsYXp5JTIyJTIwcmVmZXJyZXJwb2xpY3klM0QlMjJuby1yZWZlcnJlci13aGVuLWRvd25ncmFkZSUyMiUzRSUzQyUyRmlmcmFtZSUzRQ==\u00a0\u00bb css=\u00a0\u00bb\u00a0\u00bb size=\u00a0\u00bbstandard\u00a0\u00bb][\/vc_column_inner][\/vc_row_inner][\/vc_column][\/vc_row][vc_row parallax=\u00a0\u00bbcontent-moving\u00a0\u00bb parallax_image=\u00a0\u00bb1963&Prime; css=\u00a0\u00bb.vc_custom_1739897719616{padding-top: 15% !important;padding-bottom: 15% !important;}\u00a0\u00bb parallax_speed_bg=\u00a0\u00bb1.5&Prime;][vc_column][\/vc_column][\/vc_row]\n<\/div>","protected":false},"excerpt":{"rendered":"[vc_row css=\u00a0\u00bb.vc_custom_1739890006550{padding-top: 5% !important;padding-right: 10% !important;padding-bottom: 5% !important;padding-left: 10% !important;}\u00a0\u00bb][vc_column][vc_row_inner gap=\u00a0\u00bb35&Prime;][vc_column_inner width=\u00a0\u00bb1\/2&Prime;][vc_column_text css=\u00a0\u00bb\u00a0\u00bb]CONTACTEZ-NOUS POUR PLUS D&rsquo;INFORMATIONS[\/vc_column_text][vc_column_text css=\u00a0\u00bb\u00a0\u00bb] WhatsApp: (+34) 966 46 19 19 reservas@hotelsouldejavea.com Avenida del Mediterr\u00e1neo 180 J\u00e1vea, Alicante \ud83d\udccd Comment s&rsquo;y rendre[\/vc_column_text][vc_column_text css=\u00a0\u00bb\u00a0\u00bb]Ouvert de mars \u00e0 octobre. R\u00e9ception 24h\/24.[\/vc_column_text][vc_empty_space height=\u00a0\u00bb12px\u00a0\u00bb][vc_btn style=\u00a0\u00bboutline-custom\u00a0\u00bb outline_custom_color=\u00a0\u00bb#20BEC9&Prime; outline_custom_hover_background=\u00a0\u00bb#20BEC9&Prime; shape=\u00a0\u00bbsquare\u00a0\u00bb size=\u00a0\u00bblg\u00a0\u00bb align=\u00a0\u00bbcenter\u00a0\u00bb i_icon_fontawesome=\u00a0\u00bbfar fa-calendar-check\u00a0\u00bb css=\u00a0\u00bb\u00a0\u00bb button_block=\u00a0\u00bbtrue\u00a0\u00bb add_icon=\u00a0\u00bbtrue\u00a0\u00bb link=\u00a0\u00bburl:https%3A%2F%2Fdirect-book.com%2Fproperties%2FHotelSouldeJavea%3Flocale%3Dfr%26items%5B0%5D%5Badults%5D%3D2%26items%5B0%5D%5Bchildren%5D%3D0%26items%5B0%5D%5Binfants%5D%3D0%26currency%3DEUR%26checkInDate%3D2025-04-09%26checkOutDate%3D2025-04-10%26trackPage%3Dno|title:R%C3%A9servations|target:_blank\u00a0\u00bb title=\u00a0\u00bbR\u00c9SERVER\u00a0\u00bb][\/vc_column_inner][vc_column_inner [&#8230;]\n","protected":false},"author":2,"featured_media":0,"parent":0,"menu_order":0,"comment_status":"closed","ping_status":"closed","template":"page-blank.php","meta":{"footnotes":""},"class_list":["post-3381","page","type-page","status-publish","hentry"],"yoast_head":"<!-- This site is optimized with the Yoast SEO plugin v27.5 - https:\/\/yoast.com\/product\/yoast-seo-wordpress\/ -->\n<title>Contact - Hotel Soul de J\u00e1vea<\/title>\n<meta name=\"robots\" content=\"index, follow, max-snippet:-1, max-image-preview:large, max-video-preview:-1\" \/>\n<link rel=\"canonical\" href=\"https:\/\/hotelsouldejavea.com\/fr\/contact\/\" \/>\n<meta property=\"og:locale\" content=\"fr_FR\" \/>\n<meta property=\"og:type\" content=\"article\" \/>\n<meta property=\"og:title\" content=\"Contact - Hotel Soul de J\u00e1vea\" \/>\n<meta property=\"og:description\" content=\"[vc_row css=\u00a0\u00bb.vc_custom_1739890006550{padding-top: 5% !important;padding-right: 10% !important;padding-bottom: 5% !important;padding-left: 10% !important;}\u00a0\u00bb][vc_column][vc_row_inner gap=\u00a0\u00bb35&Prime;][vc_column_inner width=\u00a0\u00bb1\/2&Prime;][vc_column_text css=\u00a0\u00bb\u00a0\u00bb]CONTACTEZ-NOUS POUR PLUS D&rsquo;INFORMATIONS[\/vc_column_text][vc_column_text css=\u00a0\u00bb\u00a0\u00bb] WhatsApp: (+34) 966 46 19 19 reservas@hotelsouldejavea.com Avenida del Mediterr\u00e1neo 180 J\u00e1vea, Alicante \ud83d\udccd Comment s&rsquo;y rendre[\/vc_column_text][vc_column_text css=\u00a0\u00bb\u00a0\u00bb]Ouvert de mars \u00e0 octobre. R\u00e9ception 24h\/24.[\/vc_column_text][vc_empty_space height=\u00a0\u00bb12px\u00a0\u00bb][vc_btn style=\u00a0\u00bboutline-custom\u00a0\u00bb outline_custom_color=\u00a0\u00bb#20BEC9&Prime; outline_custom_hover_background=\u00a0\u00bb#20BEC9&Prime; shape=\u00a0\u00bbsquare\u00a0\u00bb size=\u00a0\u00bblg\u00a0\u00bb align=\u00a0\u00bbcenter\u00a0\u00bb i_icon_fontawesome=\u00a0\u00bbfar fa-calendar-check\u00a0\u00bb css=\u00a0\u00bb\u00a0\u00bb button_block=\u00a0\u00bbtrue\u00a0\u00bb add_icon=\u00a0\u00bbtrue\u00a0\u00bb link=\u00a0\u00bburl:https%3A%2F%2Fdirect-book.com%2Fproperties%2FHotelSouldeJavea%3Flocale%3Dfr%26items%5B0%5D%5Badults%5D%3D2%26items%5B0%5D%5Bchildren%5D%3D0%26items%5B0%5D%5Binfants%5D%3D0%26currency%3DEUR%26checkInDate%3D2025-04-09%26checkOutDate%3D2025-04-10%26trackPage%3Dno|title:R%C3%A9servations|target:_blank\u00a0\u00bb title=\u00a0\u00bbR\u00c9SERVER\u00a0\u00bb][\/vc_column_inner][vc_column_inner [...]\" \/>\n<meta property=\"og:url\" content=\"https:\/\/hotelsouldejavea.com\/fr\/contact\/\" \/>\n<meta property=\"og:site_name\" content=\"Hotel Soul de J\u00e1vea\" \/>\n<meta property=\"article:modified_time\" content=\"2025-04-09T10:48:41+00:00\" \/>\n<meta name=\"twitter:card\" content=\"summary_large_image\" \/>\n<meta name=\"twitter:label1\" content=\"Dur\u00e9e de lecture estim\u00e9e\" \/>\n\t<meta name=\"twitter:data1\" content=\"1 minute\" \/>\n<script type=\"application\/ld+json\" class=\"yoast-schema-graph\">{\"@context\":\"https:\\\/\\\/schema.org\",\"@graph\":[{\"@type\":\"WebPage\",\"@id\":\"https:\\\/\\\/hotelsouldejavea.com\\\/fr\\\/contact\\\/\",\"url\":\"https:\\\/\\\/hotelsouldejavea.com\\\/fr\\\/contact\\\/\",\"name\":\"Contact - Hotel Soul de J\u00e1vea\",\"isPartOf\":{\"@id\":\"https:\\\/\\\/hotelsouldejavea.com\\\/fr\\\/#website\"},\"datePublished\":\"2023-07-10T08:07:21+00:00\",\"dateModified\":\"2025-04-09T10:48:41+00:00\",\"breadcrumb\":{\"@id\":\"https:\\\/\\\/hotelsouldejavea.com\\\/fr\\\/contact\\\/#breadcrumb\"},\"inLanguage\":\"fr-FR\",\"potentialAction\":[{\"@type\":\"ReadAction\",\"target\":[\"https:\\\/\\\/hotelsouldejavea.com\\\/fr\\\/contact\\\/\"]}]},{\"@type\":\"BreadcrumbList\",\"@id\":\"https:\\\/\\\/hotelsouldejavea.com\\\/fr\\\/contact\\\/#breadcrumb\",\"itemListElement\":[{\"@type\":\"ListItem\",\"position\":1,\"name\":\"Portada\",\"item\":\"https:\\\/\\\/hotelsouldejavea.com\\\/fr\\\/\"},{\"@type\":\"ListItem\",\"position\":2,\"name\":\"Contact\"}]},{\"@type\":\"WebSite\",\"@id\":\"https:\\\/\\\/hotelsouldejavea.com\\\/fr\\\/#website\",\"url\":\"https:\\\/\\\/hotelsouldejavea.com\\\/fr\\\/\",\"name\":\"Hotel Soul de J\u00e1vea\",\"description\":\"Hotel Soul de J\u00e1vea\",\"publisher\":{\"@id\":\"https:\\\/\\\/hotelsouldejavea.com\\\/fr\\\/#organization\"},\"potentialAction\":[{\"@type\":\"SearchAction\",\"target\":{\"@type\":\"EntryPoint\",\"urlTemplate\":\"https:\\\/\\\/hotelsouldejavea.com\\\/fr\\\/?s={search_term_string}\"},\"query-input\":{\"@type\":\"PropertyValueSpecification\",\"valueRequired\":true,\"valueName\":\"search_term_string\"}}],\"inLanguage\":\"fr-FR\"},{\"@type\":\"Organization\",\"@id\":\"https:\\\/\\\/hotelsouldejavea.com\\\/fr\\\/#organization\",\"name\":\"Hotel Soul de J\u00e1vea\",\"url\":\"https:\\\/\\\/hotelsouldejavea.com\\\/fr\\\/\",\"logo\":{\"@type\":\"ImageObject\",\"inLanguage\":\"fr-FR\",\"@id\":\"https:\\\/\\\/hotelsouldejavea.com\\\/fr\\\/#\\\/schema\\\/logo\\\/image\\\/\",\"url\":\"https:\\\/\\\/hotelsouldejavea.com\\\/wp-content\\\/uploads\\\/2025\\\/02\\\/hotel-soul-de-javea.png\",\"contentUrl\":\"https:\\\/\\\/hotelsouldejavea.com\\\/wp-content\\\/uploads\\\/2025\\\/02\\\/hotel-soul-de-javea.png\",\"width\":2182,\"height\":502,\"caption\":\"Hotel Soul de J\u00e1vea\"},\"image\":{\"@id\":\"https:\\\/\\\/hotelsouldejavea.com\\\/fr\\\/#\\\/schema\\\/logo\\\/image\\\/\"}}]}<\/script>\n<!-- \/ Yoast SEO plugin. -->","yoast_head_json":{"title":"Contact - Hotel Soul de J\u00e1vea","robots":{"index":"index","follow":"follow","max-snippet":"max-snippet:-1","max-image-preview":"max-image-preview:large","max-video-preview":"max-video-preview:-1"},"canonical":"https:\/\/hotelsouldejavea.com\/fr\/contact\/","og_locale":"fr_FR","og_type":"article","og_title":"Contact - Hotel Soul de J\u00e1vea","og_description":"[vc_row css=\u00a0\u00bb.vc_custom_1739890006550{padding-top: 5% !important;padding-right: 10% !important;padding-bottom: 5% !important;padding-left: 10% !important;}\u00a0\u00bb][vc_column][vc_row_inner gap=\u00a0\u00bb35&Prime;][vc_column_inner width=\u00a0\u00bb1\/2&Prime;][vc_column_text css=\u00a0\u00bb\u00a0\u00bb]CONTACTEZ-NOUS POUR PLUS D&rsquo;INFORMATIONS[\/vc_column_text][vc_column_text css=\u00a0\u00bb\u00a0\u00bb] WhatsApp: (+34) 966 46 19 19 reservas@hotelsouldejavea.com Avenida del Mediterr\u00e1neo 180 J\u00e1vea, Alicante \ud83d\udccd Comment s&rsquo;y rendre[\/vc_column_text][vc_column_text css=\u00a0\u00bb\u00a0\u00bb]Ouvert de mars \u00e0 octobre. R\u00e9ception 24h\/24.[\/vc_column_text][vc_empty_space height=\u00a0\u00bb12px\u00a0\u00bb][vc_btn style=\u00a0\u00bboutline-custom\u00a0\u00bb outline_custom_color=\u00a0\u00bb#20BEC9&Prime; outline_custom_hover_background=\u00a0\u00bb#20BEC9&Prime; shape=\u00a0\u00bbsquare\u00a0\u00bb size=\u00a0\u00bblg\u00a0\u00bb align=\u00a0\u00bbcenter\u00a0\u00bb i_icon_fontawesome=\u00a0\u00bbfar fa-calendar-check\u00a0\u00bb css=\u00a0\u00bb\u00a0\u00bb button_block=\u00a0\u00bbtrue\u00a0\u00bb add_icon=\u00a0\u00bbtrue\u00a0\u00bb link=\u00a0\u00bburl:https%3A%2F%2Fdirect-book.com%2Fproperties%2FHotelSouldeJavea%3Flocale%3Dfr%26items%5B0%5D%5Badults%5D%3D2%26items%5B0%5D%5Bchildren%5D%3D0%26items%5B0%5D%5Binfants%5D%3D0%26currency%3DEUR%26checkInDate%3D2025-04-09%26checkOutDate%3D2025-04-10%26trackPage%3Dno|title:R%C3%A9servations|target:_blank\u00a0\u00bb title=\u00a0\u00bbR\u00c9SERVER\u00a0\u00bb][\/vc_column_inner][vc_column_inner [...]","og_url":"https:\/\/hotelsouldejavea.com\/fr\/contact\/","og_site_name":"Hotel Soul de J\u00e1vea","article_modified_time":"2025-04-09T10:48:41+00:00","twitter_card":"summary_large_image","twitter_misc":{"Dur\u00e9e de lecture estim\u00e9e":"1 minute"},"schema":{"@context":"https:\/\/schema.org","@graph":[{"@type":"WebPage","@id":"https:\/\/hotelsouldejavea.com\/fr\/contact\/","url":"https:\/\/hotelsouldejavea.com\/fr\/contact\/","name":"Contact - Hotel Soul de J\u00e1vea","isPartOf":{"@id":"https:\/\/hotelsouldejavea.com\/fr\/#website"},"datePublished":"2023-07-10T08:07:21+00:00","dateModified":"2025-04-09T10:48:41+00:00","breadcrumb":{"@id":"https:\/\/hotelsouldejavea.com\/fr\/contact\/#breadcrumb"},"inLanguage":"fr-FR","potentialAction":[{"@type":"ReadAction","target":["https:\/\/hotelsouldejavea.com\/fr\/contact\/"]}]},{"@type":"BreadcrumbList","@id":"https:\/\/hotelsouldejavea.com\/fr\/contact\/#breadcrumb","itemListElement":[{"@type":"ListItem","position":1,"name":"Portada","item":"https:\/\/hotelsouldejavea.com\/fr\/"},{"@type":"ListItem","position":2,"name":"Contact"}]},{"@type":"WebSite","@id":"https:\/\/hotelsouldejavea.com\/fr\/#website","url":"https:\/\/hotelsouldejavea.com\/fr\/","name":"Hotel Soul de J\u00e1vea","description":"Hotel Soul de J\u00e1vea","publisher":{"@id":"https:\/\/hotelsouldejavea.com\/fr\/#organization"},"potentialAction":[{"@type":"SearchAction","target":{"@type":"EntryPoint","urlTemplate":"https:\/\/hotelsouldejavea.com\/fr\/?s={search_term_string}"},"query-input":{"@type":"PropertyValueSpecification","valueRequired":true,"valueName":"search_term_string"}}],"inLanguage":"fr-FR"},{"@type":"Organization","@id":"https:\/\/hotelsouldejavea.com\/fr\/#organization","name":"Hotel Soul de J\u00e1vea","url":"https:\/\/hotelsouldejavea.com\/fr\/","logo":{"@type":"ImageObject","inLanguage":"fr-FR","@id":"https:\/\/hotelsouldejavea.com\/fr\/#\/schema\/logo\/image\/","url":"https:\/\/hotelsouldejavea.com\/wp-content\/uploads\/2025\/02\/hotel-soul-de-javea.png","contentUrl":"https:\/\/hotelsouldejavea.com\/wp-content\/uploads\/2025\/02\/hotel-soul-de-javea.png","width":2182,"height":502,"caption":"Hotel Soul de J\u00e1vea"},"image":{"@id":"https:\/\/hotelsouldejavea.com\/fr\/#\/schema\/logo\/image\/"}}]}},"_links":{"self":[{"href":"https:\/\/hotelsouldejavea.com\/fr\/wp-json\/wp\/v2\/pages\/3381","targetHints":{"allow":["GET"]}}],"collection":[{"href":"https:\/\/hotelsouldejavea.com\/fr\/wp-json\/wp\/v2\/pages"}],"about":[{"href":"https:\/\/hotelsouldejavea.com\/fr\/wp-json\/wp\/v2\/types\/page"}],"author":[{"embeddable":true,"href":"https:\/\/hotelsouldejavea.com\/fr\/wp-json\/wp\/v2\/users\/2"}],"replies":[{"embeddable":true,"href":"https:\/\/hotelsouldejavea.com\/fr\/wp-json\/wp\/v2\/comments?post=3381"}],"version-history":[{"count":3,"href":"https:\/\/hotelsouldejavea.com\/fr\/wp-json\/wp\/v2\/pages\/3381\/revisions"}],"predecessor-version":[{"id":3389,"href":"https:\/\/hotelsouldejavea.com\/fr\/wp-json\/wp\/v2\/pages\/3381\/revisions\/3389"}],"wp:attachment":[{"href":"https:\/\/hotelsouldejavea.com\/fr\/wp-json\/wp\/v2\/media?parent=3381"}],"curies":[{"name":"wp","href":"https:\/\/api.w.org\/{rel}","templated":true}]}}