{"id":3357,"date":"2023-07-10T08:06:58","date_gmt":"2023-07-10T08:06:58","guid":{"rendered":"https:\/\/hotelsouldejavea.com\/?page_id=3357"},"modified":"2025-04-09T10:43:52","modified_gmt":"2025-04-09T10:43:52","slug":"restaurant","status":"publish","type":"page","link":"https:\/\/hotelsouldejavea.com\/fr\/restaurant\/","title":{"rendered":"Restaurant"},"content":{"rendered":"<div class=\"wpb-content-wrapper\">[vc_row full_width=\u00a0\u00bbstretch_row_content\u00a0\u00bb content_placement=\u00a0\u00bbtop\u00a0\u00bb css=\u00a0\u00bb.vc_custom_1741949896010{padding-bottom: 45% !important;background-image: url(https:\/\/hotelsouldejavea.com\/wp-content\/uploads\/2023\/07\/20200716-DSC07512.jpg?id=312) !important;background-position: center !important;background-repeat: no-repeat !important;background-size: cover !important;}\u00a0\u00bb][vc_column][\/vc_column][\/vc_row][vc_row css=\u00a0\u00bb.vc_custom_1741951691992{padding-top: 2% !important;padding-right: 10% !important;padding-bottom: 2% !important;padding-left: 10% !important;}\u00a0\u00bb][vc_column][vc_row_inner css=\u00a0\u00bb.vc_custom_1741946940795{padding-top: 5% !important;background-position: center !important;background-repeat: no-repeat !important;background-size: cover !important;}\u00a0\u00bb][vc_column_inner][vc_column_text css=\u00a0\u00bb\u00a0\u00bb]\n<div class=\"wpb_text_column wpb_content_element \">\n<div class=\"wpb_wrapper\">\n<h2 style=\"text-align: justify;\"><span style=\"color: #525252; font-size: 150%;\">BIENVENUE \u00c0 LA MAISON<\/span><\/h2>\n<p style=\"text-align: justify;\">Situ\u00e9 en bord de mer, notre h\u00f4tel est un lieu privil\u00e9gi\u00e9 pour se d\u00e9tendre, en d\u00e9gustant des plats frais sur notre terrasse avec vue sur la mer.<\/p>\n<p style=\"text-align: justify;\">Profitez de notre menu \u00e0 23 \u20ac (boissons non comprises) ou de notre menu \u00e0 la carte dans l&rsquo;un des endroits les plus privil\u00e9gi\u00e9s de J\u00e1vea. Renseignez-vous sur nos options v\u00e9g\u00e9tariennes et v\u00e9g\u00e9taliennes, si vous avez des intol\u00e9rances alimentaires renseignez-vous aupr\u00e8s de notre personnel.<\/p>\n<p style=\"text-align: justify;\">Ou si vous pr\u00e9f\u00e9rez, prenez votre petit-d\u00e9jeuner pour 15 \u20ac sur notre fantastique terrasse. Nous vous proposons un buffet continental et des petits d\u00e9jeuners \u00e0 la carte qui vous surprendront.<\/p>\n<p style=\"text-align: justify;\">Au nom de tout le personnel, nous vous souhaitons la bienvenue dans votre maison \u00e0 J\u00e1vea.<\/p>\n<p style=\"text-align: justify;\">Laissez-vous choyer et profitez de merveilleuses vacances !<\/p>\n<\/div>\n<\/div>\n[\/vc_column_text][vc_empty_space][vc_btn style=\u00a0\u00bboutline-custom\u00a0\u00bb outline_custom_color=\u00a0\u00bb#20BEC9&Prime; outline_custom_hover_background=\u00a0\u00bb#20BEC9&Prime; shape=\u00a0\u00bbsquare\u00a0\u00bb align=\u00a0\u00bbcenter\u00a0\u00bb css=\u00a0\u00bb\u00a0\u00bb button_block=\u00a0\u00bbtrue\u00a0\u00bb link=\u00a0\u00bburl:https%3A%2F%2Fhotelsouldejavea.com%2Ffr%2Fcontact%2F|title:R%C3%89SERVEZ%20MAINTENANT|target:_blank\u00a0\u00bb title=\u00a0\u00bbFAITES VOTRE R\u00c9SERVATION\u00a0\u00bb][vc_empty_space][\/vc_column_inner][\/vc_row_inner][\/vc_column][\/vc_row][vc_row css=\u00a0\u00bb.vc_custom_1741951702591{padding-top: 2% !important;padding-right: 10% !important;padding-bottom: 3% !important;padding-left: 10% !important;}\u00a0\u00bb][vc_column][vc_row_inner gap=\u00a0\u00bb30&Prime;][vc_column_inner width=\u00a0\u00bb1\/2&Prime;][vc_column_text css=\u00a0\u00bb\u00a0\u00bb]\n<div class=\"wpb_text_column wpb_content_element \">\n<div class=\"wpb_wrapper\">\n<h2><strong><span style=\"font-size: 100%; color: #525252;\">MENU DU RESTAURANT<\/span><\/strong><\/h2>\n<p style=\"text-align: justify;\">Le restaurant Soul de J\u00e1vea lance une offre culinaire exclusive bas\u00e9e sur un concept culinaire contemporain, progressiste et libre, inspir\u00e9 de notre ch\u00e8re M\u00e9diterran\u00e9e, une cuisine adapt\u00e9e aux voyages, mais sans sacrifier les produits locaux.<\/p>\n<\/div>\n<\/div>\n[\/vc_column_text][\/vc_column_inner][vc_column_inner width=\u00a0\u00bb1\/2&Prime;][vc_column_text css=\u00a0\u00bb\u00a0\u00bb]\n<div class=\"wpb_text_column wpb_content_element \">\n<div class=\"wpb_wrapper\">\n<h2><span style=\"color: #525252;\"><strong>MENU ENFANT<\/strong><\/span><\/h2>\n<p style=\"text-align: justify;\">Nous savons que les petits appr\u00e9cient les saveurs traditionnelles, c&rsquo;est pourquoi nous cr\u00e9ons un menu simple pour qu&rsquo;ils puissent profiter des joies de la cuisine, en adaptant les menus aux pr\u00e9f\u00e9rences culinaires des enfants.<\/p>\n<\/div>\n<\/div>\n[\/vc_column_text][\/vc_column_inner][\/vc_row_inner][vc_row_inner gap=\u00a0\u00bb30&Prime;][vc_column_inner width=\u00a0\u00bb1\/2&Prime;][vc_single_image image=\u00a0\u00bb3053&Prime; css=\u00a0\u00bb\u00a0\u00bb img_size=\u00a0\u00bblarge\u00a0\u00bb][\/vc_column_inner][vc_column_inner width=\u00a0\u00bb1\/2&Prime;][vc_single_image image=\u00a0\u00bb3055&Prime; css=\u00a0\u00bb\u00a0\u00bb img_size=\u00a0\u00bblarge\u00a0\u00bb][\/vc_column_inner][\/vc_row_inner][vc_empty_space][vc_row_inner gap=\u00a0\u00bb30&Prime; css=\u00a0\u00bb.vc_custom_1741948955140{padding-top: 2% !important;}\u00a0\u00bb][vc_column_inner width=\u00a0\u00bb1\/2&Prime;][vc_column_text css=\u00a0\u00bb\u00a0\u00bb]\n<div class=\"wpb_text_column wpb_content_element \">\n<div class=\"wpb_wrapper\">\n<h2><span style=\"color: #525252;\"><strong>SKY-BAR<\/strong><\/span><\/h2>\n<p style=\"text-align: justify;\">Notre bar est ouvert jour et nuit. Pendant la journ\u00e9e, vous pourrez d\u00e9guster les meilleurs cocktails tout en vous rafra\u00eechissant dans la piscine, et le soir, vous pourrez profiter de la brise marine sur notre terrasse surplombant la mer M\u00e9diterran\u00e9e.<\/p>\n<\/div>\n<\/div>\n[\/vc_column_text][\/vc_column_inner][vc_column_inner width=\u00a0\u00bb1\/2&Prime;][vc_column_text css=\u00a0\u00bb\u00a0\u00bb]\n<div class=\"wpb_text_column wpb_content_element \">\n<div class=\"wpb_wrapper\">\n<h2><span style=\"color: #525252;\"><strong>MENU PETIT-D\u00c9JEUNER<\/strong><\/span><\/h2>\n<p style=\"text-align: justify;\">Le petit-d\u00e9jeuner est le repas le plus important de la journ\u00e9e, c&rsquo;est pourquoi nous prenons soin de nos petits-d\u00e9jeuners en proposant des ingr\u00e9dients naturels, frais et d&rsquo;origine locale. P\u00e2tisseries artisanales et produits typiquement m\u00e9diterran\u00e9ens.<\/p>\n<\/div>\n<\/div>\n[\/vc_column_text][\/vc_column_inner][\/vc_row_inner][vc_row_inner gap=\u00a0\u00bb30&Prime;][vc_column_inner width=\u00a0\u00bb1\/2&Prime;][vc_single_image image=\u00a0\u00bb3067&Prime; css=\u00a0\u00bb\u00a0\u00bb img_size=\u00a0\u00bblarge\u00a0\u00bb][\/vc_column_inner][vc_column_inner width=\u00a0\u00bb1\/2&Prime;][vc_single_image image=\u00a0\u00bb3069&Prime; css=\u00a0\u00bb\u00a0\u00bb img_size=\u00a0\u00bblarge\u00a0\u00bb][\/vc_column_inner][\/vc_row_inner][vc_empty_space][vc_btn style=\u00a0\u00bboutline-custom\u00a0\u00bb outline_custom_color=\u00a0\u00bb#20BEC9&Prime; outline_custom_hover_background=\u00a0\u00bb#20BEC9&Prime; shape=\u00a0\u00bbsquare\u00a0\u00bb align=\u00a0\u00bbcenter\u00a0\u00bb css=\u00a0\u00bb\u00a0\u00bb button_block=\u00a0\u00bbtrue\u00a0\u00bb link=\u00a0\u00bburl:https%3A%2F%2Fhotelsouldejavea.com%2Ffr%2Fcontact%2F|title:R%C3%89SERVEZ%20MAINTENANT|target:_blank\u00a0\u00bb title=\u00a0\u00bbFAITES VOTRE R\u00c9SERVATION\u00a0\u00bb][vc_empty_space][vc_empty_space][vc_row_inner][vc_column_inner][vc_column_text css=\u00a0\u00bb\u00a0\u00bb]\n<div id='gallery-1' class='gallery galleryid-3357 gallery-columns-7 gallery-size-thumbnail'><figure class='gallery-item'>\n\t\t\t<div class='gallery-icon landscape'>\n\t\t\t\t<a href='https:\/\/hotelsouldejavea.com\/wp-content\/uploads\/2023\/07\/20200716-DSC07512.jpg'><img loading=\"lazy\" decoding=\"async\" width=\"150\" height=\"150\" src=\"https:\/\/hotelsouldejavea.com\/wp-content\/uploads\/2023\/07\/20200716-DSC07512-150x150.jpg\" class=\"attachment-thumbnail size-thumbnail\" alt=\"\" \/><\/a>\n\t\t\t<\/div><\/figure><figure class='gallery-item'>\n\t\t\t<div class='gallery-icon landscape'>\n\t\t\t\t<a href='https:\/\/hotelsouldejavea.com\/wp-content\/uploads\/2023\/07\/20200716-DSC07514.jpg'><img loading=\"lazy\" decoding=\"async\" width=\"150\" height=\"150\" src=\"https:\/\/hotelsouldejavea.com\/wp-content\/uploads\/2023\/07\/20200716-DSC07514-150x150.jpg\" class=\"attachment-thumbnail size-thumbnail\" alt=\"\" \/><\/a>\n\t\t\t<\/div><\/figure><figure class='gallery-item'>\n\t\t\t<div class='gallery-icon landscape'>\n\t\t\t\t<a href='https:\/\/hotelsouldejavea.com\/wp-content\/uploads\/2023\/07\/20200716-DSC07510.jpg'><img loading=\"lazy\" decoding=\"async\" width=\"150\" height=\"150\" src=\"https:\/\/hotelsouldejavea.com\/wp-content\/uploads\/2023\/07\/20200716-DSC07510-150x150.jpg\" class=\"attachment-thumbnail size-thumbnail\" alt=\"\" \/><\/a>\n\t\t\t<\/div><\/figure><figure class='gallery-item'>\n\t\t\t<div class='gallery-icon landscape'>\n\t\t\t\t<a href='https:\/\/hotelsouldejavea.com\/wp-content\/uploads\/2023\/07\/pexels-photo-1516415.jpeg'><img loading=\"lazy\" decoding=\"async\" width=\"150\" height=\"150\" src=\"https:\/\/hotelsouldejavea.com\/wp-content\/uploads\/2023\/07\/pexels-photo-1516415-150x150.jpeg\" class=\"attachment-thumbnail size-thumbnail\" alt=\"\" \/><\/a>\n\t\t\t<\/div><\/figure><figure class='gallery-item'>\n\t\t\t<div class='gallery-icon landscape'>\n\t\t\t\t<a href='https:\/\/hotelsouldejavea.com\/wp-content\/uploads\/2023\/07\/20200716-DSC07492.jpg'><img loading=\"lazy\" decoding=\"async\" width=\"150\" height=\"150\" src=\"https:\/\/hotelsouldejavea.com\/wp-content\/uploads\/2023\/07\/20200716-DSC07492-150x150.jpg\" class=\"attachment-thumbnail size-thumbnail\" alt=\"\" \/><\/a>\n\t\t\t<\/div><\/figure><figure class='gallery-item'>\n\t\t\t<div class='gallery-icon landscape'>\n\t\t\t\t<a href='https:\/\/hotelsouldejavea.com\/wp-content\/uploads\/2023\/07\/20200716-DSC07500.jpg'><img loading=\"lazy\" decoding=\"async\" width=\"150\" height=\"150\" src=\"https:\/\/hotelsouldejavea.com\/wp-content\/uploads\/2023\/07\/20200716-DSC07500-150x150.jpg\" class=\"attachment-thumbnail size-thumbnail\" alt=\"\" \/><\/a>\n\t\t\t<\/div><\/figure><figure class='gallery-item'>\n\t\t\t<div class='gallery-icon landscape'>\n\t\t\t\t<a href='https:\/\/hotelsouldejavea.com\/wp-content\/uploads\/2023\/07\/el-mejor-restaurante-en-javea-scaled.jpg'><img loading=\"lazy\" decoding=\"async\" width=\"150\" height=\"150\" src=\"https:\/\/hotelsouldejavea.com\/wp-content\/uploads\/2023\/07\/el-mejor-restaurante-en-javea-150x150.jpg\" class=\"attachment-thumbnail size-thumbnail\" alt=\"\" \/><\/a>\n\t\t\t<\/div><\/figure><figure class='gallery-item'>\n\t\t\t<div class='gallery-icon landscape'>\n\t\t\t\t<a href='https:\/\/hotelsouldejavea.com\/wp-content\/uploads\/2023\/07\/PMO02314-scaled.jpg'><img loading=\"lazy\" decoding=\"async\" width=\"150\" height=\"150\" src=\"https:\/\/hotelsouldejavea.com\/wp-content\/uploads\/2023\/07\/PMO02314-150x150.jpg\" class=\"attachment-thumbnail size-thumbnail\" alt=\"\" \/><\/a>\n\t\t\t<\/div><\/figure><figure class='gallery-item'>\n\t\t\t<div class='gallery-icon landscape'>\n\t\t\t\t<a href='https:\/\/hotelsouldejavea.com\/wp-content\/uploads\/2023\/07\/20200716-DSC07519.jpg'><img loading=\"lazy\" decoding=\"async\" width=\"150\" height=\"150\" src=\"https:\/\/hotelsouldejavea.com\/wp-content\/uploads\/2023\/07\/20200716-DSC07519-150x150.jpg\" class=\"attachment-thumbnail size-thumbnail\" alt=\"\" \/><\/a>\n\t\t\t<\/div><\/figure><figure class='gallery-item'>\n\t\t\t<div class='gallery-icon landscape'>\n\t\t\t\t<a href='https:\/\/hotelsouldejavea.com\/wp-content\/uploads\/2023\/07\/20200716-DSC07504.jpg'><img loading=\"lazy\" decoding=\"async\" width=\"150\" height=\"150\" src=\"https:\/\/hotelsouldejavea.com\/wp-content\/uploads\/2023\/07\/20200716-DSC07504-150x150.jpg\" class=\"attachment-thumbnail size-thumbnail\" alt=\"\" \/><\/a>\n\t\t\t<\/div><\/figure><figure class='gallery-item'>\n\t\t\t<div class='gallery-icon portrait'>\n\t\t\t\t<a href='https:\/\/hotelsouldejavea.com\/wp-content\/uploads\/2023\/07\/restaurante-cocina-mediterranea.jpg'><img loading=\"lazy\" decoding=\"async\" width=\"150\" height=\"150\" src=\"https:\/\/hotelsouldejavea.com\/wp-content\/uploads\/2023\/07\/restaurante-cocina-mediterranea-150x150.jpg\" class=\"attachment-thumbnail size-thumbnail\" alt=\"\" \/><\/a>\n\t\t\t<\/div><\/figure><figure class='gallery-item'>\n\t\t\t<div class='gallery-icon landscape'>\n\t\t\t\t<a href='https:\/\/hotelsouldejavea.com\/wp-content\/uploads\/2023\/07\/PMO02306-scaled.jpg'><img loading=\"lazy\" decoding=\"async\" width=\"150\" height=\"150\" src=\"https:\/\/hotelsouldejavea.com\/wp-content\/uploads\/2023\/07\/PMO02306-150x150.jpg\" class=\"attachment-thumbnail size-thumbnail\" alt=\"\" \/><\/a>\n\t\t\t<\/div><\/figure><figure class='gallery-item'>\n\t\t\t<div class='gallery-icon landscape'>\n\t\t\t\t<a href='https:\/\/hotelsouldejavea.com\/wp-content\/uploads\/2025\/03\/20200716-DSC07536.webp'><img loading=\"lazy\" decoding=\"async\" width=\"150\" height=\"150\" src=\"https:\/\/hotelsouldejavea.com\/wp-content\/uploads\/2025\/03\/20200716-DSC07536-150x150.webp\" class=\"attachment-thumbnail size-thumbnail\" alt=\"\" \/><\/a>\n\t\t\t<\/div><\/figure><figure class='gallery-item'>\n\t\t\t<div class='gallery-icon landscape'>\n\t\t\t\t<a href='https:\/\/hotelsouldejavea.com\/wp-content\/uploads\/2025\/03\/RESTAURANTE-JAVEA-DSC07508.webp'><img loading=\"lazy\" decoding=\"async\" width=\"150\" height=\"150\" src=\"https:\/\/hotelsouldejavea.com\/wp-content\/uploads\/2025\/03\/RESTAURANTE-JAVEA-DSC07508-150x150.webp\" class=\"attachment-thumbnail size-thumbnail\" alt=\"\" \/><\/a>\n\t\t\t<\/div><\/figure><figure class='gallery-item'>\n\t\t\t<div class='gallery-icon landscape'>\n\t\t\t\t<a href='https:\/\/hotelsouldejavea.com\/wp-content\/uploads\/2025\/03\/20200716-DSC07546.webp'><img loading=\"lazy\" decoding=\"async\" width=\"150\" height=\"150\" src=\"https:\/\/hotelsouldejavea.com\/wp-content\/uploads\/2025\/03\/20200716-DSC07546-150x150.webp\" class=\"attachment-thumbnail size-thumbnail\" alt=\"\" \/><\/a>\n\t\t\t<\/div><\/figure><figure class='gallery-item'>\n\t\t\t<div class='gallery-icon landscape'>\n\t\t\t\t<a href='https:\/\/hotelsouldejavea.com\/wp-content\/uploads\/2025\/03\/bar-javea.png'><img loading=\"lazy\" decoding=\"async\" width=\"150\" height=\"150\" src=\"https:\/\/hotelsouldejavea.com\/wp-content\/uploads\/2025\/03\/bar-javea-150x150.png\" class=\"attachment-thumbnail size-thumbnail\" alt=\"\" \/><\/a>\n\t\t\t<\/div><\/figure><figure class='gallery-item'>\n\t\t\t<div class='gallery-icon landscape'>\n\t\t\t\t<a href='https:\/\/hotelsouldejavea.com\/wp-content\/uploads\/2025\/03\/menu-desayuno-javea.png'><img loading=\"lazy\" decoding=\"async\" width=\"150\" height=\"150\" src=\"https:\/\/hotelsouldejavea.com\/wp-content\/uploads\/2025\/03\/menu-desayuno-javea-150x150.png\" class=\"attachment-thumbnail size-thumbnail\" alt=\"\" \/><\/a>\n\t\t\t<\/div><\/figure><figure class='gallery-item'>\n\t\t\t<div class='gallery-icon landscape'>\n\t\t\t\t<a href='https:\/\/hotelsouldejavea.com\/wp-content\/uploads\/2025\/03\/skybar-javea.webp'><img loading=\"lazy\" decoding=\"async\" width=\"150\" height=\"150\" src=\"https:\/\/hotelsouldejavea.com\/wp-content\/uploads\/2025\/03\/skybar-javea-150x150.webp\" class=\"attachment-thumbnail size-thumbnail\" alt=\"\" \/><\/a>\n\t\t\t<\/div><\/figure><figure class='gallery-item'>\n\t\t\t<div class='gallery-icon landscape'>\n\t\t\t\t<a href='https:\/\/hotelsouldejavea.com\/wp-content\/uploads\/2023\/08\/PMO02455-scaled.jpg'><img loading=\"lazy\" decoding=\"async\" width=\"150\" height=\"150\" src=\"https:\/\/hotelsouldejavea.com\/wp-content\/uploads\/2023\/08\/PMO02455-150x150.jpg\" class=\"attachment-thumbnail size-thumbnail\" alt=\"\" \/><\/a>\n\t\t\t<\/div><\/figure><figure class='gallery-item'>\n\t\t\t<div class='gallery-icon landscape'>\n\t\t\t\t<a href='https:\/\/hotelsouldejavea.com\/wp-content\/uploads\/2023\/07\/PMO02396-scaled.jpg'><img loading=\"lazy\" decoding=\"async\" width=\"150\" height=\"150\" src=\"https:\/\/hotelsouldejavea.com\/wp-content\/uploads\/2023\/07\/PMO02396-150x150.jpg\" class=\"attachment-thumbnail size-thumbnail\" alt=\"\" \/><\/a>\n\t\t\t<\/div><\/figure><figure class='gallery-item'>\n\t\t\t<div class='gallery-icon landscape'>\n\t\t\t\t<a href='https:\/\/hotelsouldejavea.com\/wp-content\/uploads\/2023\/07\/PMO02261-scaled.jpg'><img loading=\"lazy\" decoding=\"async\" width=\"150\" height=\"150\" src=\"https:\/\/hotelsouldejavea.com\/wp-content\/uploads\/2023\/07\/PMO02261-150x150.jpg\" class=\"attachment-thumbnail size-thumbnail\" alt=\"\" \/><\/a>\n\t\t\t<\/div><\/figure>\n\t\t<\/div>\n\n[\/vc_column_text][\/vc_column_inner][\/vc_row_inner][\/vc_column][\/vc_row]\n<\/div>","protected":false},"excerpt":{"rendered":"[vc_row full_width=\u00a0\u00bbstretch_row_content\u00a0\u00bb content_placement=\u00a0\u00bbtop\u00a0\u00bb css=\u00a0\u00bb.vc_custom_1741949896010{padding-bottom: 45% !important;background-image: url(https:\/\/hotelsouldejavea.com\/wp-content\/uploads\/2023\/07\/20200716-DSC07512.jpg?id=312) !important;background-position: center !important;background-repeat: no-repeat !important;background-size: cover !important;}\u00a0\u00bb][vc_column][\/vc_column][\/vc_row][vc_row css=\u00a0\u00bb.vc_custom_1741951691992{padding-top: 2% !important;padding-right: 10% !important;padding-bottom: 2% !important;padding-left: 10% !important;}\u00a0\u00bb][vc_column][vc_row_inner css=\u00a0\u00bb.vc_custom_1741946940795{padding-top: 5% !important;background-position: center !important;background-repeat: no-repeat !important;background-size: cover !important;}\u00a0\u00bb][vc_column_inner][vc_column_text css=\u00a0\u00bb\u00a0\u00bb] BIENVENUE \u00c0 LA MAISON Situ\u00e9 en bord de mer, notre h\u00f4tel est un lieu privil\u00e9gi\u00e9 pour se d\u00e9tendre, en d\u00e9gustant des plats [&#8230;]\n","protected":false},"author":2,"featured_media":0,"parent":0,"menu_order":0,"comment_status":"closed","ping_status":"closed","template":"page-blank.php","meta":{"footnotes":""},"class_list":["post-3357","page","type-page","status-publish","hentry"],"yoast_head":"<!-- This site is optimized with the Yoast SEO plugin v27.5 - https:\/\/yoast.com\/product\/yoast-seo-wordpress\/ -->\n<title>Restaurant - Hotel Soul de J\u00e1vea<\/title>\n<meta name=\"robots\" content=\"index, follow, max-snippet:-1, max-image-preview:large, max-video-preview:-1\" \/>\n<link rel=\"canonical\" href=\"https:\/\/hotelsouldejavea.com\/fr\/restaurant\/\" \/>\n<meta property=\"og:locale\" content=\"fr_FR\" \/>\n<meta property=\"og:type\" content=\"article\" \/>\n<meta property=\"og:title\" content=\"Restaurant - Hotel Soul de J\u00e1vea\" \/>\n<meta property=\"og:description\" content=\"[vc_row full_width=\u00a0\u00bbstretch_row_content\u00a0\u00bb content_placement=\u00a0\u00bbtop\u00a0\u00bb css=\u00a0\u00bb.vc_custom_1741949896010{padding-bottom: 45% !important;background-image: url(https:\/\/hotelsouldejavea.com\/wp-content\/uploads\/2023\/07\/20200716-DSC07512.jpg?id=312) !important;background-position: center !important;background-repeat: no-repeat !important;background-size: cover !important;}\u00a0\u00bb][vc_column][\/vc_column][\/vc_row][vc_row css=\u00a0\u00bb.vc_custom_1741951691992{padding-top: 2% !important;padding-right: 10% !important;padding-bottom: 2% !important;padding-left: 10% !important;}\u00a0\u00bb][vc_column][vc_row_inner css=\u00a0\u00bb.vc_custom_1741946940795{padding-top: 5% !important;background-position: center !important;background-repeat: no-repeat !important;background-size: cover !important;}\u00a0\u00bb][vc_column_inner][vc_column_text css=\u00a0\u00bb\u00a0\u00bb] BIENVENUE \u00c0 LA MAISON Situ\u00e9 en bord de mer, notre h\u00f4tel est un lieu privil\u00e9gi\u00e9 pour se d\u00e9tendre, en d\u00e9gustant des plats [...]\" \/>\n<meta property=\"og:url\" content=\"https:\/\/hotelsouldejavea.com\/fr\/restaurant\/\" \/>\n<meta property=\"og:site_name\" content=\"Hotel Soul de J\u00e1vea\" \/>\n<meta property=\"article:modified_time\" content=\"2025-04-09T10:43:52+00:00\" \/>\n<meta name=\"twitter:card\" content=\"summary_large_image\" \/>\n<meta name=\"twitter:label1\" content=\"Dur\u00e9e de lecture estim\u00e9e\" \/>\n\t<meta name=\"twitter:data1\" content=\"3 minutes\" \/>\n<script type=\"application\/ld+json\" class=\"yoast-schema-graph\">{\"@context\":\"https:\\\/\\\/schema.org\",\"@graph\":[{\"@type\":\"WebPage\",\"@id\":\"https:\\\/\\\/hotelsouldejavea.com\\\/fr\\\/restaurant\\\/\",\"url\":\"https:\\\/\\\/hotelsouldejavea.com\\\/fr\\\/restaurant\\\/\",\"name\":\"Restaurant - Hotel Soul de J\u00e1vea\",\"isPartOf\":{\"@id\":\"https:\\\/\\\/hotelsouldejavea.com\\\/fr\\\/#website\"},\"datePublished\":\"2023-07-10T08:06:58+00:00\",\"dateModified\":\"2025-04-09T10:43:52+00:00\",\"breadcrumb\":{\"@id\":\"https:\\\/\\\/hotelsouldejavea.com\\\/fr\\\/restaurant\\\/#breadcrumb\"},\"inLanguage\":\"fr-FR\",\"potentialAction\":[{\"@type\":\"ReadAction\",\"target\":[\"https:\\\/\\\/hotelsouldejavea.com\\\/fr\\\/restaurant\\\/\"]}]},{\"@type\":\"BreadcrumbList\",\"@id\":\"https:\\\/\\\/hotelsouldejavea.com\\\/fr\\\/restaurant\\\/#breadcrumb\",\"itemListElement\":[{\"@type\":\"ListItem\",\"position\":1,\"name\":\"Portada\",\"item\":\"https:\\\/\\\/hotelsouldejavea.com\\\/fr\\\/\"},{\"@type\":\"ListItem\",\"position\":2,\"name\":\"Restaurant\"}]},{\"@type\":\"WebSite\",\"@id\":\"https:\\\/\\\/hotelsouldejavea.com\\\/fr\\\/#website\",\"url\":\"https:\\\/\\\/hotelsouldejavea.com\\\/fr\\\/\",\"name\":\"Hotel Soul de J\u00e1vea\",\"description\":\"Hotel Soul de J\u00e1vea\",\"publisher\":{\"@id\":\"https:\\\/\\\/hotelsouldejavea.com\\\/fr\\\/#organization\"},\"potentialAction\":[{\"@type\":\"SearchAction\",\"target\":{\"@type\":\"EntryPoint\",\"urlTemplate\":\"https:\\\/\\\/hotelsouldejavea.com\\\/fr\\\/?s={search_term_string}\"},\"query-input\":{\"@type\":\"PropertyValueSpecification\",\"valueRequired\":true,\"valueName\":\"search_term_string\"}}],\"inLanguage\":\"fr-FR\"},{\"@type\":\"Organization\",\"@id\":\"https:\\\/\\\/hotelsouldejavea.com\\\/fr\\\/#organization\",\"name\":\"Hotel Soul de J\u00e1vea\",\"url\":\"https:\\\/\\\/hotelsouldejavea.com\\\/fr\\\/\",\"logo\":{\"@type\":\"ImageObject\",\"inLanguage\":\"fr-FR\",\"@id\":\"https:\\\/\\\/hotelsouldejavea.com\\\/fr\\\/#\\\/schema\\\/logo\\\/image\\\/\",\"url\":\"https:\\\/\\\/hotelsouldejavea.com\\\/wp-content\\\/uploads\\\/2025\\\/02\\\/hotel-soul-de-javea.png\",\"contentUrl\":\"https:\\\/\\\/hotelsouldejavea.com\\\/wp-content\\\/uploads\\\/2025\\\/02\\\/hotel-soul-de-javea.png\",\"width\":2182,\"height\":502,\"caption\":\"Hotel Soul de J\u00e1vea\"},\"image\":{\"@id\":\"https:\\\/\\\/hotelsouldejavea.com\\\/fr\\\/#\\\/schema\\\/logo\\\/image\\\/\"}}]}<\/script>\n<!-- \/ Yoast SEO plugin. -->","yoast_head_json":{"title":"Restaurant - Hotel Soul de J\u00e1vea","robots":{"index":"index","follow":"follow","max-snippet":"max-snippet:-1","max-image-preview":"max-image-preview:large","max-video-preview":"max-video-preview:-1"},"canonical":"https:\/\/hotelsouldejavea.com\/fr\/restaurant\/","og_locale":"fr_FR","og_type":"article","og_title":"Restaurant - Hotel Soul de J\u00e1vea","og_description":"[vc_row full_width=\u00a0\u00bbstretch_row_content\u00a0\u00bb content_placement=\u00a0\u00bbtop\u00a0\u00bb css=\u00a0\u00bb.vc_custom_1741949896010{padding-bottom: 45% !important;background-image: url(https:\/\/hotelsouldejavea.com\/wp-content\/uploads\/2023\/07\/20200716-DSC07512.jpg?id=312) !important;background-position: center !important;background-repeat: no-repeat !important;background-size: cover !important;}\u00a0\u00bb][vc_column][\/vc_column][\/vc_row][vc_row css=\u00a0\u00bb.vc_custom_1741951691992{padding-top: 2% !important;padding-right: 10% !important;padding-bottom: 2% !important;padding-left: 10% !important;}\u00a0\u00bb][vc_column][vc_row_inner css=\u00a0\u00bb.vc_custom_1741946940795{padding-top: 5% !important;background-position: center !important;background-repeat: no-repeat !important;background-size: cover !important;}\u00a0\u00bb][vc_column_inner][vc_column_text css=\u00a0\u00bb\u00a0\u00bb] BIENVENUE \u00c0 LA MAISON Situ\u00e9 en bord de mer, notre h\u00f4tel est un lieu privil\u00e9gi\u00e9 pour se d\u00e9tendre, en d\u00e9gustant des plats [...]","og_url":"https:\/\/hotelsouldejavea.com\/fr\/restaurant\/","og_site_name":"Hotel Soul de J\u00e1vea","article_modified_time":"2025-04-09T10:43:52+00:00","twitter_card":"summary_large_image","twitter_misc":{"Dur\u00e9e de lecture estim\u00e9e":"3 minutes"},"schema":{"@context":"https:\/\/schema.org","@graph":[{"@type":"WebPage","@id":"https:\/\/hotelsouldejavea.com\/fr\/restaurant\/","url":"https:\/\/hotelsouldejavea.com\/fr\/restaurant\/","name":"Restaurant - Hotel Soul de J\u00e1vea","isPartOf":{"@id":"https:\/\/hotelsouldejavea.com\/fr\/#website"},"datePublished":"2023-07-10T08:06:58+00:00","dateModified":"2025-04-09T10:43:52+00:00","breadcrumb":{"@id":"https:\/\/hotelsouldejavea.com\/fr\/restaurant\/#breadcrumb"},"inLanguage":"fr-FR","potentialAction":[{"@type":"ReadAction","target":["https:\/\/hotelsouldejavea.com\/fr\/restaurant\/"]}]},{"@type":"BreadcrumbList","@id":"https:\/\/hotelsouldejavea.com\/fr\/restaurant\/#breadcrumb","itemListElement":[{"@type":"ListItem","position":1,"name":"Portada","item":"https:\/\/hotelsouldejavea.com\/fr\/"},{"@type":"ListItem","position":2,"name":"Restaurant"}]},{"@type":"WebSite","@id":"https:\/\/hotelsouldejavea.com\/fr\/#website","url":"https:\/\/hotelsouldejavea.com\/fr\/","name":"Hotel Soul de J\u00e1vea","description":"Hotel Soul de J\u00e1vea","publisher":{"@id":"https:\/\/hotelsouldejavea.com\/fr\/#organization"},"potentialAction":[{"@type":"SearchAction","target":{"@type":"EntryPoint","urlTemplate":"https:\/\/hotelsouldejavea.com\/fr\/?s={search_term_string}"},"query-input":{"@type":"PropertyValueSpecification","valueRequired":true,"valueName":"search_term_string"}}],"inLanguage":"fr-FR"},{"@type":"Organization","@id":"https:\/\/hotelsouldejavea.com\/fr\/#organization","name":"Hotel Soul de J\u00e1vea","url":"https:\/\/hotelsouldejavea.com\/fr\/","logo":{"@type":"ImageObject","inLanguage":"fr-FR","@id":"https:\/\/hotelsouldejavea.com\/fr\/#\/schema\/logo\/image\/","url":"https:\/\/hotelsouldejavea.com\/wp-content\/uploads\/2025\/02\/hotel-soul-de-javea.png","contentUrl":"https:\/\/hotelsouldejavea.com\/wp-content\/uploads\/2025\/02\/hotel-soul-de-javea.png","width":2182,"height":502,"caption":"Hotel Soul de J\u00e1vea"},"image":{"@id":"https:\/\/hotelsouldejavea.com\/fr\/#\/schema\/logo\/image\/"}}]}},"_links":{"self":[{"href":"https:\/\/hotelsouldejavea.com\/fr\/wp-json\/wp\/v2\/pages\/3357","targetHints":{"allow":["GET"]}}],"collection":[{"href":"https:\/\/hotelsouldejavea.com\/fr\/wp-json\/wp\/v2\/pages"}],"about":[{"href":"https:\/\/hotelsouldejavea.com\/fr\/wp-json\/wp\/v2\/types\/page"}],"author":[{"embeddable":true,"href":"https:\/\/hotelsouldejavea.com\/fr\/wp-json\/wp\/v2\/users\/2"}],"replies":[{"embeddable":true,"href":"https:\/\/hotelsouldejavea.com\/fr\/wp-json\/wp\/v2\/comments?post=3357"}],"version-history":[{"count":1,"href":"https:\/\/hotelsouldejavea.com\/fr\/wp-json\/wp\/v2\/pages\/3357\/revisions"}],"predecessor-version":[{"id":3387,"href":"https:\/\/hotelsouldejavea.com\/fr\/wp-json\/wp\/v2\/pages\/3357\/revisions\/3387"}],"wp:attachment":[{"href":"https:\/\/hotelsouldejavea.com\/fr\/wp-json\/wp\/v2\/media?parent=3357"}],"curies":[{"name":"wp","href":"https:\/\/api.w.org\/{rel}","templated":true}]}}