{"id":3293,"date":"2023-08-15T13:04:11","date_gmt":"2023-08-15T13:04:11","guid":{"rendered":"https:\/\/hotelsouldejavea.com\/?page_id=3293"},"modified":"2025-04-10T09:29:59","modified_gmt":"2025-04-10T09:29:59","slug":"chambre-double-vue-interieure","status":"publish","type":"page","link":"https:\/\/hotelsouldejavea.com\/fr\/chambre-double-vue-interieure\/","title":{"rendered":"Chambre double vue int\u00e9rieure"},"content":{"rendered":"<div class=\"wpb-content-wrapper\">[vc_row css=\u00a0\u00bb.vc_custom_1739877760692{padding-top: 5% !important;padding-right: 5% !important;padding-bottom: 5% !important;padding-left: 5% !important;}\u00a0\u00bb][vc_column][vc_column_text css=\u00a0\u00bb\u00a0\u00bb]\n<h2 class=\"thin-font\" style=\"text-align: left;\"><span style=\"font-size: 150%;\">Chambre double vue int\u00e9rieure<\/span><\/h2>\n[\/vc_column_text][vc_empty_space][vc_row_inner gap=\u00a0\u00bb35&Prime;][vc_column_inner width=\u00a0\u00bb1\/2&Prime;][vc_single_image image=\u00a0\u00bb1291&Prime; alignment=\u00a0\u00bbcenter\u00a0\u00bb css=\u00a0\u00bb\u00a0\u00bb img_size=\u00a0\u00bblarge\u00a0\u00bb][\/vc_column_inner][vc_column_inner width=\u00a0\u00bb1\/2&Prime;][vc_column_text css=\u00a0\u00bb\u00a0\u00bb]Les chambres doubles disposent d&rsquo;une salle de bain compl\u00e8te avec douche, d&rsquo;un lit double de 1,50 m\u00e8tre et de la possibilit\u00e9 d&rsquo;ajouter un berceau.[\/vc_column_text][vc_column_text css=\u00a0\u00bb\u00a0\u00bb]Petit d\u00e9jeuner inclus.[\/vc_column_text][vc_empty_space height=\u00a0\u00bb22px\u00a0\u00bb][vc_column_text css=\u00a0\u00bb\u00a0\u00bb]\n<ul>\n<li>Maximum 2 adultes<\/li>\n<li>Lit de 150cm<\/li>\n<li>Possibilit\u00e9 d&rsquo;ajouter un berceau<\/li>\n<li>Douche<\/li>\n<li>Coffre-fort gratuit<\/li>\n<li>Produits Rituals<\/li>\n<li>Interdiction de fumer<\/li>\n<\/ul>\n[\/vc_column_text][vc_empty_space][vc_btn style=\u00a0\u00bboutline-custom\u00a0\u00bb outline_custom_color=\u00a0\u00bb#20BEC9&Prime; outline_custom_hover_background=\u00a0\u00bb#20BEC9&Prime; shape=\u00a0\u00bbsquare\u00a0\u00bb size=\u00a0\u00bblg\u00a0\u00bb align=\u00a0\u00bbcenter\u00a0\u00bb i_icon_fontawesome=\u00a0\u00bbfar fa-calendar-check\u00a0\u00bb css=\u00a0\u00bb\u00a0\u00bb button_block=\u00a0\u00bbtrue\u00a0\u00bb add_icon=\u00a0\u00bbtrue\u00a0\u00bb link=\u00a0\u00bburl:https%3A%2F%2Fdirect-book.com%2Fproperties%2FHotelSouldeJavea%3Flocale%3Dfr%26items%5B0%5D%5Badults%5D%3D2%26items%5B0%5D%5Bchildren%5D%3D0%26items%5B0%5D%5Binfants%5D%3D0%26currency%3DEUR%26checkInDate%3D2025-04-09%26checkOutDate%3D2025-04-10%26trackPage%3Dno|title:R%C3%A9servations|target:_blank\u00a0\u00bb title=\u00a0\u00bbR\u00c9SERVER\u00a0\u00bb][vc_empty_space][\/vc_column_inner][\/vc_row_inner][vc_row_inner][vc_column_inner width=\u00a0\u00bb1\/4&Prime;][vc_single_image image=\u00a0\u00bb1291&Prime; onclick=\u00a0\u00bblink_image\u00a0\u00bb css=\u00a0\u00bb\u00a0\u00bb img_size=\u00a0\u00bblarge\u00a0\u00bb][\/vc_column_inner][vc_column_inner width=\u00a0\u00bb1\/4&Prime;][vc_single_image image=\u00a0\u00bb1292&Prime; onclick=\u00a0\u00bblink_image\u00a0\u00bb css=\u00a0\u00bb\u00a0\u00bb img_size=\u00a0\u00bblarge\u00a0\u00bb][\/vc_column_inner][vc_column_inner width=\u00a0\u00bb1\/4&Prime;][vc_single_image image=\u00a0\u00bb1293&Prime; onclick=\u00a0\u00bblink_image\u00a0\u00bb css=\u00a0\u00bb\u00a0\u00bb img_size=\u00a0\u00bblarge\u00a0\u00bb][\/vc_column_inner][vc_column_inner width=\u00a0\u00bb1\/4&Prime;][vc_single_image image=\u00a0\u00bb1846&Prime; onclick=\u00a0\u00bblink_image\u00a0\u00bb css=\u00a0\u00bb\u00a0\u00bb img_size=\u00a0\u00bblarge\u00a0\u00bb][\/vc_column_inner][\/vc_row_inner][\/vc_column][vc_column][\/vc_column][\/vc_row][vc_row gap=\u00a0\u00bb35&Prime; css=\u00a0\u00bb.vc_custom_1739877689787{padding-top: 4% !important;padding-right: 5% !important;padding-bottom: 5% !important;padding-left: 5% !important;background-color: #EAF5F6 !important;}\u00a0\u00bb][vc_column width=\u00a0\u00bb1\/2&Prime;][vc_column_text css=\u00a0\u00bb\u00a0\u00bb]\n<h2 class=\"thin-font\" style=\"text-align: left;\"><span style=\"font-size: 130%;\">Profitez de J\u00e1vea au bord de la plage\u00a0<\/span><\/h2>\n[\/vc_column_text][vc_empty_space][vc_column_text css=\u00a0\u00bb\u00a0\u00bb]Situ\u00e9e en bord de mer \u00e0 J\u00e1vea, votre chambre a \u00e9t\u00e9 con\u00e7ue pour vous offrir confort, \u00e9l\u00e9gance et une exp\u00e9rience de d\u00e9tente unique.<\/p>\n<p>D\u00e9couvrez l\u2019H\u00f4tel Soul de J\u00e1vea sur la magnifique c\u00f4te d\u2019Alicante ! Directement sur la plage, profitez de la chaleur du soleil, de vues imprenables et d\u2019une exp\u00e9rience relaxante et inoubliable. Nous avons h\u00e2te de vous voir ![\/vc_column_text][vc_empty_space][vc_row_inner][vc_column_inner width=\u00a0\u00bb1\/2&Prime;][vc_column_text css=\u00a0\u00bb\u00a0\u00bb]\u2713 Vue sur la mer<\/p>\n<p>\u2713 Wi-Fi gratuit<\/p>\n<p>\u2713 Service de chambre<\/p>\n<p>\u2713 Salle de bain priv\u00e9e avec commodit\u00e9s[\/vc_column_text][\/vc_column_inner][vc_column_inner width=\u00a0\u00bb1\/2&Prime;][vc_column_text css=\u00a0\u00bb\u00a0\u00bb]\u2713 Piscine<\/p>\n<p>\u2713 Solarium<\/p>\n<p>\u2713 Terrasse<\/p>\n<p>\u2713 Restaurant et bar \u00e0 cocktails[\/vc_column_text][\/vc_column_inner][\/vc_row_inner][vc_empty_space][\/vc_column][vc_column width=\u00a0\u00bb1\/2&Prime;][vc_single_image image=\u00a0\u00bb45&Prime; alignment=\u00a0\u00bbcenter\u00a0\u00bb css=\u00a0\u00bb\u00a0\u00bb img_size=\u00a0\u00bblarge\u00a0\u00bb][\/vc_column][\/vc_row]\n<\/div>","protected":false},"excerpt":{"rendered":"[vc_row css=\u00a0\u00bb.vc_custom_1739877760692{padding-top: 5% !important;padding-right: 5% !important;padding-bottom: 5% !important;padding-left: 5% !important;}\u00a0\u00bb][vc_column][vc_column_text css=\u00a0\u00bb\u00a0\u00bb] Chambre double vue int\u00e9rieure [\/vc_column_text][vc_empty_space][vc_row_inner gap=\u00a0\u00bb35&Prime;][vc_column_inner width=\u00a0\u00bb1\/2&Prime;][vc_single_image image=\u00a0\u00bb1291&Prime; alignment=\u00a0\u00bbcenter\u00a0\u00bb css=\u00a0\u00bb\u00a0\u00bb img_size=\u00a0\u00bblarge\u00a0\u00bb][\/vc_column_inner][vc_column_inner width=\u00a0\u00bb1\/2&Prime;][vc_column_text css=\u00a0\u00bb\u00a0\u00bb]Les chambres doubles disposent d&rsquo;une salle de bain compl\u00e8te avec douche, d&rsquo;un lit double de 1,50 m\u00e8tre et de la possibilit\u00e9 d&rsquo;ajouter un berceau.[\/vc_column_text][vc_column_text css=\u00a0\u00bb\u00a0\u00bb]Petit d\u00e9jeuner inclus.[\/vc_column_text][vc_empty_space height=\u00a0\u00bb22px\u00a0\u00bb][vc_column_text css=\u00a0\u00bb\u00a0\u00bb] Maximum 2 adultes [&#8230;]\n","protected":false},"author":2,"featured_media":3296,"parent":0,"menu_order":0,"comment_status":"closed","ping_status":"closed","template":"page-blank.php","meta":{"footnotes":""},"class_list":["post-3293","page","type-page","status-publish","has-post-thumbnail","hentry"],"yoast_head":"<!-- This site is optimized with the Yoast SEO plugin v27.5 - https:\/\/yoast.com\/product\/yoast-seo-wordpress\/ -->\n<title>Chambre double vue int\u00e9rieure - Hotel Soul de J\u00e1vea<\/title>\n<meta name=\"robots\" content=\"index, follow, max-snippet:-1, max-image-preview:large, max-video-preview:-1\" \/>\n<link rel=\"canonical\" href=\"https:\/\/hotelsouldejavea.com\/fr\/chambre-double-vue-interieure\/\" \/>\n<meta property=\"og:locale\" content=\"fr_FR\" \/>\n<meta property=\"og:type\" content=\"article\" \/>\n<meta property=\"og:title\" content=\"Chambre double vue int\u00e9rieure - Hotel Soul de J\u00e1vea\" \/>\n<meta property=\"og:description\" content=\"[vc_row css=\u00a0\u00bb.vc_custom_1739877760692{padding-top: 5% !important;padding-right: 5% !important;padding-bottom: 5% !important;padding-left: 5% !important;}\u00a0\u00bb][vc_column][vc_column_text css=\u00a0\u00bb\u00a0\u00bb] Chambre double vue int\u00e9rieure [\/vc_column_text][vc_empty_space][vc_row_inner gap=\u00a0\u00bb35&Prime;][vc_column_inner width=\u00a0\u00bb1\/2&Prime;][vc_single_image image=\u00a0\u00bb1291&Prime; alignment=\u00a0\u00bbcenter\u00a0\u00bb css=\u00a0\u00bb\u00a0\u00bb img_size=\u00a0\u00bblarge\u00a0\u00bb][\/vc_column_inner][vc_column_inner width=\u00a0\u00bb1\/2&Prime;][vc_column_text css=\u00a0\u00bb\u00a0\u00bb]Les chambres doubles disposent d&rsquo;une salle de bain compl\u00e8te avec douche, d&rsquo;un lit double de 1,50 m\u00e8tre et de la possibilit\u00e9 d&rsquo;ajouter un berceau.[\/vc_column_text][vc_column_text css=\u00a0\u00bb\u00a0\u00bb]Petit d\u00e9jeuner inclus.[\/vc_column_text][vc_empty_space height=\u00a0\u00bb22px\u00a0\u00bb][vc_column_text css=\u00a0\u00bb\u00a0\u00bb] Maximum 2 adultes [...]\" \/>\n<meta property=\"og:url\" content=\"https:\/\/hotelsouldejavea.com\/fr\/chambre-double-vue-interieure\/\" \/>\n<meta property=\"og:site_name\" content=\"Hotel Soul de J\u00e1vea\" \/>\n<meta property=\"article:modified_time\" content=\"2025-04-10T09:29:59+00:00\" \/>\n<meta property=\"og:image\" content=\"https:\/\/hotelsouldejavea.com\/wp-content\/uploads\/2023\/09\/habitaciondobleinterior2.jpg\" \/>\n\t<meta property=\"og:image:width\" content=\"1200\" \/>\n\t<meta property=\"og:image:height\" content=\"800\" \/>\n\t<meta property=\"og:image:type\" content=\"image\/jpeg\" \/>\n<meta name=\"twitter:card\" content=\"summary_large_image\" \/>\n<meta name=\"twitter:label1\" content=\"Dur\u00e9e de lecture estim\u00e9e\" \/>\n\t<meta name=\"twitter:data1\" content=\"2 minutes\" \/>\n<script type=\"application\/ld+json\" class=\"yoast-schema-graph\">{\"@context\":\"https:\\\/\\\/schema.org\",\"@graph\":[{\"@type\":\"WebPage\",\"@id\":\"https:\\\/\\\/hotelsouldejavea.com\\\/fr\\\/chambre-double-vue-interieure\\\/\",\"url\":\"https:\\\/\\\/hotelsouldejavea.com\\\/fr\\\/chambre-double-vue-interieure\\\/\",\"name\":\"Chambre double vue int\u00e9rieure - Hotel Soul de J\u00e1vea\",\"isPartOf\":{\"@id\":\"https:\\\/\\\/hotelsouldejavea.com\\\/fr\\\/#website\"},\"primaryImageOfPage\":{\"@id\":\"https:\\\/\\\/hotelsouldejavea.com\\\/fr\\\/chambre-double-vue-interieure\\\/#primaryimage\"},\"image\":{\"@id\":\"https:\\\/\\\/hotelsouldejavea.com\\\/fr\\\/chambre-double-vue-interieure\\\/#primaryimage\"},\"thumbnailUrl\":\"https:\\\/\\\/hotelsouldejavea.com\\\/wp-content\\\/uploads\\\/2023\\\/09\\\/habitaciondobleinterior2.jpg\",\"datePublished\":\"2023-08-15T13:04:11+00:00\",\"dateModified\":\"2025-04-10T09:29:59+00:00\",\"breadcrumb\":{\"@id\":\"https:\\\/\\\/hotelsouldejavea.com\\\/fr\\\/chambre-double-vue-interieure\\\/#breadcrumb\"},\"inLanguage\":\"fr-FR\",\"potentialAction\":[{\"@type\":\"ReadAction\",\"target\":[\"https:\\\/\\\/hotelsouldejavea.com\\\/fr\\\/chambre-double-vue-interieure\\\/\"]}]},{\"@type\":\"ImageObject\",\"inLanguage\":\"fr-FR\",\"@id\":\"https:\\\/\\\/hotelsouldejavea.com\\\/fr\\\/chambre-double-vue-interieure\\\/#primaryimage\",\"url\":\"https:\\\/\\\/hotelsouldejavea.com\\\/wp-content\\\/uploads\\\/2023\\\/09\\\/habitaciondobleinterior2.jpg\",\"contentUrl\":\"https:\\\/\\\/hotelsouldejavea.com\\\/wp-content\\\/uploads\\\/2023\\\/09\\\/habitaciondobleinterior2.jpg\",\"width\":1200,\"height\":800,\"caption\":\"Reserva habitaci\u00f3n J\u00e1vea\"},{\"@type\":\"BreadcrumbList\",\"@id\":\"https:\\\/\\\/hotelsouldejavea.com\\\/fr\\\/chambre-double-vue-interieure\\\/#breadcrumb\",\"itemListElement\":[{\"@type\":\"ListItem\",\"position\":1,\"name\":\"Portada\",\"item\":\"https:\\\/\\\/hotelsouldejavea.com\\\/fr\\\/\"},{\"@type\":\"ListItem\",\"position\":2,\"name\":\"Chambre double vue int\u00e9rieure\"}]},{\"@type\":\"WebSite\",\"@id\":\"https:\\\/\\\/hotelsouldejavea.com\\\/fr\\\/#website\",\"url\":\"https:\\\/\\\/hotelsouldejavea.com\\\/fr\\\/\",\"name\":\"Hotel Soul de J\u00e1vea\",\"description\":\"Hotel Soul de J\u00e1vea\",\"publisher\":{\"@id\":\"https:\\\/\\\/hotelsouldejavea.com\\\/fr\\\/#organization\"},\"potentialAction\":[{\"@type\":\"SearchAction\",\"target\":{\"@type\":\"EntryPoint\",\"urlTemplate\":\"https:\\\/\\\/hotelsouldejavea.com\\\/fr\\\/?s={search_term_string}\"},\"query-input\":{\"@type\":\"PropertyValueSpecification\",\"valueRequired\":true,\"valueName\":\"search_term_string\"}}],\"inLanguage\":\"fr-FR\"},{\"@type\":\"Organization\",\"@id\":\"https:\\\/\\\/hotelsouldejavea.com\\\/fr\\\/#organization\",\"name\":\"Hotel Soul de J\u00e1vea\",\"url\":\"https:\\\/\\\/hotelsouldejavea.com\\\/fr\\\/\",\"logo\":{\"@type\":\"ImageObject\",\"inLanguage\":\"fr-FR\",\"@id\":\"https:\\\/\\\/hotelsouldejavea.com\\\/fr\\\/#\\\/schema\\\/logo\\\/image\\\/\",\"url\":\"https:\\\/\\\/hotelsouldejavea.com\\\/wp-content\\\/uploads\\\/2025\\\/02\\\/hotel-soul-de-javea.png\",\"contentUrl\":\"https:\\\/\\\/hotelsouldejavea.com\\\/wp-content\\\/uploads\\\/2025\\\/02\\\/hotel-soul-de-javea.png\",\"width\":2182,\"height\":502,\"caption\":\"Hotel Soul de J\u00e1vea\"},\"image\":{\"@id\":\"https:\\\/\\\/hotelsouldejavea.com\\\/fr\\\/#\\\/schema\\\/logo\\\/image\\\/\"}}]}<\/script>\n<!-- \/ Yoast SEO plugin. -->","yoast_head_json":{"title":"Chambre double vue int\u00e9rieure - Hotel Soul de J\u00e1vea","robots":{"index":"index","follow":"follow","max-snippet":"max-snippet:-1","max-image-preview":"max-image-preview:large","max-video-preview":"max-video-preview:-1"},"canonical":"https:\/\/hotelsouldejavea.com\/fr\/chambre-double-vue-interieure\/","og_locale":"fr_FR","og_type":"article","og_title":"Chambre double vue int\u00e9rieure - Hotel Soul de J\u00e1vea","og_description":"[vc_row css=\u00a0\u00bb.vc_custom_1739877760692{padding-top: 5% !important;padding-right: 5% !important;padding-bottom: 5% !important;padding-left: 5% !important;}\u00a0\u00bb][vc_column][vc_column_text css=\u00a0\u00bb\u00a0\u00bb] Chambre double vue int\u00e9rieure [\/vc_column_text][vc_empty_space][vc_row_inner gap=\u00a0\u00bb35&Prime;][vc_column_inner width=\u00a0\u00bb1\/2&Prime;][vc_single_image image=\u00a0\u00bb1291&Prime; alignment=\u00a0\u00bbcenter\u00a0\u00bb css=\u00a0\u00bb\u00a0\u00bb img_size=\u00a0\u00bblarge\u00a0\u00bb][\/vc_column_inner][vc_column_inner width=\u00a0\u00bb1\/2&Prime;][vc_column_text css=\u00a0\u00bb\u00a0\u00bb]Les chambres doubles disposent d&rsquo;une salle de bain compl\u00e8te avec douche, d&rsquo;un lit double de 1,50 m\u00e8tre et de la possibilit\u00e9 d&rsquo;ajouter un berceau.[\/vc_column_text][vc_column_text css=\u00a0\u00bb\u00a0\u00bb]Petit d\u00e9jeuner inclus.[\/vc_column_text][vc_empty_space height=\u00a0\u00bb22px\u00a0\u00bb][vc_column_text css=\u00a0\u00bb\u00a0\u00bb] Maximum 2 adultes [...]","og_url":"https:\/\/hotelsouldejavea.com\/fr\/chambre-double-vue-interieure\/","og_site_name":"Hotel Soul de J\u00e1vea","article_modified_time":"2025-04-10T09:29:59+00:00","og_image":[{"width":1200,"height":800,"url":"https:\/\/hotelsouldejavea.com\/wp-content\/uploads\/2023\/09\/habitaciondobleinterior2.jpg","type":"image\/jpeg"}],"twitter_card":"summary_large_image","twitter_misc":{"Dur\u00e9e de lecture estim\u00e9e":"2 minutes"},"schema":{"@context":"https:\/\/schema.org","@graph":[{"@type":"WebPage","@id":"https:\/\/hotelsouldejavea.com\/fr\/chambre-double-vue-interieure\/","url":"https:\/\/hotelsouldejavea.com\/fr\/chambre-double-vue-interieure\/","name":"Chambre double vue int\u00e9rieure - Hotel Soul de J\u00e1vea","isPartOf":{"@id":"https:\/\/hotelsouldejavea.com\/fr\/#website"},"primaryImageOfPage":{"@id":"https:\/\/hotelsouldejavea.com\/fr\/chambre-double-vue-interieure\/#primaryimage"},"image":{"@id":"https:\/\/hotelsouldejavea.com\/fr\/chambre-double-vue-interieure\/#primaryimage"},"thumbnailUrl":"https:\/\/hotelsouldejavea.com\/wp-content\/uploads\/2023\/09\/habitaciondobleinterior2.jpg","datePublished":"2023-08-15T13:04:11+00:00","dateModified":"2025-04-10T09:29:59+00:00","breadcrumb":{"@id":"https:\/\/hotelsouldejavea.com\/fr\/chambre-double-vue-interieure\/#breadcrumb"},"inLanguage":"fr-FR","potentialAction":[{"@type":"ReadAction","target":["https:\/\/hotelsouldejavea.com\/fr\/chambre-double-vue-interieure\/"]}]},{"@type":"ImageObject","inLanguage":"fr-FR","@id":"https:\/\/hotelsouldejavea.com\/fr\/chambre-double-vue-interieure\/#primaryimage","url":"https:\/\/hotelsouldejavea.com\/wp-content\/uploads\/2023\/09\/habitaciondobleinterior2.jpg","contentUrl":"https:\/\/hotelsouldejavea.com\/wp-content\/uploads\/2023\/09\/habitaciondobleinterior2.jpg","width":1200,"height":800,"caption":"Reserva habitaci\u00f3n J\u00e1vea"},{"@type":"BreadcrumbList","@id":"https:\/\/hotelsouldejavea.com\/fr\/chambre-double-vue-interieure\/#breadcrumb","itemListElement":[{"@type":"ListItem","position":1,"name":"Portada","item":"https:\/\/hotelsouldejavea.com\/fr\/"},{"@type":"ListItem","position":2,"name":"Chambre double vue int\u00e9rieure"}]},{"@type":"WebSite","@id":"https:\/\/hotelsouldejavea.com\/fr\/#website","url":"https:\/\/hotelsouldejavea.com\/fr\/","name":"Hotel Soul de J\u00e1vea","description":"Hotel Soul de J\u00e1vea","publisher":{"@id":"https:\/\/hotelsouldejavea.com\/fr\/#organization"},"potentialAction":[{"@type":"SearchAction","target":{"@type":"EntryPoint","urlTemplate":"https:\/\/hotelsouldejavea.com\/fr\/?s={search_term_string}"},"query-input":{"@type":"PropertyValueSpecification","valueRequired":true,"valueName":"search_term_string"}}],"inLanguage":"fr-FR"},{"@type":"Organization","@id":"https:\/\/hotelsouldejavea.com\/fr\/#organization","name":"Hotel Soul de J\u00e1vea","url":"https:\/\/hotelsouldejavea.com\/fr\/","logo":{"@type":"ImageObject","inLanguage":"fr-FR","@id":"https:\/\/hotelsouldejavea.com\/fr\/#\/schema\/logo\/image\/","url":"https:\/\/hotelsouldejavea.com\/wp-content\/uploads\/2025\/02\/hotel-soul-de-javea.png","contentUrl":"https:\/\/hotelsouldejavea.com\/wp-content\/uploads\/2025\/02\/hotel-soul-de-javea.png","width":2182,"height":502,"caption":"Hotel Soul de J\u00e1vea"},"image":{"@id":"https:\/\/hotelsouldejavea.com\/fr\/#\/schema\/logo\/image\/"}}]}},"_links":{"self":[{"href":"https:\/\/hotelsouldejavea.com\/fr\/wp-json\/wp\/v2\/pages\/3293","targetHints":{"allow":["GET"]}}],"collection":[{"href":"https:\/\/hotelsouldejavea.com\/fr\/wp-json\/wp\/v2\/pages"}],"about":[{"href":"https:\/\/hotelsouldejavea.com\/fr\/wp-json\/wp\/v2\/types\/page"}],"author":[{"embeddable":true,"href":"https:\/\/hotelsouldejavea.com\/fr\/wp-json\/wp\/v2\/users\/2"}],"replies":[{"embeddable":true,"href":"https:\/\/hotelsouldejavea.com\/fr\/wp-json\/wp\/v2\/comments?post=3293"}],"version-history":[{"count":4,"href":"https:\/\/hotelsouldejavea.com\/fr\/wp-json\/wp\/v2\/pages\/3293\/revisions"}],"predecessor-version":[{"id":3350,"href":"https:\/\/hotelsouldejavea.com\/fr\/wp-json\/wp\/v2\/pages\/3293\/revisions\/3350"}],"wp:featuredmedia":[{"embeddable":true,"href":"https:\/\/hotelsouldejavea.com\/fr\/wp-json\/wp\/v2\/media\/3296"}],"wp:attachment":[{"href":"https:\/\/hotelsouldejavea.com\/fr\/wp-json\/wp\/v2\/media?parent=3293"}],"curies":[{"name":"wp","href":"https:\/\/api.w.org\/{rel}","templated":true}]}}