{"id":2836,"date":"2023-07-12T16:46:48","date_gmt":"2023-07-12T16:46:48","guid":{"rendered":"https:\/\/hotelsouldejavea.com\/legal-disclaimer\/"},"modified":"2025-05-12T11:42:55","modified_gmt":"2025-05-12T11:42:55","slug":"legal-disclaimer","status":"publish","type":"page","link":"https:\/\/hotelsouldejavea.com\/en\/legal-disclaimer\/","title":{"rendered":"legal disclaimer"},"content":{"rendered":"<h1>LEGAL DISCLAIMER<\/h1>\n<p><strong>hotelsoldejavea.com<\/strong> (hereinafter the Web) is an Internet domain owned by:<\/p>\n<p><strong>CLEARSTREAM ESPA\u00d1A S.A (Hotel Sol de J\u00e1vea)<\/strong><br \/>\n<strong>CALLE PRIMER MONTA\u00d1AR S\/N<\/strong><br \/>\n<strong>03730 J\u00c1VEA<\/strong><br \/>\n<strong>Alicante, Spain<\/strong><br \/>\n<strong>NIF: A03250198<\/strong><\/p>\n<p>The website<b> <\/b>makes the web portal available to all users, under the terms set out in the following conditions:<\/p>\n<p><strong>First.- User definition.<\/strong><br \/>\nFirst &#8211; Definition of user.<br \/>\nAccess and\/or use of the website grants the user the condition of user, accepting from that moment and without reservation these General Conditions, without prejudice to the Special Conditions that may be established by <strong>CLEARSTREAM ESPA\u00d1A S.A<\/strong><strong> (Hotel Sol de J\u00e1vea) <\/strong>for the regulation of certain services and\/or contents.<\/p>\n<p>In the event that the user is a minor, he\/she must obtain prior permission from his\/her parents, guardians or legal representatives, who shall be considered responsible, for all purposes, for all acts performed by minors under their care.<\/p>\n<p><strong>Second.- User obligations.<\/strong><br \/>\nThe user agrees to use the website in accordance with current legislation, good faith, public order and generally accepted uses and customs.<\/p>\n<p>Likewise, the user undertakes not to use the website for illicit purposes or purposes harmful to the rights and\/or interests of <strong>CLEARSTREAM ESPA\u00d1A S.A (Hotel Sol de J\u00e1vea) <\/strong>and\/or third parties, and not to cause damage or impede the normal operation of the website.<\/p>\n<p><strong>Third.- User responsibility.<\/strong><br \/>\nThe use of the website by the user shall be the sole and exclusive responsibility of the user, and <strong>CLEARSTREAM ESPA\u00d1A S.A<\/strong> <strong> (Hotel Sol de J\u00e1vea) <\/strong>shall be held harmless in all cases for any damage and\/or harm that, directly or indirectly, the non-observance of these General Conditions by the user may cause to the user or to third parties.<\/p>\n<p>In this sense <strong>CLEARSTREAM ESPA\u00d1A S.A<\/strong> <strong> (Hotel Sol de J\u00e1vea) <\/strong>reserves the right to deny access and\/or use of the website or any of its contents and\/or services to any user who has breached these General Conditions.<\/p>\n<p><strong>Fourth.- Responsibility of <\/strong><strong>CLEARSTREAM ESPA\u00d1A S.A<\/strong> <strong> (Hotel Sol de J\u00e1vea) <\/strong> is not responsible for damages of any nature that the user or a third party may suffer as a result of:<\/p>\n<p>(i) the lack of availability, maintenance or effective operation of the website, its services or its contents;<\/p>\n<p>(ii) the lack of usefulness, veracity, adequacy or validity of the website, its services or its contents to satisfy the needs or expectations of the user;<\/p>\n<p>(iii) that a third party, in breach of the security measures established by CLEARSTREAM ESPA\u00d1A S.A. (Hotel Sol de J\u00e1vea) <strong>CLEARSTREAM ESPA\u00d1A S.A<\/strong> <strong> (Hotel Sol de J\u00e1vea) <\/strong> use the website, its contents or services for the transmission of viruses, or agree to carry out unauthorized processing of data stored by <strong>CLEARSTREAM ESPA\u00d1A S.A<\/strong> <strong> (Hotel Sol de J\u00e1vea) <\/strong><\/p>\n<p>(iv) Nor, in general, of any use of the website, its services and\/or contents that could be made by the user or a third party, against the Conditions of access and use of the same, established by <strong>CLEARSTREAM ESPA\u00d1A S.A<\/strong> <strong> (Hotel Sol de J\u00e1vea) <\/strong><\/p>\n<p><strong>Fifth.- Authorization to use the contents.<\/strong><br \/>\nThe contents that <strong>CLEARSTREAM ESPA\u00d1A S.A<\/strong> <strong> (Hotel Sol de J\u00e1vea) <\/strong> is made available to the user are protected by the necessary intellectual property rights and have been legally assigned for the appropriate purposes by the corresponding owners of the same.<\/p>\n<p><strong>CLEARSTREAM ESPA\u00d1A S.A<\/strong> <strong> (Hotel Sol de J\u00e1vea) <\/strong>authorizes the user to use them for the purposes expressly stated on the website or in these General Conditions. The reproduction, distribution, modification or public communication of the same, in whole or in part, is forbidden, except in those cases in which, upon request, <strong>CLEARSTREAM ESPA\u00d1A S.A<\/strong> <strong> (Hotel Sol de J\u00e1vea) <\/strong> accepts its reproduction.<\/p>\n<p><strong>Sixth: Processing of personal data.<\/strong><br \/>\n<strong>CLEARSTREAM ESPA\u00d1A S.A<\/strong> <strong> (Hotel Sol de J\u00e1vea) <\/strong>has established a Privacy Policy that regulates the collection, storage, processing and use of personal data provided by the user to <strong>CLEARSTREAM ESPA\u00d1A S.A<\/strong> <strong> (Hotel Sol de J\u00e1vea) <\/strong>. In this sense, the company guarantees compliance with this policy, which the user can consult by accessing the Privacy Policy link in the Information section.<\/p>\n<p><strong>Seventh.- Links directory.<\/strong><br \/>\nThe link devices that <strong>CLEARSTREAM ESPA\u00d1A S.A<\/strong> <strong> (Hotel Sol de J\u00e1vea) <\/strong> makes available to the user are solely for the purpose of facilitating access to other content and\/or services that may be of interest to the user, and are not managed or controlled by <strong>CLEARSTREAM ESPA\u00d1A S.A<\/strong> <strong> (Hotel Sol de J\u00e1vea) <\/strong>in relation to the legality, truthfulness, usefulness, quality or reliability of the contents and\/or services that are not directly managed or controlled by <strong>CLEARSTREAM ESPA\u00d1A S.A<\/strong> <strong> (Hotel Sol de J\u00e1vea) <\/strong>even though these may be accessible through the website.<\/p>\n<p><strong>Eighth: Modification and cancellation of these Conditions.<\/strong><br \/>\n<strong>CLEARSTREAM ESPA\u00d1A S.A<\/strong> <strong> (Hotel Sol de J\u00e1vea) <\/strong>reserves the right to totally or partially modify the website, its design, contents and\/or services, as well as these Terms and Conditions when it deems appropriate.<\/p>\n<p>Likewise, <strong>CLEARSTREAM ESPA\u00d1A S.A<\/strong> <strong> (Hotel Sol de J\u00e1vea) <\/strong>reserves the right to interrupt, temporarily suspend or definitively cancel the website or any of the contents and\/or services that comprise it, at its sole and entire discretion.<\/p>\n<h1>PRIVACY POLICY<\/h1>\n<p><strong>Data Protection.<\/strong><\/p>\n<p>Communication with <strong>CLEARSTREAM ESPA\u00d1A S.A<\/strong> <strong> (Hotel Sol de J\u00e1vea) <\/strong>through your email address reservas@hotelsouldejavea.com implies your express consent for your personal data to be included in files owned by <strong>CLEARSTREAM ESPA\u00d1A S.A<\/strong> <strong> (Hotel Sol de J\u00e1vea) <\/strong><\/p>\n<p>Such data will be processed by the latter under its responsibility for the purpose of informing customers of the products requested by it from the website for this purpose or to carry out future recruitment, in cases where this is the purpose of the communication of the person concerned with <strong>CLEARSTREAM ESPA\u00d1A S.A<\/strong> <strong> (Hotel Sol de J\u00e1vea) <\/strong>and to carry out future commercial communications with the interested party in all other cases, with the interested party having the right of access, rectification, cancellation, opposition, portability and deletion with respect to the personal data contained in the aforementioned files, being able to revoke their consent in writing at any time (General Data Protection Regulation (RGPD) and Royal Decree 1720\/2007, of December 21, 2007 on the Protection of Personal Data).<\/p>\n<p><strong>Visitor Log (Use of Cookies).<\/strong><\/p>\n<p>The web address esarco.es uses own, session, persistent and Google Analytics cookies. A cookie is information sent from a web page server and stored on the visitor&#8217;s hard drive through the browser. This information will be sent back to the server on each request, so that the server can identify or retrieve information about the user who is accessing. The user can not accept them or configure your browser to block them and, if necessary, delete them. <strong><em>Cookies Policy<\/em><\/strong><em>.<\/em><\/p>\n<p><strong>Links.<\/strong><\/p>\n<p>This privacy policy is only applicable to the website of <strong>CLEARSTREAM ESPA\u00d1A S.A<\/strong> <strong> (Hotel Sol de J\u00e1vea) <\/strong><\/p>\n<p><strong>Contents of the WEB.<\/strong><\/p>\n<p>Reproduction in whole or in part, including the transfer of content to any medium, is prohibited without express authorization from <strong>CLEARSTREAM ESPA\u00d1A S.A<\/strong> <strong> (Hotel Sol de J\u00e1vea) <\/strong><\/p>\n<h1>REGULATIONS ON THE USE OF COOKIES<\/h1>\n<p>Accessing and browsing the site, or the use of its services, implies acceptance of the General Conditions set out in our Legal Notice (and therefore of the Privacy Policy and Cookies Policy). Please read them carefully. Thank you for deciding to visit us. We want your experience on the site to be the best possible, and for that reason we have written this Cookie Policy as transparently as possible.<\/p>\n<p><strong>What is a Cookie?<\/strong><\/p>\n<p>Cookies are files containing small amounts of information that are downloaded to the user&#8217;s device used when you visit a website. Their main purpose is to recognize the user each time you access marabelia.com, allowing us to improve the quality and usability of our website.<\/p>\n<p>Cookies are essential for the functioning of the Internet; they cannot damage the user&#8217;s computer\/device and, if enabled in your browser settings, they help us to identify and resolve possible errors in the functioning of <b>hotelsoldejavea.com <\/b><\/p>\n<p><strong>Types of Cookies<\/strong><\/p>\n<p>There are different types of cookies. They all work in the same way, but have small differences:<\/p>\n<ul>\n<li><strong><u>Session Cookies<\/u><\/strong><u>: <\/u>Session cookies last only for the duration of your visit and are deleted when you close your browser. Their main purpose is to identify the type of device, support website security or basic functionality. They do not contain personal information that would allow us to identify an individual.<\/li>\n<li><strong><u>Persistent or Permanent Cookies<\/u><\/strong><u>:<\/u> They are stored on the hard drive of the device and our website reads them every time you make a new visit to <b>hotelsoldejavea.com <\/b>; has an expiration date or expiration date, fulfilled which the cookie stops working. They allow us to identify your actions and preferences; analyze visits and help us understand how users reach our site and improve our services.<\/li>\n<li><strong><u>Functionality Cookies<\/u><\/strong><u>:<\/u> These allow <b>hotelsoldejavea.com <\/b>to remember decisions made by the user, such as login or identifier. The information these cookies collect is anonymized (i.e., it does not contain your name, address, or other data).<\/li>\n<li><strong><u>Third-party Cookies<\/u><\/strong><u>:<\/u> Third-party cookies are cookies set by a website other than the one you are visiting; for example, those used by social networks (such as Facebook) or by external content plugins (such as Google Maps). In addition, some advertising companies use this type of file to track your visits on each site on which they advertise.<\/li>\n<li><strong><u>Analitical Cookies<\/u><\/strong><u>:<\/u> These cookies are intended for periodic maintenance and to ensure the best performance and service to the user; collecting data on your activity.<\/li>\n<\/ul>\n<p><strong>Use of Cookies by <b>hotelsoldejavea.com <\/b> <\/strong><\/p>\n<p>By accessing <b>hotelsoldejavea.com <\/b>, you expressly agree that we can use this type of cookies on your devices. If you disable cookies, your browsing on <b>hotelsoldejavea.com <\/b>may not be optimal and some of the utilities available on <b>hotelsoldejavea.com <\/b> not work properly.<\/p>\n<p><strong>a) First-party Cookies<\/strong><\/p>\n<p>In order to recognize you and provide you with a better service, our site uses its own cookies (small text files that your browser stores). The advantages of accepting our cookies translate into time savings. They can also be used to recognize you between successive visits and thus adapt the content shown to you, to obtain information about the date and time of your last visit, to measure some traffic parameters within the site itself, and to estimate the number of visits made, so that we can focus and adjust services and promotions more effectively.<\/p>\n<p>No cookie allows them to contact your phone number, email address or any other means of contact. No cookie can extract information from your hard drive or steal personal information.<\/p>\n<p><strong>b) Third-party Cookies. <\/strong><\/p>\n<p>Google Analytics<\/p>\n<table>\n<tbody>\n<tr>\n<th>COOKIE NAME<\/th>\n<th width=\"180px\">DEFAULT DURATION<\/th>\n<th>DESCRIPTION<\/th>\n<\/tr>\n<tr>\n<td><code>__utma<\/code><\/td>\n<td>Two years from configuration or upgrade<\/td>\n<td>It is used to distinguish users and sessions. The cookie is created when the JavaScript library is executed and there is no __utma cookie. The cookie is updated each time data is sent to Google Analytics.<\/td>\n<\/tr>\n<tr>\n<td><code>__utmt<\/code><\/td>\n<td>10 minutes<\/td>\n<td>It is used to limit the percentage of requests.<\/td>\n<\/tr>\n<tr>\n<td><code>__utmb<\/code><\/td>\n<td>30 minutes after configuration or update<\/td>\n<td>It is used to determine new sessions or visits. The cookie is created when the JavaScript library is executed and there is no __utmb cookie. The cookie is updated every time data is sent to Google Analytics.<\/td>\n<\/tr>\n<tr>\n<td><code>__utmc<\/code><\/td>\n<td>End of browser session<\/td>\n<td>It is not used in ga.js. It is set to interact with urchin.js. Previously, this cookie acted in conjunction with the <code>__utmb<\/code> cookie to determine if the user was in a new session or visit.<\/td>\n<\/tr>\n<tr>\n<td><code>__utmz<\/code><\/td>\n<td>Six months after configuration or upgrade<\/td>\n<td>Stores the traffic source or campaign that explains how the user reached the site. The cookie is created when the JavaScript library is executed and is updated each time data is sent to Google Analytics.<\/td>\n<\/tr>\n<tr>\n<td><code>__utmv<\/code><\/td>\n<td>Two years from configuration or upgrade<\/td>\n<td>\u041e\u043d \u0438\u0441\u043f\u043e\u043b\u044c\u0437\u0443\u0435\u0442\u0441\u044f \u0434\u043b\u044f \u0445\u0440\u0430\u043d\u0435\u043d\u0438\u044f \u0434\u0430\u043d\u043d\u044b\u0445 \u043f\u0435\u0440\u0441\u043e\u043d\u0430\u043b\u0438\u0437\u0438\u0440\u043e\u0432\u0430\u043d\u043d\u044b\u0445 \u043f\u0435\u0440\u0435\u043c\u0435\u043d\u043d\u044b\u0445 \u043f\u043e\u0441\u0435\u0442\u0438\u0442\u0435\u043b\u044f. \u042d\u0442\u043e\u0442 \u0444\u0430\u0439\u043b cookie \u0441\u043e\u0437\u0434\u0430\u0435\u0442\u0441\u044f, \u043a\u043e\u0433\u0434\u0430 \u043f\u0440\u043e\u0433\u0440\u0430\u043c\u043c\u0438\u0441\u0442 \u0438\u0441\u043f\u043e\u043b\u044c\u0437\u0443\u0435\u0442 \u043c\u0435\u0442\u043e\u0434 <a href=\"https:\/\/developers.google.com\/analytics\/devguides\/collection\/gajs\/methods\/gaJSApiBasicConfiguration?hl=es#_gat.GA_Tracker_._setCustomVar\"><code>_setCustomVar<\/code><\/a> \u0441 \u043f\u043e\u043b\u044c\u0437\u043e\u0432\u0430\u0442\u0435\u043b\u044c\u0441\u043a\u043e\u0439 \u043f\u0435\u0440\u0435\u043c\u0435\u043d\u043d\u043e\u0439 \u043f\u043e\u0441\u0435\u0442\u0438\u0442\u0435\u043b\u044f. \u042d\u0442\u043e \u0442\u0430\u043a\u0436\u0435 \u0438\u0441\u043f\u043e\u043b\u044c\u0437\u043e\u0432\u0430\u043b\u043e\u0441\u044c \u0434\u043b\u044f <code>_setVar<\/code> \u0443\u0434\u0430\u043b\u0435\u043d\u043d\u043e\u0433\u043e \u043c\u0435\u0442\u043e\u0434\u0430 . \u0424\u0430\u0439\u043b cookie \u043e\u0431\u043d\u043e\u0432\u043b\u044f\u0435\u0442\u0441\u044f \u043a\u0430\u0436\u0434\u044b\u0439 \u0440\u0430\u0437, \u043a\u043e\u0433\u0434\u0430 \u0434\u0430\u043d\u043d\u044b\u0435 \u043e\u0442\u043f\u0440\u0430\u0432\u043b\u044f\u044e\u0442\u0441\u044f \u0432 Google Analytics.<\/td>\n<\/tr>\n<\/tbody>\n<\/table>\n<p>\u041a\u0430\u0440\u0442\u044b Google, Youtube, ShareThis, Wordfence<\/p>\n<table>\n<tbody>\n<tr>\n<th>\u0418\u041c\u042f \u041a\u0423\u041a\u0418<\/th>\n<th width=\"180px\">DEFAULT DURATION<\/th>\n<th>\u041e\u041f\u0418\u0421\u0410\u041d\u0418\u0415<\/th>\n<\/tr>\n<tr>\n<td><code>maps.google.es<\/code><\/td>\n<td>\u0441\u0435\u0441\u0441\u0438\u044f<\/td>\n<td>\u0413\u0435\u043e\u043b\u043e\u043a\u0430\u0446\u0438\u043e\u043d\u043d\u044b\u0435 \u0434\u0430\u043d\u043d\u044b\u0435<\/td>\n<\/tr>\n<tr>\n<td><code>youtube <\/code><\/td>\n<td>\u0441\u0442\u043e\u0439\u043a\u0438\u0439<\/td>\n<td>\u041d\u0430\u0441\u0442\u0440\u043e\u0439\u043a\u0438 YouTube<\/td>\n<\/tr>\n<tr>\n<td><code>wordfence_verifiedHumans<\/code><\/td>\n<td>24 \u0447\u0430\u0441\u0430<\/td>\n<td>\u0424\u0443\u043d\u043a\u0446\u0438\u044f Live Traffic \u0432 Wordfence, \u043f\u043b\u0430\u0433\u0438\u043d\u0435 \u0431\u0435\u0437\u043e\u043f\u0430\u0441\u043d\u043e\u0441\u0442\u0438 WordPress. \u041e\u043d \u0438\u0441\u043f\u043e\u043b\u044c\u0437\u0443\u0435\u0442\u0441\u044f \u0434\u043b\u044f \u043e\u0442\u0434\u0435\u043b\u0435\u043d\u0438\u044f \u043f\u043e\u043b\u044c\u0437\u043e\u0432\u0430\u0442\u0435\u043b\u0435\u0439 \u043e\u0442 \u0431\u043e\u0442\u043e\u0432 \u0432 \u043e\u043f\u0446\u0438\u0438 Live Traffic \u0432 Wordfence.<\/td>\n<\/tr>\n<tr>\n<td><code>ShareThis<\/code><\/td>\n<td>\u041a\u043e\u043d\u0435\u0446 \u0441\u0435\u0430\u043d\u0441\u0430 \u0431\u0440\u0430\u0443\u0437\u0435\u0440\u0430<\/td>\n<td>\u0421\u0442\u0430\u0442\u0438\u0441\u0442\u0438\u0447\u0435\u0441\u043a\u0438\u0435 \u043e\u0442\u0447\u0435\u0442\u044b \u043e \u043f\u043e\u0441\u0435\u0449\u0430\u0435\u043c\u043e\u0441\u0442\u0438 \u0441\u0430\u0439\u0442\u0430 \u0432 \u0441\u043e\u0446\u0438\u0430\u043b\u044c\u043d\u044b\u0445 \u0441\u0435\u0442\u044f\u0445<\/td>\n<\/tr>\n<tr>\n<td><\/td>\n<td><\/td>\n<td><\/td>\n<\/tr>\n<tr>\n<td><\/td>\n<td><\/td>\n<td><\/td>\n<\/tr>\n<\/tbody>\n<\/table>\n<p>From <b style=\"color: var( --e-global-color-text ); font-size: 1rem;\">hotelsouldejavea.com <\/b>and in compliance with current legislation, we provide you with information that allows you to configure your browser \/ Internet browsers to maintain your privacy and security in relation to cookies. Therefore, we provide you with information and links to the official support sites of the main browsers so that you can decide whether or not to accept the use of cookies.<\/p>\n<p>&nbsp;<\/p>\n","protected":false},"excerpt":{"rendered":"<p>LEGAL DISCLAIMER hotelsoldejavea.com (hereinafter the Web) is an Internet domain owned by: CLEARSTREAM ESPA\u00d1A S.A (Hotel Sol de J\u00e1vea) CALLE PRIMER MONTA\u00d1AR S\/N 03730 J\u00c1VEA Alicante, Spain NIF: A03250198 The website makes the web portal available to all users, under the terms set out in the following conditions: First.- User definition. First &#8211; Definition of [&#8230;]\n","protected":false},"author":5,"featured_media":0,"parent":0,"menu_order":0,"comment_status":"closed","ping_status":"closed","template":"","meta":{"footnotes":""},"class_list":["post-2836","page","type-page","status-publish","hentry"],"yoast_head":"<!-- This site is optimized with the Yoast SEO plugin v24.8.1 - https:\/\/yoast.com\/wordpress\/plugins\/seo\/ -->\n<title>legal disclaimer - Hotel Soul de J\u00e1vea<\/title>\n<meta name=\"robots\" content=\"noindex, nofollow\" \/>\n<meta property=\"og:locale\" content=\"en_US\" \/>\n<meta property=\"og:type\" content=\"article\" \/>\n<meta property=\"og:title\" content=\"legal disclaimer - Hotel Soul de J\u00e1vea\" \/>\n<meta property=\"og:description\" content=\"LEGAL DISCLAIMER hotelsoldejavea.com (hereinafter the Web) is an Internet domain owned by: CLEARSTREAM ESPA\u00d1A S.A (Hotel Sol de J\u00e1vea) CALLE PRIMER MONTA\u00d1AR S\/N 03730 J\u00c1VEA Alicante, Spain NIF: A03250198 The website makes the web portal available to all users, under the terms set out in the following conditions: First.- User definition. First &#8211; Definition of [...]\" \/>\n<meta property=\"og:url\" content=\"https:\/\/hotelsouldejavea.com\/en\/legal-disclaimer\/\" \/>\n<meta property=\"og:site_name\" content=\"Hotel Soul de J\u00e1vea\" \/>\n<meta property=\"article:modified_time\" content=\"2025-05-12T11:42:55+00:00\" \/>\n<meta name=\"twitter:card\" content=\"summary_large_image\" \/>\n<meta name=\"twitter:label1\" content=\"Est. reading time\" \/>\n\t<meta name=\"twitter:data1\" content=\"10 minutes\" \/>\n<script type=\"application\/ld+json\" class=\"yoast-schema-graph\">{\"@context\":\"https:\/\/schema.org\",\"@graph\":[{\"@type\":\"WebPage\",\"@id\":\"https:\/\/hotelsouldejavea.com\/en\/legal-disclaimer\/\",\"url\":\"https:\/\/hotelsouldejavea.com\/en\/legal-disclaimer\/\",\"name\":\"legal disclaimer - Hotel Soul de J\u00e1vea\",\"isPartOf\":{\"@id\":\"https:\/\/hotelsouldejavea.com\/en\/#website\"},\"datePublished\":\"2023-07-12T16:46:48+00:00\",\"dateModified\":\"2025-05-12T11:42:55+00:00\",\"breadcrumb\":{\"@id\":\"https:\/\/hotelsouldejavea.com\/en\/legal-disclaimer\/#breadcrumb\"},\"inLanguage\":\"en-US\",\"potentialAction\":[{\"@type\":\"ReadAction\",\"target\":[\"https:\/\/hotelsouldejavea.com\/en\/legal-disclaimer\/\"]}]},{\"@type\":\"BreadcrumbList\",\"@id\":\"https:\/\/hotelsouldejavea.com\/en\/legal-disclaimer\/#breadcrumb\",\"itemListElement\":[{\"@type\":\"ListItem\",\"position\":1,\"name\":\"Portada\",\"item\":\"https:\/\/hotelsouldejavea.com\/en\/\"},{\"@type\":\"ListItem\",\"position\":2,\"name\":\"legal disclaimer\"}]},{\"@type\":\"WebSite\",\"@id\":\"https:\/\/hotelsouldejavea.com\/en\/#website\",\"url\":\"https:\/\/hotelsouldejavea.com\/en\/\",\"name\":\"Hotel Soul de J\u00e1vea\",\"description\":\"Hotel Soul de J\u00e1vea\",\"publisher\":{\"@id\":\"https:\/\/hotelsouldejavea.com\/en\/#organization\"},\"potentialAction\":[{\"@type\":\"SearchAction\",\"target\":{\"@type\":\"EntryPoint\",\"urlTemplate\":\"https:\/\/hotelsouldejavea.com\/en\/?s={search_term_string}\"},\"query-input\":{\"@type\":\"PropertyValueSpecification\",\"valueRequired\":true,\"valueName\":\"search_term_string\"}}],\"inLanguage\":\"en-US\"},{\"@type\":\"Organization\",\"@id\":\"https:\/\/hotelsouldejavea.com\/en\/#organization\",\"name\":\"Hotel Soul de J\u00e1vea\",\"url\":\"https:\/\/hotelsouldejavea.com\/en\/\",\"logo\":{\"@type\":\"ImageObject\",\"inLanguage\":\"en-US\",\"@id\":\"https:\/\/hotelsouldejavea.com\/en\/#\/schema\/logo\/image\/\",\"url\":\"https:\/\/hotelsouldejavea.com\/wp-content\/uploads\/2025\/02\/hotel-soul-de-javea.png\",\"contentUrl\":\"https:\/\/hotelsouldejavea.com\/wp-content\/uploads\/2025\/02\/hotel-soul-de-javea.png\",\"width\":2182,\"height\":502,\"caption\":\"Hotel Soul de J\u00e1vea\"},\"image\":{\"@id\":\"https:\/\/hotelsouldejavea.com\/en\/#\/schema\/logo\/image\/\"}}]}<\/script>\n<!-- \/ Yoast SEO plugin. -->","yoast_head_json":{"title":"legal disclaimer - Hotel Soul de J\u00e1vea","robots":{"index":"noindex","follow":"nofollow"},"og_locale":"en_US","og_type":"article","og_title":"legal disclaimer - Hotel Soul de J\u00e1vea","og_description":"LEGAL DISCLAIMER hotelsoldejavea.com (hereinafter the Web) is an Internet domain owned by: CLEARSTREAM ESPA\u00d1A S.A (Hotel Sol de J\u00e1vea) CALLE PRIMER MONTA\u00d1AR S\/N 03730 J\u00c1VEA Alicante, Spain NIF: A03250198 The website makes the web portal available to all users, under the terms set out in the following conditions: First.- User definition. First &#8211; Definition of [...]","og_url":"https:\/\/hotelsouldejavea.com\/en\/legal-disclaimer\/","og_site_name":"Hotel Soul de J\u00e1vea","article_modified_time":"2025-05-12T11:42:55+00:00","twitter_card":"summary_large_image","twitter_misc":{"Est. reading time":"10 minutes"},"schema":{"@context":"https:\/\/schema.org","@graph":[{"@type":"WebPage","@id":"https:\/\/hotelsouldejavea.com\/en\/legal-disclaimer\/","url":"https:\/\/hotelsouldejavea.com\/en\/legal-disclaimer\/","name":"legal disclaimer - Hotel Soul de J\u00e1vea","isPartOf":{"@id":"https:\/\/hotelsouldejavea.com\/en\/#website"},"datePublished":"2023-07-12T16:46:48+00:00","dateModified":"2025-05-12T11:42:55+00:00","breadcrumb":{"@id":"https:\/\/hotelsouldejavea.com\/en\/legal-disclaimer\/#breadcrumb"},"inLanguage":"en-US","potentialAction":[{"@type":"ReadAction","target":["https:\/\/hotelsouldejavea.com\/en\/legal-disclaimer\/"]}]},{"@type":"BreadcrumbList","@id":"https:\/\/hotelsouldejavea.com\/en\/legal-disclaimer\/#breadcrumb","itemListElement":[{"@type":"ListItem","position":1,"name":"Portada","item":"https:\/\/hotelsouldejavea.com\/en\/"},{"@type":"ListItem","position":2,"name":"legal disclaimer"}]},{"@type":"WebSite","@id":"https:\/\/hotelsouldejavea.com\/en\/#website","url":"https:\/\/hotelsouldejavea.com\/en\/","name":"Hotel Soul de J\u00e1vea","description":"Hotel Soul de J\u00e1vea","publisher":{"@id":"https:\/\/hotelsouldejavea.com\/en\/#organization"},"potentialAction":[{"@type":"SearchAction","target":{"@type":"EntryPoint","urlTemplate":"https:\/\/hotelsouldejavea.com\/en\/?s={search_term_string}"},"query-input":{"@type":"PropertyValueSpecification","valueRequired":true,"valueName":"search_term_string"}}],"inLanguage":"en-US"},{"@type":"Organization","@id":"https:\/\/hotelsouldejavea.com\/en\/#organization","name":"Hotel Soul de J\u00e1vea","url":"https:\/\/hotelsouldejavea.com\/en\/","logo":{"@type":"ImageObject","inLanguage":"en-US","@id":"https:\/\/hotelsouldejavea.com\/en\/#\/schema\/logo\/image\/","url":"https:\/\/hotelsouldejavea.com\/wp-content\/uploads\/2025\/02\/hotel-soul-de-javea.png","contentUrl":"https:\/\/hotelsouldejavea.com\/wp-content\/uploads\/2025\/02\/hotel-soul-de-javea.png","width":2182,"height":502,"caption":"Hotel Soul de J\u00e1vea"},"image":{"@id":"https:\/\/hotelsouldejavea.com\/en\/#\/schema\/logo\/image\/"}}]}},"_links":{"self":[{"href":"https:\/\/hotelsouldejavea.com\/en\/wp-json\/wp\/v2\/pages\/2836","targetHints":{"allow":["GET"]}}],"collection":[{"href":"https:\/\/hotelsouldejavea.com\/en\/wp-json\/wp\/v2\/pages"}],"about":[{"href":"https:\/\/hotelsouldejavea.com\/en\/wp-json\/wp\/v2\/types\/page"}],"author":[{"embeddable":true,"href":"https:\/\/hotelsouldejavea.com\/en\/wp-json\/wp\/v2\/users\/5"}],"replies":[{"embeddable":true,"href":"https:\/\/hotelsouldejavea.com\/en\/wp-json\/wp\/v2\/comments?post=2836"}],"version-history":[{"count":2,"href":"https:\/\/hotelsouldejavea.com\/en\/wp-json\/wp\/v2\/pages\/2836\/revisions"}],"predecessor-version":[{"id":4279,"href":"https:\/\/hotelsouldejavea.com\/en\/wp-json\/wp\/v2\/pages\/2836\/revisions\/4279"}],"wp:attachment":[{"href":"https:\/\/hotelsouldejavea.com\/en\/wp-json\/wp\/v2\/media?parent=2836"}],"curies":[{"name":"wp","href":"https:\/\/api.w.org\/{rel}","templated":true}]}}