{"id":3911,"date":"2023-07-12T16:46:48","date_gmt":"2023-07-12T16:46:48","guid":{"rendered":"https:\/\/hotelsouldejavea.com\/?page_id=3911"},"modified":"2025-05-12T11:52:12","modified_gmt":"2025-05-12T11:52:12","slug":"rechtlichter-hinweis","status":"publish","type":"page","link":"https:\/\/hotelsouldejavea.com\/de\/rechtlichter-hinweis\/","title":{"rendered":"RECHTLICHER HINWEIS"},"content":{"rendered":"<div class=\"wpb-content-wrapper\">[vc_row][vc_column][vc_column_text css=&#8220;&#8220;]\n<h1>RECHTLICHER HINWEIS<\/h1>\n<p><strong>hotelsouldejavea.com<\/strong>\u00a0(im Folgenden \u201eWeb\u201c) ist eine Internetdom\u00e4ne im Besitz von:<\/p>\n<p><strong>CLEARSTREAM ESPA\u00d1A S.A (Hotel Soul de J\u00e1vea)<\/strong><br \/>\n<strong>CALLE PRIMER MONTA\u00d1AR S\/N<\/strong><br \/>\n<strong>03730 J\u00c1VEA<\/strong><br \/>\n<strong>Alicante, Espa\u00f1a<\/strong><br \/>\n<strong>NIF: A03250198<\/strong><\/p>\n<p>Die Website<b><\/b>stellt das Webportal allen Benutzern unter den in den folgenden Bedingungen festgelegten Bedingungen zur Verf\u00fcgung:<\/p>\n<p><strong>Erstens: Definition des Benutzers.<\/strong><br \/>\nDurch den Zugriff auf und\/oder die Nutzung der Website erlangt die Person, die dies tut, den Status eines Benutzers derselben und akzeptiert von diesem Moment an und vorbehaltlos die vorliegenden Allgemeinen Gesch\u00e4ftsbedingungen, unbeschadet der Besonderen Bedingungen, die von <strong>CLEARSTREAM ESPA\u00d1A S.A <\/strong><strong>\u00a0(Hotel Soul de J\u00e1vea)<\/strong> zur Regelung bestimmter Dienste und\/oder Inhalte festgelegt werden k\u00f6nnen.<\/p>\n<p>Wenn der Benutzer minderj\u00e4hrig ist, muss er zun\u00e4chst die Erlaubnis seiner Eltern, Erziehungsberechtigten oder gesetzlichen Vertreter einholen, die f\u00fcr alle Handlungen der in ihrer Obhut befindlichen Minderj\u00e4hrigen verantwortlich gemacht werden.<\/p>\n<p><strong>Zweitens: Pflichten des Benutzers.<\/strong><br \/>\nDer Benutzer verpflichtet sich, die Website im Einklang mit der geltenden Gesetzgebung, Treu und Glauben, der \u00f6ffentlichen Ordnung und allgemein anerkannten Sitten und Gebr\u00e4uchen zu nutzen.<\/p>\n<p>Ebenso verpflichtet sich der Benutzer, die Website nicht f\u00fcr illegale Zwecke oder Zwecke zu verwenden, die den Rechten und\/oder Interessen von <strong>CLEARSTREAM ESPA\u00d1A S.A (Hotel Soul de J\u00e1vea)<\/strong> und\/oder Dritten schaden, und den normalen Betrieb der Website weder zu sch\u00e4digen noch zu behindern.<\/p>\n<p><strong>Drittens: Verantwortung des Benutzers.<\/strong><br \/>\nDie Nutzung der Website durch den Benutzer erfolgt auf dessen alleinige und ausschlie\u00dfliche Verantwortung. <strong>CLEARSTREAM ESPA\u00d1A S.A <\/strong>\u00a0<strong>\u00a0(Hotel Soul de J\u00e1vea) <\/strong> wird in jedem Fall von jeglichem Schaden und\/oder Nachteilen freigestellt, die dem Benutzer oder Dritten direkt oder indirekt durch die Nichtbeachtung dieser Allgemeinen Gesch\u00e4ftsbedingungen durch den Benutzer entstehen k\u00f6nnten.<\/p>\n<p>In diesem Sinne beh\u00e4lt sich <strong>CLEARSTREAM ESPA\u00d1A S.A (Hotel Soul de J\u00e1vea)<\/strong> das Recht vor, jedem Nutzer, der gegen die vorliegenden Allgemeinen Gesch\u00e4ftsbedingungen versto\u00dfen hat, den Zugang zur <em>Website<\/em> und\/oder deren Nutzung oder die Nutzung s\u00e4mtlicher Inhalte und\/oder Dienste zu verweigern.<\/p>\n<h4>Viertens \u2013 Haftung von CLEARSTREAM ESPA\u00d1A S.A (Hotel Soul de J\u00e1vea)<\/h4>\n<p><strong>CLEARSTREAM ESPA\u00d1A S.A (Hotel Soul de J\u00e1vea)<\/strong> haftet nicht f\u00fcr Sch\u00e4den und\/oder Nachteile jeglicher Art, die dem Nutzer oder einem Dritten entstehen k\u00f6nnten aufgrund von:<\/p>\n<ol>\n<li>der fehlenden Verf\u00fcgbarkeit, Wartung oder dem ordnungsgem\u00e4\u00dfen Betrieb der <em>Website<\/em>, ihrer Dienste oder Inhalte;<\/li>\n<li>dem mangelnden Nutzen, der Wahrhaftigkeit, Angemessenheit oder G\u00fcltigkeit der <em>Website<\/em>, ihrer Dienste oder Inhalte zur Erf\u00fcllung der Bed\u00fcrfnisse oder Erwartungen des Nutzers;<\/li>\n<li>dritten Parteien, die unter Umgehung der von <strong>CLEARSTREAM ESPA\u00d1A S.A (Hotel Soul de J\u00e1vea)<\/strong> getroffenen Sicherheitsma\u00dfnahmen die <em>Website<\/em>, ihre Inhalte oder Dienste verwenden, um Viren zu verbreiten oder unautorisierten Zugriff auf gespeicherte Daten zu erhalten;<\/li>\n<li>oder ganz allgemein jeder Nutzung der <em>Website<\/em>, ihrer Dienste und\/oder Inhalte durch den Nutzer oder Dritte entgegen den von <strong>CLEARSTREAM ESPA\u00d1A S.A (Hotel Soul de J\u00e1vea)<\/strong> festgelegten Zugangs- und Nutzungsbedingungen.<\/li>\n<\/ol>\n<h4>F\u00fcnftens \u2013 Nutzungsgenehmigung f\u00fcr Inhalte<\/h4>\n<p>Die von <strong>CLEARSTREAM ESPA\u00d1A S.A (Hotel Soul de J\u00e1vea)<\/strong> bereitgestellten Inhalte sind durch die erforderlichen geistigen Eigentumsrechte gesch\u00fctzt und wurden von den jeweiligen Rechteinhabern ordnungsgem\u00e4\u00df f\u00fcr diesen Zweck \u00fcbertragen.<\/p>\n<p><strong>CLEARSTREAM ESPA\u00d1A S.A (Hotel Soul de J\u00e1vea)<\/strong> gestattet dem Nutzer die Nutzung dieser Inhalte ausschlie\u00dflich f\u00fcr die ausdr\u00fccklich auf der <em>Website<\/em> oder in diesen Allgemeinen Bedingungen genannten Zwecke. Die vollst\u00e4ndige oder teilweise Vervielf\u00e4ltigung, Verbreitung, \u00c4nderung oder \u00f6ffentliche Wiedergabe ist untersagt, au\u00dfer in F\u00e4llen, in denen <strong>CLEARSTREAM ESPA\u00d1A S.A (Hotel Soul de J\u00e1vea)<\/strong> auf vorherigen Antrag deren Reproduktion genehmigt.<\/p>\n<h4>Sechstens \u2013 Verarbeitung personenbezogener Daten<\/h4>\n<p><strong>CLEARSTREAM ESPA\u00d1A S.A (Hotel Soul de J\u00e1vea)<\/strong> hat eine Datenschutzrichtlinie eingef\u00fchrt, welche die Erhebung, Speicherung, Verarbeitung und Nutzung der vom Nutzer bereitgestellten personenbezogenen Daten regelt. In diesem Zusammenhang garantiert das Unternehmen die Einhaltung der genannten Richtlinie, die vom Nutzer \u00fcber den Link zur <em>Datenschutzrichtlinie<\/em> im Abschnitt <em>Information<\/em> eingesehen werden kann.<\/p>\n<h4>Siebtens \u2013 Linkverzeichnis<\/h4>\n<p>Die von <strong>CLEARSTREAM ESPA\u00d1A S.A (Hotel Soul de J\u00e1vea)<\/strong> bereitgestellten Verlinkungsfunktionen dienen ausschlie\u00dflich dazu, den Zugang zu weiteren Inhalten und\/oder Diensten zu erleichtern, die f\u00fcr den Nutzer von Interesse sein k\u00f6nnten. Diese unterliegen jedoch nicht der Verwaltung oder Kontrolle von <strong>CLEARSTREAM ESPA\u00d1A S.A (Hotel Soul de J\u00e1vea)<\/strong> hinsichtlich der Rechtm\u00e4\u00dfigkeit, Genauigkeit, N\u00fctzlichkeit, Qualit\u00e4t oder Zuverl\u00e4ssigkeit, sofern sie nicht direkt von diesem verwaltet oder kontrolliert werden, auch wenn sie \u00fcber die <em>Website<\/em> zug\u00e4nglich sind.<\/p>\n<h4>Achtens \u2013 \u00c4nderung und Aufhebung der vorliegenden Bedingungen<\/h4>\n<p><strong>CLEARSTREAM ESPA\u00d1A S.A (Hotel Soul de J\u00e1vea)<\/strong> beh\u00e4lt sich das Recht vor, die <em>Website<\/em>, ihr Design, ihre Inhalte und\/oder Dienste sowie diese Bedingungen ganz oder teilweise zu \u00e4ndern, wann immer sie dies f\u00fcr angebracht h\u00e4lt.<\/p>\n<p>Ebenso beh\u00e4lt sich <strong>CLEARSTREAM ESPA\u00d1A S.A (Hotel Soul de J\u00e1vea)<\/strong> das Recht vor, die <em>Website<\/em> oder beliebige ihrer Inhalte und\/oder Dienste jederzeit und nach eigenem Ermessen vor\u00fcbergehend zu unterbrechen, auszusetzen oder endg\u00fcltig zu deaktivieren.<\/p>\n<h1>DATENSCHUTZRICHTLINIE<\/h1>\n<p><strong>Datenschutz.<\/strong><\/p>\n<p>Die Kommunikation mit <strong>CLEARSTREAM ESPA\u00d1A S.A<\/strong> <strong>(Hotel Soul de J\u00e1vea)<\/strong> \u00fcber die E-Mail-Adresse reservas@hotelsouldejavea.com setzt die ausdr\u00fcckliche Zustimmung zur Aufnahme Ihrer personenbezogenen Daten in Dateien von <strong>CLEARSTREAM ESPA\u00d1A S.A<\/strong> <strong>(Hotel Soul de J\u00e1vea)<\/strong> voraus.<\/p>\n<p>Diese Daten werden unter der Verantwortung des Unternehmens verarbeitet, um Kunden \u00fcber angeforderte Produkte \u00fcber die daf\u00fcr vorgesehene Website zu informieren, m\u00f6gliche zuk\u00fcnftige Personaleinstellungen vorzubereiten (sofern dies das Ziel der Kommunikation ist), oder zu anderen Zwecken der kommerziellen Kommunikation. Die betroffene Person kann ihre Rechte auf Auskunft, Berichtigung, L\u00f6schung, Widerspruch, \u00dcbertragbarkeit und Einschr\u00e4nkung der Verarbeitung ihrer personenbezogenen Daten geltend machen oder die erteilte Einwilligung jederzeit schriftlich widerrufen (gem\u00e4\u00df der Datenschutz-Grundverordnung \u2013 DSGVO \u2013 und dem K\u00f6niglichen Dekret 1720\/2007 vom 21. Dezember).<\/p>\n<p><strong>Besuchserfassung (Verwendung von Cookies).<\/strong><\/p>\n<p>Die Website hotelsouldejavea.com verwendet eigene Cookies, Session-Cookies, persistente Cookies und Cookies von Google Analytics. Ein Cookie ist eine Information, die vom Webserver gesendet und im Browser des Besuchers gespeichert wird. Es wird bei jeder Anfrage an den Server zur\u00fcckgesendet, um den Benutzer zu identifizieren oder Informationen \u00fcber ihn abzurufen. Der Nutzer kann die Verwendung von Cookies ablehnen oder seinen Browser so einstellen, dass Cookies blockiert oder gel\u00f6scht werden. Weitere Informationen finden Sie in unserer <strong><em>Cookie-Richtlinie<\/em><\/strong><em>.<\/em><\/p>\n<p><strong>Links.<\/strong><\/p>\n<p>Diese Datenschutzrichtlinie gilt ausschlie\u00dflich f\u00fcr die Website von <strong>CLEARSTREAM ESPA\u00d1A S.A<\/strong> <strong>(Hotel Soul de J\u00e1vea)<\/strong>.<\/p>\n<p><strong>Website-Inhalte.<\/strong><\/p>\n<p>Jegliche, auch teilweise, Reproduktion des Inhalts dieser Website auf jedem beliebigen Medium ist ohne die ausdr\u00fcckliche Genehmigung von <strong>CLEARSTREAM ESPA\u00d1A S.A<\/strong> <strong>(Hotel Soul de J\u00e1vea)<\/strong> untersagt.<\/p>\n<h1>RICHTLINIE ZUR VERWENDUNG VON COOKIES<\/h1>\n<p>Der Zugriff auf diese Website, deren Nutzung oder das Surfen darauf impliziert die Akzeptanz der in unserem Impressum beschriebenen Allgemeinen Nutzungsbedingungen (einschlie\u00dflich der Datenschutz- und Cookie-Richtlinie). Vielen Dank f\u00fcr Ihren Besuch auf unserer Website. Wir m\u00f6chten, dass Ihre Erfahrung so angenehm wie m\u00f6glich ist. Aus diesem Grund wurde diese Cookie-Richtlinie so transparent wie m\u00f6glich gestaltet.<\/p>\n<p><strong>Was ist ein Cookie?<\/strong><\/p>\n<p>Cookies sind kleine Dateien mit Informationen, die auf Ihr Ger\u00e4t heruntergeladen werden, wenn Sie eine Website besuchen. Ihr Hauptzweck besteht darin, den Benutzer bei jedem Besuch auf hotelsouldejavea.com wiederzuerkennen und so die Qualit\u00e4t und Benutzerfreundlichkeit der Website zu verbessern.<\/p>\n<p>Cookies sind f\u00fcr das ordnungsgem\u00e4\u00dfe Funktionieren des Internets unerl\u00e4sslich; sie k\u00f6nnen Ihr Ger\u00e4t nicht besch\u00e4digen. Wenn sie im Browser aktiviert sind, helfen sie uns, m\u00f6gliche Fehler auf <b>hotelsouldejavea.com<\/b> zu identifizieren und zu beheben.<\/p>\n<p><strong>Arten von Cookies<\/strong><\/p>\n<ul>\n<li><strong><u>Sitzungscookies<\/u><\/strong>: Nur w\u00e4hrend des Besuchs g\u00fcltig, sie werden gel\u00f6scht, sobald der Browser geschlossen wird. Sie erm\u00f6glichen die Identifizierung des Ger\u00e4ts, unterst\u00fctzen die Sicherheit und gew\u00e4hrleisten das ordnungsgem\u00e4\u00dfe Funktionieren der Website. Sie enthalten keine pers\u00f6nlichen Informationen.<\/li>\n<li><strong><u>Permanente Cookies<\/u><\/strong>: Werden auf der Festplatte gespeichert und bei jedem Besuch ausgelesen. Sie haben ein Ablaufdatum und erm\u00f6glichen die Erkennung Ihrer Pr\u00e4ferenzen, Analyse der Besuche und Verbesserung unserer Dienste.<\/li>\n<li><strong><u>Funktionale Cookies<\/u><\/strong>: Erm\u00f6glichen es <b>hotelsouldejavea.com<\/b>, sich an vom Benutzer getroffene Entscheidungen zu erinnern (z.\u202fB. Benutzername). Die Informationen sind anonymisiert.<\/li>\n<li><strong><u>Drittanbieter-Cookies<\/u><\/strong>: Werden von anderen Websites installiert (z.\u202fB. Facebook, Google Maps). Einige dienen dazu, Ihre Besuche auf anderen Seiten zu verfolgen (Werbung).<\/li>\n<li><strong><u>Analytische Cookies<\/u><\/strong>: Dienen der laufenden Wartung der Website. Sie sammeln Daten zur Benutzeraktivit\u00e4t, um die Benutzererfahrung zu verbessern.<\/li>\n<\/ul>\n<p><strong>Verwendung von Cookies auf <b>hotelsouldejavea.com<\/b><\/strong><\/p>\n<p>Mit dem Zugriff auf <b>hotelsouldejavea.com<\/b> akzeptieren Sie ausdr\u00fccklich unsere Verwendung dieser Cookies. Wenn Sie Cookies deaktivieren, kann die Navigation beeintr\u00e4chtigt werden und einige Funktionen der Website k\u00f6nnten nicht ordnungsgem\u00e4\u00df funktionieren.<\/p>\n<p><strong>a) Eigene Cookies<\/strong><\/p>\n<p>Zur Wiedererkennung und Verbesserung unseres Dienstes verwendet unsere Website eigene Cookies (kleine Textdateien, die im Browser gespeichert werden). Sie erm\u00f6glichen die Wiedererkennung bei sp\u00e4teren Besuchen, die Anpassung von Inhalten, die Erfassung von Informationen \u00fcber vorherige Besuche, die Analyse des Datenverkehrs und die Verbesserung unserer Angebote.<\/p>\n<p>Diese Cookies erlauben es nicht, Sie zu kontaktieren oder pers\u00f6nliche Daten von Ihrer Festplatte zu extrahieren.<\/p>\n<p><strong>b) Cookies von Drittanbietern<\/strong><\/p>\n<p>Google Analytics:<\/p>\n<table>\n<thead>\n<tr>\n<th>COOKIE-NAME<\/th>\n<th>DAUER<\/th>\n<th>BESCHREIBUNG<\/th>\n<\/tr>\n<\/thead>\n<tbody>\n<tr>\n<td><code>__utma<\/code><\/td>\n<td>2 Jahre<\/td>\n<td>Dient zur Unterscheidung von Benutzern und Sitzungen. Erstellt beim ersten Laden der Seite, wenn es nicht vorhanden ist.<\/td>\n<\/tr>\n<tr>\n<td><code>__utmt<\/code><\/td>\n<td>10 Minuten<\/td>\n<td>Dient zur Drosselung der Anforderungsrate.<\/td>\n<\/tr>\n<tr>\n<td><code>__utmb<\/code><\/td>\n<td>30 Minuten<\/td>\n<td>Dient zur Erkennung neuer Sitzungen\/Besuche.<\/td>\n<\/tr>\n<tr>\n<td><code>__utmc<\/code><\/td>\n<td>Sitzungsende<\/td>\n<td>Wird mit urchin.js verwendet, um Sitzungen zu erkennen.<\/td>\n<\/tr>\n<tr>\n<td><code>__utmz<\/code><\/td>\n<td>6 Monate<\/td>\n<td>Speichert, wie der Nutzer auf die Website gelangt ist (Quelle oder Kampagne).<\/td>\n<\/tr>\n<tr>\n<td><code>__utmv<\/code><\/td>\n<td>2 Jahre<\/td>\n<td>Speichert benutzerdefinierte Besucherdaten (\u00fcber _setCustomVar).<\/td>\n<\/tr>\n<\/tbody>\n<\/table>\n<p>Google Maps, YouTube, ShareThis, Wordfence:<\/p>\n<table>\n<thead>\n<tr>\n<th>COOKIE-NAME<\/th>\n<th>DAUER<\/th>\n<th>BESCHREIBUNG<\/th>\n<\/tr>\n<\/thead>\n<tbody>\n<tr>\n<td><code>maps.google.es<\/code><\/td>\n<td>Sitzung<\/td>\n<td>Geolokalisierungsdaten<\/td>\n<\/tr>\n<tr>\n<td><code>youtube<\/code><\/td>\n<td>Dauerhaft<\/td>\n<td>Pr\u00e4ferenzen f\u00fcr YouTube-Videos<\/td>\n<\/tr>\n<tr>\n<td><code>wordfence_verifiedHumans<\/code><\/td>\n<td>24 Stunden<\/td>\n<td>Dient zur Unterscheidung zwischen Menschen und Bots (Wordfence \u2013 WordPress-Sicherheit).<\/td>\n<\/tr>\n<tr>\n<td><code>ShareThis<\/code><\/td>\n<td>Sitzungsende<\/td>\n<td>Statistiken \u00fcber das Teilen in sozialen Netzwerken.<\/td>\n<\/tr>\n<\/tbody>\n<\/table>\n<p>Auf <b>hotelsouldejavea.com<\/b> stellen wir Ihnen, in \u00dcbereinstimmung mit der geltenden Gesetzgebung, Informationen zur Verf\u00fcgung, mit denen Sie Ihren Browser konfigurieren k\u00f6nnen, um Ihre Privatsph\u00e4re zu sch\u00fctzen. Nachfolgend finden Sie Links zu den offiziellen Support-Seiten der g\u00e4ngigsten Browser, damit Sie selbst entscheiden k\u00f6nnen, ob Sie die Verwendung von Cookies zulassen oder ablehnen m\u00f6chten.[\/vc_column_text][\/vc_column][\/vc_row]\n<\/div>","protected":false},"excerpt":{"rendered":"[vc_row][vc_column][vc_column_text css=&#8220;&#8220;] RECHTLICHER HINWEIS hotelsouldejavea.com\u00a0(im Folgenden \u201eWeb\u201c) ist eine Internetdom\u00e4ne im Besitz von: CLEARSTREAM ESPA\u00d1A S.A (Hotel Soul de J\u00e1vea) CALLE PRIMER MONTA\u00d1AR S\/N 03730 J\u00c1VEA Alicante, Espa\u00f1a NIF: A03250198 Die Websitestellt das Webportal allen Benutzern unter den in den folgenden Bedingungen festgelegten Bedingungen zur Verf\u00fcgung: Erstens: Definition des Benutzers. Durch den Zugriff auf und\/oder [&#8230;]\n","protected":false},"author":2,"featured_media":0,"parent":0,"menu_order":0,"comment_status":"closed","ping_status":"closed","template":"","meta":{"footnotes":""},"class_list":["post-3911","page","type-page","status-publish","hentry"],"yoast_head":"<!-- This site is optimized with the Yoast SEO plugin v24.8.1 - https:\/\/yoast.com\/wordpress\/plugins\/seo\/ -->\n<title>RECHTLICHER HINWEIS - Hotel Soul de J\u00e1vea<\/title>\n<meta name=\"robots\" content=\"noindex, nofollow\" \/>\n<meta property=\"og:locale\" content=\"de_DE\" \/>\n<meta property=\"og:type\" content=\"article\" \/>\n<meta property=\"og:title\" content=\"RECHTLICHER HINWEIS - Hotel Soul de J\u00e1vea\" \/>\n<meta property=\"og:description\" content=\"[vc_row][vc_column][vc_column_text css=&#8220;&#8220;] RECHTLICHER HINWEIS hotelsouldejavea.com\u00a0(im Folgenden \u201eWeb\u201c) ist eine Internetdom\u00e4ne im Besitz von: CLEARSTREAM ESPA\u00d1A S.A (Hotel Soul de J\u00e1vea) CALLE PRIMER MONTA\u00d1AR S\/N 03730 J\u00c1VEA Alicante, Espa\u00f1a NIF: A03250198 Die Websitestellt das Webportal allen Benutzern unter den in den folgenden Bedingungen festgelegten Bedingungen zur Verf\u00fcgung: Erstens: Definition des Benutzers. Durch den Zugriff auf und\/oder [...]\" \/>\n<meta property=\"og:url\" content=\"https:\/\/hotelsouldejavea.com\/de\/rechtlichter-hinweis\/\" \/>\n<meta property=\"og:site_name\" content=\"Hotel Soul de J\u00e1vea\" \/>\n<meta property=\"article:modified_time\" content=\"2025-05-12T11:52:12+00:00\" \/>\n<meta name=\"twitter:card\" content=\"summary_large_image\" \/>\n<meta name=\"twitter:label1\" content=\"Gesch\u00e4tzte Lesezeit\" \/>\n\t<meta name=\"twitter:data1\" content=\"7\u00a0Minuten\" \/>\n<script type=\"application\/ld+json\" class=\"yoast-schema-graph\">{\"@context\":\"https:\/\/schema.org\",\"@graph\":[{\"@type\":\"WebPage\",\"@id\":\"https:\/\/hotelsouldejavea.com\/de\/rechtlichter-hinweis\/\",\"url\":\"https:\/\/hotelsouldejavea.com\/de\/rechtlichter-hinweis\/\",\"name\":\"RECHTLICHER HINWEIS - Hotel Soul de J\u00e1vea\",\"isPartOf\":{\"@id\":\"https:\/\/hotelsouldejavea.com\/de\/#website\"},\"datePublished\":\"2023-07-12T16:46:48+00:00\",\"dateModified\":\"2025-05-12T11:52:12+00:00\",\"breadcrumb\":{\"@id\":\"https:\/\/hotelsouldejavea.com\/de\/rechtlichter-hinweis\/#breadcrumb\"},\"inLanguage\":\"de\",\"potentialAction\":[{\"@type\":\"ReadAction\",\"target\":[\"https:\/\/hotelsouldejavea.com\/de\/rechtlichter-hinweis\/\"]}]},{\"@type\":\"BreadcrumbList\",\"@id\":\"https:\/\/hotelsouldejavea.com\/de\/rechtlichter-hinweis\/#breadcrumb\",\"itemListElement\":[{\"@type\":\"ListItem\",\"position\":1,\"name\":\"Portada\",\"item\":\"https:\/\/hotelsouldejavea.com\/de\/\"},{\"@type\":\"ListItem\",\"position\":2,\"name\":\"RECHTLICHER HINWEIS\"}]},{\"@type\":\"WebSite\",\"@id\":\"https:\/\/hotelsouldejavea.com\/de\/#website\",\"url\":\"https:\/\/hotelsouldejavea.com\/de\/\",\"name\":\"Hotel Soul de J\u00e1vea\",\"description\":\"Hotel Soul de J\u00e1vea\",\"publisher\":{\"@id\":\"https:\/\/hotelsouldejavea.com\/de\/#organization\"},\"potentialAction\":[{\"@type\":\"SearchAction\",\"target\":{\"@type\":\"EntryPoint\",\"urlTemplate\":\"https:\/\/hotelsouldejavea.com\/de\/?s={search_term_string}\"},\"query-input\":{\"@type\":\"PropertyValueSpecification\",\"valueRequired\":true,\"valueName\":\"search_term_string\"}}],\"inLanguage\":\"de\"},{\"@type\":\"Organization\",\"@id\":\"https:\/\/hotelsouldejavea.com\/de\/#organization\",\"name\":\"Hotel Soul de J\u00e1vea\",\"url\":\"https:\/\/hotelsouldejavea.com\/de\/\",\"logo\":{\"@type\":\"ImageObject\",\"inLanguage\":\"de\",\"@id\":\"https:\/\/hotelsouldejavea.com\/de\/#\/schema\/logo\/image\/\",\"url\":\"https:\/\/hotelsouldejavea.com\/wp-content\/uploads\/2025\/02\/hotel-soul-de-javea.png\",\"contentUrl\":\"https:\/\/hotelsouldejavea.com\/wp-content\/uploads\/2025\/02\/hotel-soul-de-javea.png\",\"width\":2182,\"height\":502,\"caption\":\"Hotel Soul de J\u00e1vea\"},\"image\":{\"@id\":\"https:\/\/hotelsouldejavea.com\/de\/#\/schema\/logo\/image\/\"}}]}<\/script>\n<!-- \/ Yoast SEO plugin. -->","yoast_head_json":{"title":"RECHTLICHER HINWEIS - Hotel Soul de J\u00e1vea","robots":{"index":"noindex","follow":"nofollow"},"og_locale":"de_DE","og_type":"article","og_title":"RECHTLICHER HINWEIS - Hotel Soul de J\u00e1vea","og_description":"[vc_row][vc_column][vc_column_text css=&#8220;&#8220;] RECHTLICHER HINWEIS hotelsouldejavea.com\u00a0(im Folgenden \u201eWeb\u201c) ist eine Internetdom\u00e4ne im Besitz von: CLEARSTREAM ESPA\u00d1A S.A (Hotel Soul de J\u00e1vea) CALLE PRIMER MONTA\u00d1AR S\/N 03730 J\u00c1VEA Alicante, Espa\u00f1a NIF: A03250198 Die Websitestellt das Webportal allen Benutzern unter den in den folgenden Bedingungen festgelegten Bedingungen zur Verf\u00fcgung: Erstens: Definition des Benutzers. Durch den Zugriff auf und\/oder [...]","og_url":"https:\/\/hotelsouldejavea.com\/de\/rechtlichter-hinweis\/","og_site_name":"Hotel Soul de J\u00e1vea","article_modified_time":"2025-05-12T11:52:12+00:00","twitter_card":"summary_large_image","twitter_misc":{"Gesch\u00e4tzte Lesezeit":"7\u00a0Minuten"},"schema":{"@context":"https:\/\/schema.org","@graph":[{"@type":"WebPage","@id":"https:\/\/hotelsouldejavea.com\/de\/rechtlichter-hinweis\/","url":"https:\/\/hotelsouldejavea.com\/de\/rechtlichter-hinweis\/","name":"RECHTLICHER HINWEIS - Hotel Soul de J\u00e1vea","isPartOf":{"@id":"https:\/\/hotelsouldejavea.com\/de\/#website"},"datePublished":"2023-07-12T16:46:48+00:00","dateModified":"2025-05-12T11:52:12+00:00","breadcrumb":{"@id":"https:\/\/hotelsouldejavea.com\/de\/rechtlichter-hinweis\/#breadcrumb"},"inLanguage":"de","potentialAction":[{"@type":"ReadAction","target":["https:\/\/hotelsouldejavea.com\/de\/rechtlichter-hinweis\/"]}]},{"@type":"BreadcrumbList","@id":"https:\/\/hotelsouldejavea.com\/de\/rechtlichter-hinweis\/#breadcrumb","itemListElement":[{"@type":"ListItem","position":1,"name":"Portada","item":"https:\/\/hotelsouldejavea.com\/de\/"},{"@type":"ListItem","position":2,"name":"RECHTLICHER HINWEIS"}]},{"@type":"WebSite","@id":"https:\/\/hotelsouldejavea.com\/de\/#website","url":"https:\/\/hotelsouldejavea.com\/de\/","name":"Hotel Soul de J\u00e1vea","description":"Hotel Soul de J\u00e1vea","publisher":{"@id":"https:\/\/hotelsouldejavea.com\/de\/#organization"},"potentialAction":[{"@type":"SearchAction","target":{"@type":"EntryPoint","urlTemplate":"https:\/\/hotelsouldejavea.com\/de\/?s={search_term_string}"},"query-input":{"@type":"PropertyValueSpecification","valueRequired":true,"valueName":"search_term_string"}}],"inLanguage":"de"},{"@type":"Organization","@id":"https:\/\/hotelsouldejavea.com\/de\/#organization","name":"Hotel Soul de J\u00e1vea","url":"https:\/\/hotelsouldejavea.com\/de\/","logo":{"@type":"ImageObject","inLanguage":"de","@id":"https:\/\/hotelsouldejavea.com\/de\/#\/schema\/logo\/image\/","url":"https:\/\/hotelsouldejavea.com\/wp-content\/uploads\/2025\/02\/hotel-soul-de-javea.png","contentUrl":"https:\/\/hotelsouldejavea.com\/wp-content\/uploads\/2025\/02\/hotel-soul-de-javea.png","width":2182,"height":502,"caption":"Hotel Soul de J\u00e1vea"},"image":{"@id":"https:\/\/hotelsouldejavea.com\/de\/#\/schema\/logo\/image\/"}}]}},"_links":{"self":[{"href":"https:\/\/hotelsouldejavea.com\/de\/wp-json\/wp\/v2\/pages\/3911","targetHints":{"allow":["GET"]}}],"collection":[{"href":"https:\/\/hotelsouldejavea.com\/de\/wp-json\/wp\/v2\/pages"}],"about":[{"href":"https:\/\/hotelsouldejavea.com\/de\/wp-json\/wp\/v2\/types\/page"}],"author":[{"embeddable":true,"href":"https:\/\/hotelsouldejavea.com\/de\/wp-json\/wp\/v2\/users\/2"}],"replies":[{"embeddable":true,"href":"https:\/\/hotelsouldejavea.com\/de\/wp-json\/wp\/v2\/comments?post=3911"}],"version-history":[{"count":3,"href":"https:\/\/hotelsouldejavea.com\/de\/wp-json\/wp\/v2\/pages\/3911\/revisions"}],"predecessor-version":[{"id":4282,"href":"https:\/\/hotelsouldejavea.com\/de\/wp-json\/wp\/v2\/pages\/3911\/revisions\/4282"}],"wp:attachment":[{"href":"https:\/\/hotelsouldejavea.com\/de\/wp-json\/wp\/v2\/media?parent=3911"}],"curies":[{"name":"wp","href":"https:\/\/api.w.org\/{rel}","templated":true}]}}