{"id":3603,"date":"2023-07-10T08:06:58","date_gmt":"2023-07-10T08:06:58","guid":{"rendered":"https:\/\/hotelsouldejavea.com\/?page_id=3603"},"modified":"2025-05-08T09:29:13","modified_gmt":"2025-05-08T09:29:13","slug":"restaurant","status":"publish","type":"page","link":"https:\/\/hotelsouldejavea.com\/de\/restaurant\/","title":{"rendered":"Restaurant"},"content":{"rendered":"<div class=\"wpb-content-wrapper\">[vc_row full_width=&#8220;stretch_row_content&#8220; content_placement=&#8220;top&#8220; css=&#8220;.vc_custom_1741949896010{padding-bottom: 45% !important;background-image: url(https:\/\/hotelsouldejavea.com\/wp-content\/uploads\/2023\/07\/20200716-DSC07512.jpg?id=312) !important;background-position: center !important;background-repeat: no-repeat !important;background-size: cover !important;}&#8220;][vc_column][\/vc_column][\/vc_row][vc_row css=&#8220;.vc_custom_1741951691992{padding-top: 2% !important;padding-right: 10% !important;padding-bottom: 2% !important;padding-left: 10% !important;}&#8220;][vc_column][vc_row_inner css=&#8220;.vc_custom_1741946940795{padding-top: 5% !important;background-position: center !important;background-repeat: no-repeat !important;background-size: cover !important;}&#8220;][vc_column_inner][vc_column_text css=&#8220;&#8220;]\n<div class=\"wpb_text_column wpb_content_element \">\n<div class=\"wpb_wrapper\">\n<h2 style=\"text-align: justify;\"><span style=\"color: #525252; font-size: 150%;\">WILLKOMMEN ZUHAUSE<\/span><\/h2>\n<p style=\"text-align: justify;\">Direkt am Strand gelegen, wird unser Hotel zu einem privilegierten Ort, um abzuschalten und frische Speisen auf unserer Terrasse mit Meerblick zu genie\u00dfen.<\/p>\n<p style=\"text-align: justify;\">Genie\u00dfen Sie unser Men\u00fc f\u00fcr 23\u202f\u20ac (Getr\u00e4nk nicht inbegriffen) oder w\u00e4hlen Sie \u00e0 la carte an einem der privilegiertesten Orte in ganz J\u00e1vea. Fragen Sie nach unseren vegetarischen, veganen oder allergikerfreundlichen Optionen.<\/p>\n<p style=\"text-align: justify;\">Oder fr\u00fchst\u00fccken Sie f\u00fcr 15\u202f\u20ac auf unserer fantastischen Terrasse \u2013 wir bieten ein kontinentales Buffet sowie Fr\u00fchst\u00fccksgerichte \u00e0 la carte, die Sie \u00fcberraschen werden.<\/p>\n<p style=\"text-align: justify;\">Im Namen des gesamten Personals hei\u00dfen wir Sie in Ihrem Zuhause in J\u00e1vea willkommen.<\/p>\n<p style=\"text-align: justify;\">Lassen Sie sich verw\u00f6hnen und genie\u00dfen Sie einen wunderbaren Urlaub!<\/p>\n<\/div>\n<\/div>\n[\/vc_column_text][vc_empty_space][vc_btn style=&#8220;outline-custom&#8220; outline_custom_color=&#8220;#20BEC9&#8243; outline_custom_hover_background=&#8220;#20BEC9&#8243; shape=&#8220;square&#8220; align=&#8220;center&#8220; css=&#8220;&#8220; button_block=&#8220;true&#8220; link=&#8220;url:https%3A%2F%2Fhotelsouldejavea.com%2Fde%2Fkontakt|title:JETZT%20BUCHEN|target:_blank&#8220; title=&#8220;RESERVIEREN SIE&#8220;][vc_empty_space][\/vc_column_inner][\/vc_row_inner][\/vc_column][\/vc_row][vc_row css=&#8220;.vc_custom_1741951702591{padding-top: 2% !important;padding-right: 10% !important;padding-bottom: 3% !important;padding-left: 10% !important;}&#8220;][vc_column][vc_row_inner gap=&#8220;30&#8243;][vc_column_inner width=&#8220;1\/2&#8243;][vc_column_text css=&#8220;&#8220;]\n<div class=\"wpb_text_column wpb_content_element \">\n<div class=\"wpb_wrapper\">\n<h2><strong><span style=\"font-size: 100%; color: #525252;\">RESTAURANT-MEN\u00dc<\/span><\/strong><\/h2>\n<p style=\"text-align: justify;\">Das Restaurant Soul de J\u00e1vea pr\u00e4sentiert ein exklusives gastronomisches Konzept \u2013 modern, progressiv, frei interpretiert \u2013 inspiriert vom geliebten Mittelmeer, eine reisende K\u00fcche, die dennoch regionale Produkte bevorzugt.<\/p>\n<\/div>\n<\/div>\n[\/vc_column_text][\/vc_column_inner][vc_column_inner width=&#8220;1\/2&#8243;][vc_column_text css=&#8220;&#8220;]\n<div class=\"wpb_text_column wpb_content_element \">\n<div class=\"wpb_wrapper\">\n<h2><span style=\"color: #525252;\"><strong>MEN\u00da INFANTIL<\/strong><\/span><\/h2>\n<p style=\"text-align: justify;\">Sabemos que los m\u00e1s peque\u00f1os disfrutan con los sabores de siempre por eso elaboramos un men\u00fa sencillo para que los peque\u00f1os disfruten del placer de la cocina adaptando los men\u00fas a las preferencias gastron\u00f3micas del p\u00fablico infantil.<\/p>\n<\/div>\n<\/div>\n[\/vc_column_text][\/vc_column_inner][\/vc_row_inner][vc_row_inner gap=&#8220;30&#8243;][vc_column_inner width=&#8220;1\/2&#8243;][vc_single_image image=&#8220;3053&#8243; css=&#8220;&#8220; img_size=&#8220;large&#8220;][\/vc_column_inner][vc_column_inner width=&#8220;1\/2&#8243;][vc_single_image image=&#8220;3055&#8243; css=&#8220;&#8220; img_size=&#8220;large&#8220;][\/vc_column_inner][\/vc_row_inner][vc_empty_space][vc_row_inner gap=&#8220;30&#8243; css=&#8220;.vc_custom_1741948955140{padding-top: 2% !important;}&#8220;][vc_column_inner width=&#8220;1\/2&#8243;][vc_column_text css=&#8220;&#8220;]\n<div class=\"wpb_text_column wpb_content_element \">\n<div class=\"wpb_wrapper\">\n<h2><span style=\"color: #525252;\"><strong>SKY-BAR<\/strong><\/span><\/h2>\n<p style=\"text-align: justify;\">Unsere Bar ist tags\u00fcber und abends ge\u00f6ffnet. Tags\u00fcber genie\u00dfen Sie die besten Cocktails am Pool, abends die Meeresbrise auf unserer Terrasse mit Blick auf das Mittelmeer.<\/p>\n<\/div>\n<\/div>\n[\/vc_column_text][\/vc_column_inner][vc_column_inner width=&#8220;1\/2&#8243;][vc_column_text css=&#8220;&#8220;]\n<div class=\"wpb_text_column wpb_content_element \">\n<div class=\"wpb_wrapper\">\n<h2><span style=\"color: #525252;\"><strong>FR\u00dcHST\u00dcCKSMEN\u00dc<\/strong><\/span><\/h2>\n<p style=\"text-align: justify;\">Fr\u00fchst\u00fcck ist die wichtigste Mahlzeit des Tages, daher legen wir besonderen Wert auf nat\u00fcrliche, frische und lokale Zutaten. Hausgemachtes Geb\u00e4ck und typische mediterrane Produkte runden das Angebot ab.<\/p>\n<\/div>\n<\/div>\n[\/vc_column_text][\/vc_column_inner][\/vc_row_inner][vc_row_inner gap=&#8220;30&#8243;][vc_column_inner width=&#8220;1\/2&#8243;][vc_single_image image=&#8220;3067&#8243; css=&#8220;&#8220; img_size=&#8220;large&#8220;][\/vc_column_inner][vc_column_inner width=&#8220;1\/2&#8243;][vc_single_image image=&#8220;3069&#8243; css=&#8220;&#8220; img_size=&#8220;large&#8220;][\/vc_column_inner][\/vc_row_inner][vc_empty_space][vc_btn style=&#8220;outline-custom&#8220; outline_custom_color=&#8220;#20BEC9&#8243; outline_custom_hover_background=&#8220;#20BEC9&#8243; shape=&#8220;square&#8220; align=&#8220;center&#8220; css=&#8220;&#8220; button_block=&#8220;true&#8220; link=&#8220;url:https%3A%2F%2Fhotelsouldejavea.com%2Fde%2Fkontakt%2F|title:JETZT%20BUCHEN|target:_blank&#8220; title=&#8220;RESERVIEREN SIE&#8220;][vc_empty_space][vc_empty_space][vc_row_inner][vc_column_inner][vc_column_text css=&#8220;&#8220;]\n<div id='gallery-1' class='gallery galleryid-3603 gallery-columns-7 gallery-size-thumbnail'><figure class='gallery-item'>\n\t\t\t<div class='gallery-icon landscape'>\n\t\t\t\t<a href='https:\/\/hotelsouldejavea.com\/wp-content\/uploads\/2023\/07\/20200716-DSC07512.jpg'><img loading=\"lazy\" decoding=\"async\" width=\"150\" height=\"150\" src=\"https:\/\/hotelsouldejavea.com\/wp-content\/uploads\/2023\/07\/20200716-DSC07512-150x150.jpg\" class=\"attachment-thumbnail size-thumbnail\" alt=\"\" \/><\/a>\n\t\t\t<\/div><\/figure><figure class='gallery-item'>\n\t\t\t<div class='gallery-icon landscape'>\n\t\t\t\t<a href='https:\/\/hotelsouldejavea.com\/wp-content\/uploads\/2023\/07\/20200716-DSC07514.jpg'><img loading=\"lazy\" decoding=\"async\" width=\"150\" height=\"150\" src=\"https:\/\/hotelsouldejavea.com\/wp-content\/uploads\/2023\/07\/20200716-DSC07514-150x150.jpg\" class=\"attachment-thumbnail size-thumbnail\" alt=\"\" \/><\/a>\n\t\t\t<\/div><\/figure><figure class='gallery-item'>\n\t\t\t<div class='gallery-icon landscape'>\n\t\t\t\t<a href='https:\/\/hotelsouldejavea.com\/wp-content\/uploads\/2023\/07\/20200716-DSC07510.jpg'><img loading=\"lazy\" decoding=\"async\" width=\"150\" height=\"150\" src=\"https:\/\/hotelsouldejavea.com\/wp-content\/uploads\/2023\/07\/20200716-DSC07510-150x150.jpg\" class=\"attachment-thumbnail size-thumbnail\" alt=\"\" \/><\/a>\n\t\t\t<\/div><\/figure><figure class='gallery-item'>\n\t\t\t<div class='gallery-icon landscape'>\n\t\t\t\t<a href='https:\/\/hotelsouldejavea.com\/wp-content\/uploads\/2023\/07\/pexels-photo-1516415.jpeg'><img loading=\"lazy\" decoding=\"async\" width=\"150\" height=\"150\" src=\"https:\/\/hotelsouldejavea.com\/wp-content\/uploads\/2023\/07\/pexels-photo-1516415-150x150.jpeg\" class=\"attachment-thumbnail size-thumbnail\" alt=\"\" \/><\/a>\n\t\t\t<\/div><\/figure><figure class='gallery-item'>\n\t\t\t<div class='gallery-icon landscape'>\n\t\t\t\t<a href='https:\/\/hotelsouldejavea.com\/wp-content\/uploads\/2023\/07\/20200716-DSC07492.jpg'><img loading=\"lazy\" decoding=\"async\" width=\"150\" height=\"150\" src=\"https:\/\/hotelsouldejavea.com\/wp-content\/uploads\/2023\/07\/20200716-DSC07492-150x150.jpg\" class=\"attachment-thumbnail size-thumbnail\" alt=\"\" \/><\/a>\n\t\t\t<\/div><\/figure><figure class='gallery-item'>\n\t\t\t<div class='gallery-icon landscape'>\n\t\t\t\t<a href='https:\/\/hotelsouldejavea.com\/wp-content\/uploads\/2023\/07\/20200716-DSC07500.jpg'><img loading=\"lazy\" decoding=\"async\" width=\"150\" height=\"150\" src=\"https:\/\/hotelsouldejavea.com\/wp-content\/uploads\/2023\/07\/20200716-DSC07500-150x150.jpg\" class=\"attachment-thumbnail size-thumbnail\" alt=\"\" \/><\/a>\n\t\t\t<\/div><\/figure><figure class='gallery-item'>\n\t\t\t<div class='gallery-icon landscape'>\n\t\t\t\t<a href='https:\/\/hotelsouldejavea.com\/wp-content\/uploads\/2023\/07\/el-mejor-restaurante-en-javea-scaled.jpg'><img loading=\"lazy\" decoding=\"async\" width=\"150\" height=\"150\" src=\"https:\/\/hotelsouldejavea.com\/wp-content\/uploads\/2023\/07\/el-mejor-restaurante-en-javea-150x150.jpg\" class=\"attachment-thumbnail size-thumbnail\" alt=\"\" \/><\/a>\n\t\t\t<\/div><\/figure><figure class='gallery-item'>\n\t\t\t<div class='gallery-icon landscape'>\n\t\t\t\t<a href='https:\/\/hotelsouldejavea.com\/wp-content\/uploads\/2023\/07\/PMO02314-scaled.jpg'><img loading=\"lazy\" decoding=\"async\" width=\"150\" height=\"150\" src=\"https:\/\/hotelsouldejavea.com\/wp-content\/uploads\/2023\/07\/PMO02314-150x150.jpg\" class=\"attachment-thumbnail size-thumbnail\" alt=\"\" \/><\/a>\n\t\t\t<\/div><\/figure><figure class='gallery-item'>\n\t\t\t<div class='gallery-icon landscape'>\n\t\t\t\t<a href='https:\/\/hotelsouldejavea.com\/wp-content\/uploads\/2023\/07\/20200716-DSC07519.jpg'><img loading=\"lazy\" decoding=\"async\" width=\"150\" height=\"150\" src=\"https:\/\/hotelsouldejavea.com\/wp-content\/uploads\/2023\/07\/20200716-DSC07519-150x150.jpg\" class=\"attachment-thumbnail size-thumbnail\" alt=\"\" \/><\/a>\n\t\t\t<\/div><\/figure><figure class='gallery-item'>\n\t\t\t<div class='gallery-icon landscape'>\n\t\t\t\t<a href='https:\/\/hotelsouldejavea.com\/wp-content\/uploads\/2023\/07\/20200716-DSC07504.jpg'><img loading=\"lazy\" decoding=\"async\" width=\"150\" height=\"150\" src=\"https:\/\/hotelsouldejavea.com\/wp-content\/uploads\/2023\/07\/20200716-DSC07504-150x150.jpg\" class=\"attachment-thumbnail size-thumbnail\" alt=\"\" \/><\/a>\n\t\t\t<\/div><\/figure><figure class='gallery-item'>\n\t\t\t<div class='gallery-icon portrait'>\n\t\t\t\t<a href='https:\/\/hotelsouldejavea.com\/wp-content\/uploads\/2023\/07\/restaurante-cocina-mediterranea.jpg'><img loading=\"lazy\" decoding=\"async\" width=\"150\" height=\"150\" src=\"https:\/\/hotelsouldejavea.com\/wp-content\/uploads\/2023\/07\/restaurante-cocina-mediterranea-150x150.jpg\" class=\"attachment-thumbnail size-thumbnail\" alt=\"\" \/><\/a>\n\t\t\t<\/div><\/figure><figure class='gallery-item'>\n\t\t\t<div class='gallery-icon landscape'>\n\t\t\t\t<a href='https:\/\/hotelsouldejavea.com\/wp-content\/uploads\/2023\/07\/PMO02306-scaled.jpg'><img loading=\"lazy\" decoding=\"async\" width=\"150\" height=\"150\" src=\"https:\/\/hotelsouldejavea.com\/wp-content\/uploads\/2023\/07\/PMO02306-150x150.jpg\" class=\"attachment-thumbnail size-thumbnail\" alt=\"\" \/><\/a>\n\t\t\t<\/div><\/figure><figure class='gallery-item'>\n\t\t\t<div class='gallery-icon landscape'>\n\t\t\t\t<a href='https:\/\/hotelsouldejavea.com\/wp-content\/uploads\/2025\/03\/20200716-DSC07536.webp'><img loading=\"lazy\" decoding=\"async\" width=\"150\" height=\"150\" src=\"https:\/\/hotelsouldejavea.com\/wp-content\/uploads\/2025\/03\/20200716-DSC07536-150x150.webp\" class=\"attachment-thumbnail size-thumbnail\" alt=\"\" \/><\/a>\n\t\t\t<\/div><\/figure><figure class='gallery-item'>\n\t\t\t<div class='gallery-icon landscape'>\n\t\t\t\t<a href='https:\/\/hotelsouldejavea.com\/wp-content\/uploads\/2025\/03\/RESTAURANTE-JAVEA-DSC07508.webp'><img loading=\"lazy\" decoding=\"async\" width=\"150\" height=\"150\" src=\"https:\/\/hotelsouldejavea.com\/wp-content\/uploads\/2025\/03\/RESTAURANTE-JAVEA-DSC07508-150x150.webp\" class=\"attachment-thumbnail size-thumbnail\" alt=\"\" \/><\/a>\n\t\t\t<\/div><\/figure><figure class='gallery-item'>\n\t\t\t<div class='gallery-icon landscape'>\n\t\t\t\t<a href='https:\/\/hotelsouldejavea.com\/wp-content\/uploads\/2025\/03\/20200716-DSC07546.webp'><img loading=\"lazy\" decoding=\"async\" width=\"150\" height=\"150\" src=\"https:\/\/hotelsouldejavea.com\/wp-content\/uploads\/2025\/03\/20200716-DSC07546-150x150.webp\" class=\"attachment-thumbnail size-thumbnail\" alt=\"\" \/><\/a>\n\t\t\t<\/div><\/figure><figure class='gallery-item'>\n\t\t\t<div class='gallery-icon landscape'>\n\t\t\t\t<a href='https:\/\/hotelsouldejavea.com\/wp-content\/uploads\/2025\/03\/bar-javea.png'><img loading=\"lazy\" decoding=\"async\" width=\"150\" height=\"150\" src=\"https:\/\/hotelsouldejavea.com\/wp-content\/uploads\/2025\/03\/bar-javea-150x150.png\" class=\"attachment-thumbnail size-thumbnail\" alt=\"\" \/><\/a>\n\t\t\t<\/div><\/figure><figure class='gallery-item'>\n\t\t\t<div class='gallery-icon landscape'>\n\t\t\t\t<a href='https:\/\/hotelsouldejavea.com\/wp-content\/uploads\/2025\/03\/menu-desayuno-javea.png'><img loading=\"lazy\" decoding=\"async\" width=\"150\" height=\"150\" src=\"https:\/\/hotelsouldejavea.com\/wp-content\/uploads\/2025\/03\/menu-desayuno-javea-150x150.png\" class=\"attachment-thumbnail size-thumbnail\" alt=\"\" \/><\/a>\n\t\t\t<\/div><\/figure><figure class='gallery-item'>\n\t\t\t<div class='gallery-icon landscape'>\n\t\t\t\t<a href='https:\/\/hotelsouldejavea.com\/wp-content\/uploads\/2025\/03\/skybar-javea.webp'><img loading=\"lazy\" decoding=\"async\" width=\"150\" height=\"150\" src=\"https:\/\/hotelsouldejavea.com\/wp-content\/uploads\/2025\/03\/skybar-javea-150x150.webp\" class=\"attachment-thumbnail size-thumbnail\" alt=\"\" \/><\/a>\n\t\t\t<\/div><\/figure><figure class='gallery-item'>\n\t\t\t<div class='gallery-icon landscape'>\n\t\t\t\t<a href='https:\/\/hotelsouldejavea.com\/wp-content\/uploads\/2023\/08\/PMO02455-scaled.jpg'><img loading=\"lazy\" decoding=\"async\" width=\"150\" height=\"150\" src=\"https:\/\/hotelsouldejavea.com\/wp-content\/uploads\/2023\/08\/PMO02455-150x150.jpg\" class=\"attachment-thumbnail size-thumbnail\" alt=\"\" \/><\/a>\n\t\t\t<\/div><\/figure><figure class='gallery-item'>\n\t\t\t<div class='gallery-icon landscape'>\n\t\t\t\t<a href='https:\/\/hotelsouldejavea.com\/wp-content\/uploads\/2023\/07\/PMO02396-scaled.jpg'><img loading=\"lazy\" decoding=\"async\" width=\"150\" height=\"150\" src=\"https:\/\/hotelsouldejavea.com\/wp-content\/uploads\/2023\/07\/PMO02396-150x150.jpg\" class=\"attachment-thumbnail size-thumbnail\" alt=\"\" \/><\/a>\n\t\t\t<\/div><\/figure><figure class='gallery-item'>\n\t\t\t<div class='gallery-icon landscape'>\n\t\t\t\t<a href='https:\/\/hotelsouldejavea.com\/wp-content\/uploads\/2023\/07\/PMO02261-scaled.jpg'><img loading=\"lazy\" decoding=\"async\" width=\"150\" height=\"150\" src=\"https:\/\/hotelsouldejavea.com\/wp-content\/uploads\/2023\/07\/PMO02261-150x150.jpg\" class=\"attachment-thumbnail size-thumbnail\" alt=\"\" \/><\/a>\n\t\t\t<\/div><\/figure>\n\t\t<\/div>\n\n[\/vc_column_text][\/vc_column_inner][\/vc_row_inner][\/vc_column][\/vc_row]\n<\/div>","protected":false},"excerpt":{"rendered":"[vc_row full_width=&#8220;stretch_row_content&#8220; content_placement=&#8220;top&#8220; css=&#8220;.vc_custom_1741949896010{padding-bottom: 45% !important;background-image: url(https:\/\/hotelsouldejavea.com\/wp-content\/uploads\/2023\/07\/20200716-DSC07512.jpg?id=312) !important;background-position: center !important;background-repeat: no-repeat !important;background-size: cover !important;}&#8220;][vc_column][\/vc_column][\/vc_row][vc_row css=&#8220;.vc_custom_1741951691992{padding-top: 2% !important;padding-right: 10% !important;padding-bottom: 2% !important;padding-left: 10% !important;}&#8220;][vc_column][vc_row_inner css=&#8220;.vc_custom_1741946940795{padding-top: 5% !important;background-position: center !important;background-repeat: no-repeat !important;background-size: cover !important;}&#8220;][vc_column_inner][vc_column_text css=&#8220;&#8220;] WILLKOMMEN ZUHAUSE Direkt am Strand gelegen, wird unser Hotel zu einem privilegierten Ort, um abzuschalten und frische Speisen auf unserer Terrasse mit [&#8230;]\n","protected":false},"author":2,"featured_media":0,"parent":0,"menu_order":0,"comment_status":"closed","ping_status":"closed","template":"page-blank.php","meta":{"footnotes":""},"class_list":["post-3603","page","type-page","status-publish","hentry"],"yoast_head":"<!-- This site is optimized with the Yoast SEO plugin v27.5 - https:\/\/yoast.com\/product\/yoast-seo-wordpress\/ -->\n<title>Restaurant - Hotel Soul de J\u00e1vea<\/title>\n<meta name=\"robots\" content=\"index, follow, max-snippet:-1, max-image-preview:large, max-video-preview:-1\" \/>\n<link rel=\"canonical\" href=\"https:\/\/hotelsouldejavea.com\/de\/restaurant\/\" \/>\n<meta property=\"og:locale\" content=\"de_DE\" \/>\n<meta property=\"og:type\" content=\"article\" \/>\n<meta property=\"og:title\" content=\"Restaurant - Hotel Soul de J\u00e1vea\" \/>\n<meta property=\"og:description\" content=\"[vc_row full_width=&#8220;stretch_row_content&#8220; content_placement=&#8220;top&#8220; css=&#8220;.vc_custom_1741949896010{padding-bottom: 45% !important;background-image: url(https:\/\/hotelsouldejavea.com\/wp-content\/uploads\/2023\/07\/20200716-DSC07512.jpg?id=312) !important;background-position: center !important;background-repeat: no-repeat !important;background-size: cover !important;}&#8220;][vc_column][\/vc_column][\/vc_row][vc_row css=&#8220;.vc_custom_1741951691992{padding-top: 2% !important;padding-right: 10% !important;padding-bottom: 2% !important;padding-left: 10% !important;}&#8220;][vc_column][vc_row_inner css=&#8220;.vc_custom_1741946940795{padding-top: 5% !important;background-position: center !important;background-repeat: no-repeat !important;background-size: cover !important;}&#8220;][vc_column_inner][vc_column_text css=&#8220;&#8220;] WILLKOMMEN ZUHAUSE Direkt am Strand gelegen, wird unser Hotel zu einem privilegierten Ort, um abzuschalten und frische Speisen auf unserer Terrasse mit [...]\" \/>\n<meta property=\"og:url\" content=\"https:\/\/hotelsouldejavea.com\/de\/restaurant\/\" \/>\n<meta property=\"og:site_name\" content=\"Hotel Soul de J\u00e1vea\" \/>\n<meta property=\"article:modified_time\" content=\"2025-05-08T09:29:13+00:00\" \/>\n<meta name=\"twitter:card\" content=\"summary_large_image\" \/>\n<meta name=\"twitter:label1\" content=\"Gesch\u00e4tzte Lesezeit\" \/>\n\t<meta name=\"twitter:data1\" content=\"2\u00a0Minuten\" \/>\n<script type=\"application\/ld+json\" class=\"yoast-schema-graph\">{\"@context\":\"https:\\\/\\\/schema.org\",\"@graph\":[{\"@type\":\"WebPage\",\"@id\":\"https:\\\/\\\/hotelsouldejavea.com\\\/de\\\/restaurant\\\/\",\"url\":\"https:\\\/\\\/hotelsouldejavea.com\\\/de\\\/restaurant\\\/\",\"name\":\"Restaurant - Hotel Soul de J\u00e1vea\",\"isPartOf\":{\"@id\":\"https:\\\/\\\/hotelsouldejavea.com\\\/de\\\/#website\"},\"datePublished\":\"2023-07-10T08:06:58+00:00\",\"dateModified\":\"2025-05-08T09:29:13+00:00\",\"breadcrumb\":{\"@id\":\"https:\\\/\\\/hotelsouldejavea.com\\\/de\\\/restaurant\\\/#breadcrumb\"},\"inLanguage\":\"de\",\"potentialAction\":[{\"@type\":\"ReadAction\",\"target\":[\"https:\\\/\\\/hotelsouldejavea.com\\\/de\\\/restaurant\\\/\"]}]},{\"@type\":\"BreadcrumbList\",\"@id\":\"https:\\\/\\\/hotelsouldejavea.com\\\/de\\\/restaurant\\\/#breadcrumb\",\"itemListElement\":[{\"@type\":\"ListItem\",\"position\":1,\"name\":\"Portada\",\"item\":\"https:\\\/\\\/hotelsouldejavea.com\\\/de\\\/\"},{\"@type\":\"ListItem\",\"position\":2,\"name\":\"Restaurant\"}]},{\"@type\":\"WebSite\",\"@id\":\"https:\\\/\\\/hotelsouldejavea.com\\\/de\\\/#website\",\"url\":\"https:\\\/\\\/hotelsouldejavea.com\\\/de\\\/\",\"name\":\"Hotel Soul de J\u00e1vea\",\"description\":\"Hotel Soul de J\u00e1vea\",\"publisher\":{\"@id\":\"https:\\\/\\\/hotelsouldejavea.com\\\/de\\\/#organization\"},\"potentialAction\":[{\"@type\":\"SearchAction\",\"target\":{\"@type\":\"EntryPoint\",\"urlTemplate\":\"https:\\\/\\\/hotelsouldejavea.com\\\/de\\\/?s={search_term_string}\"},\"query-input\":{\"@type\":\"PropertyValueSpecification\",\"valueRequired\":true,\"valueName\":\"search_term_string\"}}],\"inLanguage\":\"de\"},{\"@type\":\"Organization\",\"@id\":\"https:\\\/\\\/hotelsouldejavea.com\\\/de\\\/#organization\",\"name\":\"Hotel Soul de J\u00e1vea\",\"url\":\"https:\\\/\\\/hotelsouldejavea.com\\\/de\\\/\",\"logo\":{\"@type\":\"ImageObject\",\"inLanguage\":\"de\",\"@id\":\"https:\\\/\\\/hotelsouldejavea.com\\\/de\\\/#\\\/schema\\\/logo\\\/image\\\/\",\"url\":\"https:\\\/\\\/hotelsouldejavea.com\\\/wp-content\\\/uploads\\\/2025\\\/02\\\/hotel-soul-de-javea.png\",\"contentUrl\":\"https:\\\/\\\/hotelsouldejavea.com\\\/wp-content\\\/uploads\\\/2025\\\/02\\\/hotel-soul-de-javea.png\",\"width\":2182,\"height\":502,\"caption\":\"Hotel Soul de J\u00e1vea\"},\"image\":{\"@id\":\"https:\\\/\\\/hotelsouldejavea.com\\\/de\\\/#\\\/schema\\\/logo\\\/image\\\/\"}}]}<\/script>\n<!-- \/ Yoast SEO plugin. -->","yoast_head_json":{"title":"Restaurant - Hotel Soul de J\u00e1vea","robots":{"index":"index","follow":"follow","max-snippet":"max-snippet:-1","max-image-preview":"max-image-preview:large","max-video-preview":"max-video-preview:-1"},"canonical":"https:\/\/hotelsouldejavea.com\/de\/restaurant\/","og_locale":"de_DE","og_type":"article","og_title":"Restaurant - Hotel Soul de J\u00e1vea","og_description":"[vc_row full_width=&#8220;stretch_row_content&#8220; content_placement=&#8220;top&#8220; css=&#8220;.vc_custom_1741949896010{padding-bottom: 45% !important;background-image: url(https:\/\/hotelsouldejavea.com\/wp-content\/uploads\/2023\/07\/20200716-DSC07512.jpg?id=312) !important;background-position: center !important;background-repeat: no-repeat !important;background-size: cover !important;}&#8220;][vc_column][\/vc_column][\/vc_row][vc_row css=&#8220;.vc_custom_1741951691992{padding-top: 2% !important;padding-right: 10% !important;padding-bottom: 2% !important;padding-left: 10% !important;}&#8220;][vc_column][vc_row_inner css=&#8220;.vc_custom_1741946940795{padding-top: 5% !important;background-position: center !important;background-repeat: no-repeat !important;background-size: cover !important;}&#8220;][vc_column_inner][vc_column_text css=&#8220;&#8220;] WILLKOMMEN ZUHAUSE Direkt am Strand gelegen, wird unser Hotel zu einem privilegierten Ort, um abzuschalten und frische Speisen auf unserer Terrasse mit [...]","og_url":"https:\/\/hotelsouldejavea.com\/de\/restaurant\/","og_site_name":"Hotel Soul de J\u00e1vea","article_modified_time":"2025-05-08T09:29:13+00:00","twitter_card":"summary_large_image","twitter_misc":{"Gesch\u00e4tzte Lesezeit":"2\u00a0Minuten"},"schema":{"@context":"https:\/\/schema.org","@graph":[{"@type":"WebPage","@id":"https:\/\/hotelsouldejavea.com\/de\/restaurant\/","url":"https:\/\/hotelsouldejavea.com\/de\/restaurant\/","name":"Restaurant - Hotel Soul de J\u00e1vea","isPartOf":{"@id":"https:\/\/hotelsouldejavea.com\/de\/#website"},"datePublished":"2023-07-10T08:06:58+00:00","dateModified":"2025-05-08T09:29:13+00:00","breadcrumb":{"@id":"https:\/\/hotelsouldejavea.com\/de\/restaurant\/#breadcrumb"},"inLanguage":"de","potentialAction":[{"@type":"ReadAction","target":["https:\/\/hotelsouldejavea.com\/de\/restaurant\/"]}]},{"@type":"BreadcrumbList","@id":"https:\/\/hotelsouldejavea.com\/de\/restaurant\/#breadcrumb","itemListElement":[{"@type":"ListItem","position":1,"name":"Portada","item":"https:\/\/hotelsouldejavea.com\/de\/"},{"@type":"ListItem","position":2,"name":"Restaurant"}]},{"@type":"WebSite","@id":"https:\/\/hotelsouldejavea.com\/de\/#website","url":"https:\/\/hotelsouldejavea.com\/de\/","name":"Hotel Soul de J\u00e1vea","description":"Hotel Soul de J\u00e1vea","publisher":{"@id":"https:\/\/hotelsouldejavea.com\/de\/#organization"},"potentialAction":[{"@type":"SearchAction","target":{"@type":"EntryPoint","urlTemplate":"https:\/\/hotelsouldejavea.com\/de\/?s={search_term_string}"},"query-input":{"@type":"PropertyValueSpecification","valueRequired":true,"valueName":"search_term_string"}}],"inLanguage":"de"},{"@type":"Organization","@id":"https:\/\/hotelsouldejavea.com\/de\/#organization","name":"Hotel Soul de J\u00e1vea","url":"https:\/\/hotelsouldejavea.com\/de\/","logo":{"@type":"ImageObject","inLanguage":"de","@id":"https:\/\/hotelsouldejavea.com\/de\/#\/schema\/logo\/image\/","url":"https:\/\/hotelsouldejavea.com\/wp-content\/uploads\/2025\/02\/hotel-soul-de-javea.png","contentUrl":"https:\/\/hotelsouldejavea.com\/wp-content\/uploads\/2025\/02\/hotel-soul-de-javea.png","width":2182,"height":502,"caption":"Hotel Soul de J\u00e1vea"},"image":{"@id":"https:\/\/hotelsouldejavea.com\/de\/#\/schema\/logo\/image\/"}}]}},"_links":{"self":[{"href":"https:\/\/hotelsouldejavea.com\/de\/wp-json\/wp\/v2\/pages\/3603","targetHints":{"allow":["GET"]}}],"collection":[{"href":"https:\/\/hotelsouldejavea.com\/de\/wp-json\/wp\/v2\/pages"}],"about":[{"href":"https:\/\/hotelsouldejavea.com\/de\/wp-json\/wp\/v2\/types\/page"}],"author":[{"embeddable":true,"href":"https:\/\/hotelsouldejavea.com\/de\/wp-json\/wp\/v2\/users\/2"}],"replies":[{"embeddable":true,"href":"https:\/\/hotelsouldejavea.com\/de\/wp-json\/wp\/v2\/comments?post=3603"}],"version-history":[{"count":3,"href":"https:\/\/hotelsouldejavea.com\/de\/wp-json\/wp\/v2\/pages\/3603\/revisions"}],"predecessor-version":[{"id":4087,"href":"https:\/\/hotelsouldejavea.com\/de\/wp-json\/wp\/v2\/pages\/3603\/revisions\/4087"}],"wp:attachment":[{"href":"https:\/\/hotelsouldejavea.com\/de\/wp-json\/wp\/v2\/media?parent=3603"}],"curies":[{"name":"wp","href":"https:\/\/api.w.org\/{rel}","templated":true}]}}