{"id":3565,"date":"2023-07-10T08:07:21","date_gmt":"2023-07-10T08:07:21","guid":{"rendered":"https:\/\/hotelsouldejavea.com\/?page_id=3565"},"modified":"2025-05-07T11:36:35","modified_gmt":"2025-05-07T11:36:35","slug":"kontakt","status":"publish","type":"page","link":"https:\/\/hotelsouldejavea.com\/de\/kontakt\/","title":{"rendered":"Kontakt"},"content":{"rendered":"<div class=\"wpb-content-wrapper\">[vc_row css=&#8220;.vc_custom_1739890006550{padding-top: 5% !important;padding-right: 10% !important;padding-bottom: 5% !important;padding-left: 10% !important;}&#8220;][vc_column][vc_row_inner gap=&#8220;35&#8243;][vc_column_inner width=&#8220;1\/2&#8243;][vc_column_text css=&#8220;&#8220;]\n<span style=\"font-size: 140%;\"><strong>KONTAKTIEREN SIE UNS F\u00dcR WEITERE INFORMATIONEN<\/strong><\/span><br \/>\n[\/vc_column_text][vc_column_text css=&#8220;&#8220;]\n<p style=\"text-align: left;\"><span style=\"font-size: 120%;\">WhatsApp: <strong>(+34) 966 46 19 19<\/strong><br \/>\n<a style=\"color: #000000;\" href=\"mailto:reservas@hotelsouldejavea.com\">reservas@hotelsouldejavea.com<\/a><\/span><\/p>\n<p style=\"text-align: left;\"><span style=\"font-size: 120%;\">Avenida del Mediterr\u00e1neo 180<\/span><br \/>\n<span style=\"font-size: 120%;\">J\u00e1vea, Alicante<\/span><\/p>\n<p><span style=\"font-size: 120%;\">\ud83d\udccd <a href=\"https:\/\/www.google.com\/maps\/dir\/\/Av.+del+Mediterr%C3%A1neo,+180,+03730+J%C3%A1vea,+Alicante\/@38.780103,0.186891,15z\/data=!4m9!4m8!1m0!1m5!1m1!1s0x129e0faab416508f:0x22aaa24d669fc6dc!2m2!1d0.1867195!2d38.7796015!3e0?entry=ttu&amp;g_ep=EgoyMDI1MDIxMi4wIKXMDSoASAFQAw%3D%3D\" target=\"_blank\" rel=\"noopener\">Wegbeschreibung<\/a><\/span><br \/>\n[\/vc_column_text][vc_column_text css=&#8220;&#8220;]\n<strong><span style=\"font-size: 120%;\">Ge\u00f6ffnet von M\u00e4rz bis Oktober.<\/span><\/strong><br \/>\n<strong><span style=\"font-size: 120%;\">Rezeption rund um die Uhr ge\u00f6ffnet.<\/span><\/strong><br \/>\n[\/vc_column_text][vc_empty_space height=&#8220;12px&#8220;][vc_btn style=&#8220;outline-custom&#8220; outline_custom_color=&#8220;#20BEC9&#8243; outline_custom_hover_background=&#8220;#20BEC9&#8243; shape=&#8220;square&#8220; size=&#8220;lg&#8220; align=&#8220;center&#8220; i_icon_fontawesome=&#8220;far fa-calendar-check&#8220; css=&#8220;&#8220; button_block=&#8220;true&#8220; add_icon=&#8220;true&#8220; link=&#8220;url:https%3A%2F%2Fdirect-book.com%2Fproperties%2FHotelSouldeJavea%3Flocale%3Dde%26items%5B0%5D%5Badults%5D%3D2%26items%5B0%5D%5Bchildren%5D%3D0%26items%5B0%5D%5Binfants%5D%3D0%26currency%3DEUR%26checkInDate%3D2025-04-09%26checkOutDate%3D2025-04-10%26trackPage%3Dno|title:Buchung|target:_blank&#8220; title=&#8220;BUCHEN&#8220;]\n[\/vc_column_inner][vc_column_inner width=&#8220;1\/2&#8243;][vc_gmaps link=&#8220;#E-8_JTNDaWZyYW1lJTIwc3JjJTNEJTIyaHR0cHMlM0ElMkYlMkZ3d3cuZ29vZ2xlLmNvbSUyRm1hcHMlMkZlbWJlZCUzRnBiJTNEJTIxMW0xNCUyMTFtOCUyMTFtMyUyMTFkMTI0NDEuMTM5NTQxNTk3OTElMjEyZDAuMTg2ODkxJTIxM2QzOC43ODAxMDMlMjEzbTIlMjExaTEwMjQlMjEyaTc2OCUyMTRmMTMuMSUyMTNtMyUyMTFtMiUyMTFzMHgxMjllMGZhYWI0MTY1MDhmJTI1M0EweDIyYWFhMjRkNjY5ZmM2ZGMlMjEyc0F2LiUyNTIwZGVsJTI1MjBNZWRpdGVyciUyNUMzJTI1QTFuZW8lMjUyQyUyNTIwMTgwJTI1MkMlMjUyMDAzNzMwJTI1MjBKJTI1QzMlMjVBMXZlYSUyNTJDJTI1MjBBbGljYW50ZSUyMTVlMCUyMTNtMiUyMTFzZXMlMjEyc2VzJTIxNHYxNzM5ODg5ODA2MzEyJTIxNW0yJTIxMXNlcyUyMTJzZXMlMjIlMjB3aWR0aCUzRCUyMjYwMCUyMiUyMGhlaWdodCUzRCUyMjQ1MCUyMiUyMHN0eWxlJTNEJTIyYm9yZGVyJTNBMCUzQiUyMiUyMGFsbG93ZnVsbHNjcmVlbiUzRCUyMiUyMiUyMGxvYWRpbmclM0QlMjJsYXp5JTIyJTIwcmVmZXJyZXJwb2xpY3klM0QlMjJuby1yZWZlcnJlci13aGVuLWRvd25ncmFkZSUyMiUzRSUzQyUyRmlmcmFtZSUzRQ==&#8220; css=&#8220;&#8220; size=&#8220;standard&#8220;]\n[\/vc_column_inner][\/vc_row_inner][\/vc_column][\/vc_row][vc_row parallax=&#8220;content-moving&#8220; parallax_image=&#8220;1963&#8243; css=&#8220;.vc_custom_1739897719616{padding-top: 15% !important;padding-bottom: 15% !important;}&#8220; parallax_speed_bg=&#8220;1.5&#8243;][vc_column][\/vc_column][\/vc_row]\n<\/div>","protected":false},"excerpt":{"rendered":"[vc_row css=&#8220;.vc_custom_1739890006550{padding-top: 5% !important;padding-right: 10% !important;padding-bottom: 5% !important;padding-left: 10% !important;}&#8220;][vc_column][vc_row_inner gap=&#8220;35&#8243;][vc_column_inner width=&#8220;1\/2&#8243;][vc_column_text css=&#8220;&#8220;] KONTAKTIEREN SIE UNS F\u00dcR WEITERE INFORMATIONEN [\/vc_column_text][vc_column_text css=&#8220;&#8220;] WhatsApp: (+34) 966 46 19 19 reservas@hotelsouldejavea.com Avenida del Mediterr\u00e1neo 180 J\u00e1vea, Alicante \ud83d\udccd Wegbeschreibung [\/vc_column_text][vc_column_text css=&#8220;&#8220;] Ge\u00f6ffnet von M\u00e4rz bis Oktober. Rezeption rund um die Uhr ge\u00f6ffnet. [\/vc_column_text][vc_empty_space height=&#8220;12px&#8220;][vc_btn style=&#8220;outline-custom&#8220; outline_custom_color=&#8220;#20BEC9&#8243; outline_custom_hover_background=&#8220;#20BEC9&#8243; shape=&#8220;square&#8220; [&#8230;]\n","protected":false},"author":2,"featured_media":0,"parent":0,"menu_order":0,"comment_status":"closed","ping_status":"closed","template":"page-blank.php","meta":{"footnotes":""},"class_list":["post-3565","page","type-page","status-publish","hentry"],"yoast_head":"<!-- This site is optimized with the Yoast SEO plugin v24.8.1 - https:\/\/yoast.com\/wordpress\/plugins\/seo\/ -->\n<title>Kontakt - Hotel Soul de J\u00e1vea<\/title>\n<meta name=\"robots\" content=\"index, follow, max-snippet:-1, max-image-preview:large, max-video-preview:-1\" \/>\n<link rel=\"canonical\" href=\"https:\/\/hotelsouldejavea.com\/de\/kontakt\/\" \/>\n<meta property=\"og:locale\" content=\"de_DE\" \/>\n<meta property=\"og:type\" content=\"article\" \/>\n<meta property=\"og:title\" content=\"Kontakt - Hotel Soul de J\u00e1vea\" \/>\n<meta property=\"og:description\" content=\"[vc_row css=&#8220;.vc_custom_1739890006550{padding-top: 5% !important;padding-right: 10% !important;padding-bottom: 5% !important;padding-left: 10% !important;}&#8220;][vc_column][vc_row_inner gap=&#8220;35&#8243;][vc_column_inner width=&#8220;1\/2&#8243;][vc_column_text css=&#8220;&#8220;] KONTAKTIEREN SIE UNS F\u00dcR WEITERE INFORMATIONEN [\/vc_column_text][vc_column_text css=&#8220;&#8220;] WhatsApp: (+34) 966 46 19 19 reservas@hotelsouldejavea.com Avenida del Mediterr\u00e1neo 180 J\u00e1vea, Alicante \ud83d\udccd Wegbeschreibung [\/vc_column_text][vc_column_text css=&#8220;&#8220;] Ge\u00f6ffnet von M\u00e4rz bis Oktober. Rezeption rund um die Uhr ge\u00f6ffnet. [\/vc_column_text][vc_empty_space height=&#8220;12px&#8220;][vc_btn style=&#8220;outline-custom&#8220; outline_custom_color=&#8220;#20BEC9&#8243; outline_custom_hover_background=&#8220;#20BEC9&#8243; shape=&#8220;square&#8220; [...]\" \/>\n<meta property=\"og:url\" content=\"https:\/\/hotelsouldejavea.com\/de\/kontakt\/\" \/>\n<meta property=\"og:site_name\" content=\"Hotel Soul de J\u00e1vea\" \/>\n<meta property=\"article:modified_time\" content=\"2025-05-07T11:36:35+00:00\" \/>\n<meta name=\"twitter:card\" content=\"summary_large_image\" \/>\n<meta name=\"twitter:label1\" content=\"Gesch\u00e4tzte Lesezeit\" \/>\n\t<meta name=\"twitter:data1\" content=\"1\u00a0Minute\" \/>\n<script type=\"application\/ld+json\" class=\"yoast-schema-graph\">{\"@context\":\"https:\/\/schema.org\",\"@graph\":[{\"@type\":\"WebPage\",\"@id\":\"https:\/\/hotelsouldejavea.com\/de\/kontakt\/\",\"url\":\"https:\/\/hotelsouldejavea.com\/de\/kontakt\/\",\"name\":\"Kontakt - Hotel Soul de J\u00e1vea\",\"isPartOf\":{\"@id\":\"https:\/\/hotelsouldejavea.com\/de\/#website\"},\"datePublished\":\"2023-07-10T08:07:21+00:00\",\"dateModified\":\"2025-05-07T11:36:35+00:00\",\"breadcrumb\":{\"@id\":\"https:\/\/hotelsouldejavea.com\/de\/kontakt\/#breadcrumb\"},\"inLanguage\":\"de\",\"potentialAction\":[{\"@type\":\"ReadAction\",\"target\":[\"https:\/\/hotelsouldejavea.com\/de\/kontakt\/\"]}]},{\"@type\":\"BreadcrumbList\",\"@id\":\"https:\/\/hotelsouldejavea.com\/de\/kontakt\/#breadcrumb\",\"itemListElement\":[{\"@type\":\"ListItem\",\"position\":1,\"name\":\"Portada\",\"item\":\"https:\/\/hotelsouldejavea.com\/de\/\"},{\"@type\":\"ListItem\",\"position\":2,\"name\":\"Kontakt\"}]},{\"@type\":\"WebSite\",\"@id\":\"https:\/\/hotelsouldejavea.com\/de\/#website\",\"url\":\"https:\/\/hotelsouldejavea.com\/de\/\",\"name\":\"Hotel Soul de J\u00e1vea\",\"description\":\"Hotel Soul de J\u00e1vea\",\"publisher\":{\"@id\":\"https:\/\/hotelsouldejavea.com\/de\/#organization\"},\"potentialAction\":[{\"@type\":\"SearchAction\",\"target\":{\"@type\":\"EntryPoint\",\"urlTemplate\":\"https:\/\/hotelsouldejavea.com\/de\/?s={search_term_string}\"},\"query-input\":{\"@type\":\"PropertyValueSpecification\",\"valueRequired\":true,\"valueName\":\"search_term_string\"}}],\"inLanguage\":\"de\"},{\"@type\":\"Organization\",\"@id\":\"https:\/\/hotelsouldejavea.com\/de\/#organization\",\"name\":\"Hotel Soul de J\u00e1vea\",\"url\":\"https:\/\/hotelsouldejavea.com\/de\/\",\"logo\":{\"@type\":\"ImageObject\",\"inLanguage\":\"de\",\"@id\":\"https:\/\/hotelsouldejavea.com\/de\/#\/schema\/logo\/image\/\",\"url\":\"https:\/\/hotelsouldejavea.com\/wp-content\/uploads\/2025\/02\/hotel-soul-de-javea.png\",\"contentUrl\":\"https:\/\/hotelsouldejavea.com\/wp-content\/uploads\/2025\/02\/hotel-soul-de-javea.png\",\"width\":2182,\"height\":502,\"caption\":\"Hotel Soul de J\u00e1vea\"},\"image\":{\"@id\":\"https:\/\/hotelsouldejavea.com\/de\/#\/schema\/logo\/image\/\"}}]}<\/script>\n<!-- \/ Yoast SEO plugin. -->","yoast_head_json":{"title":"Kontakt - Hotel Soul de J\u00e1vea","robots":{"index":"index","follow":"follow","max-snippet":"max-snippet:-1","max-image-preview":"max-image-preview:large","max-video-preview":"max-video-preview:-1"},"canonical":"https:\/\/hotelsouldejavea.com\/de\/kontakt\/","og_locale":"de_DE","og_type":"article","og_title":"Kontakt - Hotel Soul de J\u00e1vea","og_description":"[vc_row css=&#8220;.vc_custom_1739890006550{padding-top: 5% !important;padding-right: 10% !important;padding-bottom: 5% !important;padding-left: 10% !important;}&#8220;][vc_column][vc_row_inner gap=&#8220;35&#8243;][vc_column_inner width=&#8220;1\/2&#8243;][vc_column_text css=&#8220;&#8220;] KONTAKTIEREN SIE UNS F\u00dcR WEITERE INFORMATIONEN [\/vc_column_text][vc_column_text css=&#8220;&#8220;] WhatsApp: (+34) 966 46 19 19 reservas@hotelsouldejavea.com Avenida del Mediterr\u00e1neo 180 J\u00e1vea, Alicante \ud83d\udccd Wegbeschreibung [\/vc_column_text][vc_column_text css=&#8220;&#8220;] Ge\u00f6ffnet von M\u00e4rz bis Oktober. Rezeption rund um die Uhr ge\u00f6ffnet. [\/vc_column_text][vc_empty_space height=&#8220;12px&#8220;][vc_btn style=&#8220;outline-custom&#8220; outline_custom_color=&#8220;#20BEC9&#8243; outline_custom_hover_background=&#8220;#20BEC9&#8243; shape=&#8220;square&#8220; [...]","og_url":"https:\/\/hotelsouldejavea.com\/de\/kontakt\/","og_site_name":"Hotel Soul de J\u00e1vea","article_modified_time":"2025-05-07T11:36:35+00:00","twitter_card":"summary_large_image","twitter_misc":{"Gesch\u00e4tzte Lesezeit":"1\u00a0Minute"},"schema":{"@context":"https:\/\/schema.org","@graph":[{"@type":"WebPage","@id":"https:\/\/hotelsouldejavea.com\/de\/kontakt\/","url":"https:\/\/hotelsouldejavea.com\/de\/kontakt\/","name":"Kontakt - Hotel Soul de J\u00e1vea","isPartOf":{"@id":"https:\/\/hotelsouldejavea.com\/de\/#website"},"datePublished":"2023-07-10T08:07:21+00:00","dateModified":"2025-05-07T11:36:35+00:00","breadcrumb":{"@id":"https:\/\/hotelsouldejavea.com\/de\/kontakt\/#breadcrumb"},"inLanguage":"de","potentialAction":[{"@type":"ReadAction","target":["https:\/\/hotelsouldejavea.com\/de\/kontakt\/"]}]},{"@type":"BreadcrumbList","@id":"https:\/\/hotelsouldejavea.com\/de\/kontakt\/#breadcrumb","itemListElement":[{"@type":"ListItem","position":1,"name":"Portada","item":"https:\/\/hotelsouldejavea.com\/de\/"},{"@type":"ListItem","position":2,"name":"Kontakt"}]},{"@type":"WebSite","@id":"https:\/\/hotelsouldejavea.com\/de\/#website","url":"https:\/\/hotelsouldejavea.com\/de\/","name":"Hotel Soul de J\u00e1vea","description":"Hotel Soul de J\u00e1vea","publisher":{"@id":"https:\/\/hotelsouldejavea.com\/de\/#organization"},"potentialAction":[{"@type":"SearchAction","target":{"@type":"EntryPoint","urlTemplate":"https:\/\/hotelsouldejavea.com\/de\/?s={search_term_string}"},"query-input":{"@type":"PropertyValueSpecification","valueRequired":true,"valueName":"search_term_string"}}],"inLanguage":"de"},{"@type":"Organization","@id":"https:\/\/hotelsouldejavea.com\/de\/#organization","name":"Hotel Soul de J\u00e1vea","url":"https:\/\/hotelsouldejavea.com\/de\/","logo":{"@type":"ImageObject","inLanguage":"de","@id":"https:\/\/hotelsouldejavea.com\/de\/#\/schema\/logo\/image\/","url":"https:\/\/hotelsouldejavea.com\/wp-content\/uploads\/2025\/02\/hotel-soul-de-javea.png","contentUrl":"https:\/\/hotelsouldejavea.com\/wp-content\/uploads\/2025\/02\/hotel-soul-de-javea.png","width":2182,"height":502,"caption":"Hotel Soul de J\u00e1vea"},"image":{"@id":"https:\/\/hotelsouldejavea.com\/de\/#\/schema\/logo\/image\/"}}]}},"_links":{"self":[{"href":"https:\/\/hotelsouldejavea.com\/de\/wp-json\/wp\/v2\/pages\/3565","targetHints":{"allow":["GET"]}}],"collection":[{"href":"https:\/\/hotelsouldejavea.com\/de\/wp-json\/wp\/v2\/pages"}],"about":[{"href":"https:\/\/hotelsouldejavea.com\/de\/wp-json\/wp\/v2\/types\/page"}],"author":[{"embeddable":true,"href":"https:\/\/hotelsouldejavea.com\/de\/wp-json\/wp\/v2\/users\/2"}],"replies":[{"embeddable":true,"href":"https:\/\/hotelsouldejavea.com\/de\/wp-json\/wp\/v2\/comments?post=3565"}],"version-history":[{"count":2,"href":"https:\/\/hotelsouldejavea.com\/de\/wp-json\/wp\/v2\/pages\/3565\/revisions"}],"predecessor-version":[{"id":3651,"href":"https:\/\/hotelsouldejavea.com\/de\/wp-json\/wp\/v2\/pages\/3565\/revisions\/3651"}],"wp:attachment":[{"href":"https:\/\/hotelsouldejavea.com\/de\/wp-json\/wp\/v2\/media?parent=3565"}],"curies":[{"name":"wp","href":"https:\/\/api.w.org\/{rel}","templated":true}]}}