{"id":3472,"date":"2023-07-12T16:09:07","date_gmt":"2023-07-12T16:09:07","guid":{"rendered":"https:\/\/hotelsouldejavea.com\/?page_id=3472"},"modified":"2025-05-07T11:48:01","modified_gmt":"2025-05-07T11:48:01","slug":"deluxe-zimmer-mit-meerblick","status":"publish","type":"page","link":"https:\/\/hotelsouldejavea.com\/de\/deluxe-zimmer-mit-meerblick\/","title":{"rendered":"Deluxe Zimmer mit Meerblick"},"content":{"rendered":"<div class=\"wpb-content-wrapper\">[vc_row css=&#8220;.vc_custom_1739877760692{padding-top: 5% !important;padding-right: 5% !important;padding-bottom: 5% !important;padding-left: 5% !important;}&#8220;][vc_column][vc_column_text css=&#8220;&#8220;]\n<h2 class=\"thin-font\" style=\"text-align: left;\"><span style=\"font-size: 150%;\">\u201eDeluxe\u201c-Zimmer mit Meerblick<\/span><\/h2>\n[\/vc_column_text][vc_empty_space][vc_row_inner gap=&#8220;35&#8243;][vc_column_inner width=&#8220;1\/2&#8243;][vc_single_image image=&#8220;153&#8243; alignment=&#8220;center&#8220; css=&#8220;&#8220; img_size=&#8220;large&#8220;][\/vc_column_inner][vc_column_inner width=&#8220;1\/2&#8243;][vc_column_text css=&#8220;&#8220;]Die \u201eDeluxe\u201c-Zimmer mit Meerblick verf\u00fcgen \u00fcber ein komplettes Bad mit Badewanne oder Dusche, ein 1,80 m breites Doppelbett oder zwei Einzelbetten (je nach Verf\u00fcgbarkeit) sowie einen Balkon mit Blick auf das Meer von J\u00e1vea.[\/vc_column_text][vc_column_text css=&#8220;&#8220;]Fr\u00fchst\u00fcck inklusive.[\/vc_column_text][vc_empty_space height=&#8220;22px&#8220;][vc_column_text css=&#8220;&#8220;]\n<ul>\n<li><strong>Balkon mit Meerblick<\/strong><\/li>\n<li>Maximal 2 Erwachsene + 1 Kind bis 12 Jahre<\/li>\n<li>180 cm Bett + 105 cm Schlafsofa (Kinderbett auf Anfrage)<\/li>\n<li>Badewanne und Dusche<\/li>\n<li>Kostenloser Safe<\/li>\n<li>Rituals Pflegeprodukte<\/li>\n<li>Rauchen verboten<\/li>\n<\/ul>\n[\/vc_column_text][vc_empty_space][vc_btn style=&#8220;outline-custom&#8220; outline_custom_color=&#8220;#20BEC9&#8243; outline_custom_hover_background=&#8220;#20BEC9&#8243; shape=&#8220;square&#8220; size=&#8220;lg&#8220; align=&#8220;center&#8220; i_icon_fontawesome=&#8220;&#8220; css=&#8220;&#8220; button_block=&#8220;true&#8220; add_icon=&#8220;true&#8220; link=&#8220;url:https%3A%2F%2Fdirect-book.com%2Fproperties%2FHotelSouldeJavea%3Flocale%3Dde%26items%5B0%5D%5Badults%5D%3D2%26items%5B0%5D%5Bchildren%5D%3D0%26items%5B0%5D%5Binfants%5D%3D0%26currency%3DEUR%26checkInDate%3D2025-05-07%26checkOutDate%3D2025-05-08%26trackPage%3Dyes|title:Reservierungen|target:_blank&#8220; title=&#8220;BUCHEN&#8220;][vc_empty_space][\/vc_column_inner][\/vc_row_inner][vc_row_inner][vc_column_inner width=&#8220;1\/4&#8243;][vc_single_image image=&#8220;1793&#8243; onclick=&#8220;link_image&#8220; css=&#8220;&#8220; img_size=&#8220;large&#8220;][\/vc_column_inner][vc_column_inner width=&#8220;1\/4&#8243;][vc_single_image image=&#8220;332&#8243; onclick=&#8220;link_image&#8220; css=&#8220;&#8220; img_size=&#8220;large&#8220;][\/vc_column_inner][vc_column_inner width=&#8220;1\/4&#8243;][vc_single_image image=&#8220;335&#8243; onclick=&#8220;link_image&#8220; css=&#8220;&#8220; img_size=&#8220;large&#8220;][\/vc_column_inner][vc_column_inner width=&#8220;1\/4&#8243;][\/vc_column_inner][\/vc_row_inner][\/vc_column][\/vc_row][vc_row][vc_column][vc_column_text]\n[\/vc_column_text][\/vc_column][\/vc_row][vc_row gap=&#8220;35&#8243; css=&#8220;.vc_custom_1739877689787{padding-top: 4% !important;padding-right: 5% !important;padding-bottom: 5% !important;padding-left: 5% !important;background-color: #EAF5F6 !important;}&#8220;][vc_column width=&#8220;1\/2&#8243;][vc_column_text css=&#8220;&#8220;]\n<h2 class=\"thin-font\" style=\"text-align: left;\"><span style=\"font-size: 130%;\">Genie\u00dfen Sie J\u00e1vea direkt am Strand<\/span><\/h2>\n[\/vc_column_text][vc_empty_space][vc_column_text css=&#8220;&#8220;]Direkt an der Strandpromenade von J\u00e1vea gelegen, wurde Ihr Zimmer entworfen, um Ihnen Komfort, Eleganz und ein einzigartiges Erholungserlebnis zu bieten.<\/p>\n<p>Entdecken Sie das Hotel Soul de J\u00e1vea an der wundersch\u00f6nen K\u00fcste von Alicante! Direkt am Meer genie\u00dfen Sie die warme Sonne, atemberaubende Ausblicke und ein entspannendes, unvergessliches Erlebnis. Wir freuen uns auf Sie![\/vc_column_text][vc_empty_space][vc_row_inner][vc_column_inner width=&#8220;1\/2&#8243;][vc_column_text css=&#8220;&#8220;]\u2713 Meerblick<\/p>\n<p>\u2713 Kostenloses WLAN<\/p>\n<p>\u2713 Zimmerservice<\/p>\n<p>\u2713 Privates Bad mit Pflegeprodukten[\/vc_column_text][\/vc_column_inner][vc_column_inner width=&#8220;1\/2&#8243;][vc_column_text css=&#8220;&#8220;]\u2713 Schwimmbad<\/p>\n<p>\u2713 Solarium<\/p>\n<p>\u2713 Terrasse<\/p>\n<p>\u2713 Restaurant und Cocktailbar[\/vc_column_text][\/vc_column_inner][\/vc_row_inner][vc_empty_space][\/vc_column][vc_column width=&#8220;1\/2&#8243;][vc_single_image image=&#8220;45&#8243; alignment=&#8220;center&#8220; css=&#8220;&#8220; img_size=&#8220;large&#8220;][\/vc_column][\/vc_row]\n<\/div>","protected":false},"excerpt":{"rendered":"[vc_row css=&#8220;.vc_custom_1739877760692{padding-top: 5% !important;padding-right: 5% !important;padding-bottom: 5% !important;padding-left: 5% !important;}&#8220;][vc_column][vc_column_text css=&#8220;&#8220;] \u201eDeluxe\u201c-Zimmer mit Meerblick [\/vc_column_text][vc_empty_space][vc_row_inner gap=&#8220;35&#8243;][vc_column_inner width=&#8220;1\/2&#8243;][vc_single_image image=&#8220;153&#8243; alignment=&#8220;center&#8220; css=&#8220;&#8220; img_size=&#8220;large&#8220;][\/vc_column_inner][vc_column_inner width=&#8220;1\/2&#8243;][vc_column_text css=&#8220;&#8220;]Die \u201eDeluxe\u201c-Zimmer mit Meerblick verf\u00fcgen \u00fcber ein komplettes Bad mit Badewanne oder Dusche, ein 1,80 m breites Doppelbett oder zwei Einzelbetten (je nach Verf\u00fcgbarkeit) sowie einen Balkon mit Blick auf das Meer von [&#8230;]\n","protected":false},"author":2,"featured_media":3479,"parent":0,"menu_order":0,"comment_status":"closed","ping_status":"closed","template":"page-blank.php","meta":{"footnotes":""},"class_list":["post-3472","page","type-page","status-publish","has-post-thumbnail","hentry"],"yoast_head":"<!-- This site is optimized with the Yoast SEO plugin v24.8.1 - https:\/\/yoast.com\/wordpress\/plugins\/seo\/ -->\n<title>Deluxe Zimmer mit Meerblick - Hotel Soul de J\u00e1vea<\/title>\n<meta name=\"robots\" content=\"index, follow, max-snippet:-1, max-image-preview:large, max-video-preview:-1\" \/>\n<link rel=\"canonical\" href=\"https:\/\/hotelsouldejavea.com\/de\/deluxe-zimmer-mit-meerblick\/\" \/>\n<meta property=\"og:locale\" content=\"de_DE\" \/>\n<meta property=\"og:type\" content=\"article\" \/>\n<meta property=\"og:title\" content=\"Deluxe Zimmer mit Meerblick - Hotel Soul de J\u00e1vea\" \/>\n<meta property=\"og:description\" content=\"[vc_row css=&#8220;.vc_custom_1739877760692{padding-top: 5% !important;padding-right: 5% !important;padding-bottom: 5% !important;padding-left: 5% !important;}&#8220;][vc_column][vc_column_text css=&#8220;&#8220;] \u201eDeluxe\u201c-Zimmer mit Meerblick [\/vc_column_text][vc_empty_space][vc_row_inner gap=&#8220;35&#8243;][vc_column_inner width=&#8220;1\/2&#8243;][vc_single_image image=&#8220;153&#8243; alignment=&#8220;center&#8220; css=&#8220;&#8220; img_size=&#8220;large&#8220;][\/vc_column_inner][vc_column_inner width=&#8220;1\/2&#8243;][vc_column_text css=&#8220;&#8220;]Die \u201eDeluxe\u201c-Zimmer mit Meerblick verf\u00fcgen \u00fcber ein komplettes Bad mit Badewanne oder Dusche, ein 1,80 m breites Doppelbett oder zwei Einzelbetten (je nach Verf\u00fcgbarkeit) sowie einen Balkon mit Blick auf das Meer von [...]\" \/>\n<meta property=\"og:url\" content=\"https:\/\/hotelsouldejavea.com\/de\/deluxe-zimmer-mit-meerblick\/\" \/>\n<meta property=\"og:site_name\" content=\"Hotel Soul de J\u00e1vea\" \/>\n<meta property=\"article:modified_time\" content=\"2025-05-07T11:48:01+00:00\" \/>\n<meta property=\"og:image\" content=\"https:\/\/hotelsouldejavea.com\/wp-content\/uploads\/2023\/07\/habdeluxe.jpg\" \/>\n\t<meta property=\"og:image:width\" content=\"800\" \/>\n\t<meta property=\"og:image:height\" content=\"534\" \/>\n\t<meta property=\"og:image:type\" content=\"image\/jpeg\" \/>\n<meta name=\"twitter:card\" content=\"summary_large_image\" \/>\n<meta name=\"twitter:label1\" content=\"Gesch\u00e4tzte Lesezeit\" \/>\n\t<meta name=\"twitter:data1\" content=\"2\u00a0Minuten\" \/>\n<script type=\"application\/ld+json\" class=\"yoast-schema-graph\">{\"@context\":\"https:\/\/schema.org\",\"@graph\":[{\"@type\":\"WebPage\",\"@id\":\"https:\/\/hotelsouldejavea.com\/de\/deluxe-zimmer-mit-meerblick\/\",\"url\":\"https:\/\/hotelsouldejavea.com\/de\/deluxe-zimmer-mit-meerblick\/\",\"name\":\"Deluxe Zimmer mit Meerblick - Hotel Soul de J\u00e1vea\",\"isPartOf\":{\"@id\":\"https:\/\/hotelsouldejavea.com\/de\/#website\"},\"primaryImageOfPage\":{\"@id\":\"https:\/\/hotelsouldejavea.com\/de\/deluxe-zimmer-mit-meerblick\/#primaryimage\"},\"image\":{\"@id\":\"https:\/\/hotelsouldejavea.com\/de\/deluxe-zimmer-mit-meerblick\/#primaryimage\"},\"thumbnailUrl\":\"https:\/\/hotelsouldejavea.com\/wp-content\/uploads\/2023\/07\/habdeluxe.jpg\",\"datePublished\":\"2023-07-12T16:09:07+00:00\",\"dateModified\":\"2025-05-07T11:48:01+00:00\",\"breadcrumb\":{\"@id\":\"https:\/\/hotelsouldejavea.com\/de\/deluxe-zimmer-mit-meerblick\/#breadcrumb\"},\"inLanguage\":\"de\",\"potentialAction\":[{\"@type\":\"ReadAction\",\"target\":[\"https:\/\/hotelsouldejavea.com\/de\/deluxe-zimmer-mit-meerblick\/\"]}]},{\"@type\":\"ImageObject\",\"inLanguage\":\"de\",\"@id\":\"https:\/\/hotelsouldejavea.com\/de\/deluxe-zimmer-mit-meerblick\/#primaryimage\",\"url\":\"https:\/\/hotelsouldejavea.com\/wp-content\/uploads\/2023\/07\/habdeluxe.jpg\",\"contentUrl\":\"https:\/\/hotelsouldejavea.com\/wp-content\/uploads\/2023\/07\/habdeluxe.jpg\",\"width\":800,\"height\":534,\"caption\":\"Reserva habitaci\u00f3n J\u00e1vea\"},{\"@type\":\"BreadcrumbList\",\"@id\":\"https:\/\/hotelsouldejavea.com\/de\/deluxe-zimmer-mit-meerblick\/#breadcrumb\",\"itemListElement\":[{\"@type\":\"ListItem\",\"position\":1,\"name\":\"Portada\",\"item\":\"https:\/\/hotelsouldejavea.com\/de\/\"},{\"@type\":\"ListItem\",\"position\":2,\"name\":\"Deluxe Zimmer mit Meerblick\"}]},{\"@type\":\"WebSite\",\"@id\":\"https:\/\/hotelsouldejavea.com\/de\/#website\",\"url\":\"https:\/\/hotelsouldejavea.com\/de\/\",\"name\":\"Hotel Soul de J\u00e1vea\",\"description\":\"Hotel Soul de J\u00e1vea\",\"publisher\":{\"@id\":\"https:\/\/hotelsouldejavea.com\/de\/#organization\"},\"potentialAction\":[{\"@type\":\"SearchAction\",\"target\":{\"@type\":\"EntryPoint\",\"urlTemplate\":\"https:\/\/hotelsouldejavea.com\/de\/?s={search_term_string}\"},\"query-input\":{\"@type\":\"PropertyValueSpecification\",\"valueRequired\":true,\"valueName\":\"search_term_string\"}}],\"inLanguage\":\"de\"},{\"@type\":\"Organization\",\"@id\":\"https:\/\/hotelsouldejavea.com\/de\/#organization\",\"name\":\"Hotel Soul de J\u00e1vea\",\"url\":\"https:\/\/hotelsouldejavea.com\/de\/\",\"logo\":{\"@type\":\"ImageObject\",\"inLanguage\":\"de\",\"@id\":\"https:\/\/hotelsouldejavea.com\/de\/#\/schema\/logo\/image\/\",\"url\":\"https:\/\/hotelsouldejavea.com\/wp-content\/uploads\/2025\/02\/hotel-soul-de-javea.png\",\"contentUrl\":\"https:\/\/hotelsouldejavea.com\/wp-content\/uploads\/2025\/02\/hotel-soul-de-javea.png\",\"width\":2182,\"height\":502,\"caption\":\"Hotel Soul de J\u00e1vea\"},\"image\":{\"@id\":\"https:\/\/hotelsouldejavea.com\/de\/#\/schema\/logo\/image\/\"}}]}<\/script>\n<!-- \/ Yoast SEO plugin. -->","yoast_head_json":{"title":"Deluxe Zimmer mit Meerblick - Hotel Soul de J\u00e1vea","robots":{"index":"index","follow":"follow","max-snippet":"max-snippet:-1","max-image-preview":"max-image-preview:large","max-video-preview":"max-video-preview:-1"},"canonical":"https:\/\/hotelsouldejavea.com\/de\/deluxe-zimmer-mit-meerblick\/","og_locale":"de_DE","og_type":"article","og_title":"Deluxe Zimmer mit Meerblick - Hotel Soul de J\u00e1vea","og_description":"[vc_row css=&#8220;.vc_custom_1739877760692{padding-top: 5% !important;padding-right: 5% !important;padding-bottom: 5% !important;padding-left: 5% !important;}&#8220;][vc_column][vc_column_text css=&#8220;&#8220;] \u201eDeluxe\u201c-Zimmer mit Meerblick [\/vc_column_text][vc_empty_space][vc_row_inner gap=&#8220;35&#8243;][vc_column_inner width=&#8220;1\/2&#8243;][vc_single_image image=&#8220;153&#8243; alignment=&#8220;center&#8220; css=&#8220;&#8220; img_size=&#8220;large&#8220;][\/vc_column_inner][vc_column_inner width=&#8220;1\/2&#8243;][vc_column_text css=&#8220;&#8220;]Die \u201eDeluxe\u201c-Zimmer mit Meerblick verf\u00fcgen \u00fcber ein komplettes Bad mit Badewanne oder Dusche, ein 1,80 m breites Doppelbett oder zwei Einzelbetten (je nach Verf\u00fcgbarkeit) sowie einen Balkon mit Blick auf das Meer von [...]","og_url":"https:\/\/hotelsouldejavea.com\/de\/deluxe-zimmer-mit-meerblick\/","og_site_name":"Hotel Soul de J\u00e1vea","article_modified_time":"2025-05-07T11:48:01+00:00","og_image":[{"width":800,"height":534,"url":"https:\/\/hotelsouldejavea.com\/wp-content\/uploads\/2023\/07\/habdeluxe.jpg","type":"image\/jpeg"}],"twitter_card":"summary_large_image","twitter_misc":{"Gesch\u00e4tzte Lesezeit":"2\u00a0Minuten"},"schema":{"@context":"https:\/\/schema.org","@graph":[{"@type":"WebPage","@id":"https:\/\/hotelsouldejavea.com\/de\/deluxe-zimmer-mit-meerblick\/","url":"https:\/\/hotelsouldejavea.com\/de\/deluxe-zimmer-mit-meerblick\/","name":"Deluxe Zimmer mit Meerblick - Hotel Soul de J\u00e1vea","isPartOf":{"@id":"https:\/\/hotelsouldejavea.com\/de\/#website"},"primaryImageOfPage":{"@id":"https:\/\/hotelsouldejavea.com\/de\/deluxe-zimmer-mit-meerblick\/#primaryimage"},"image":{"@id":"https:\/\/hotelsouldejavea.com\/de\/deluxe-zimmer-mit-meerblick\/#primaryimage"},"thumbnailUrl":"https:\/\/hotelsouldejavea.com\/wp-content\/uploads\/2023\/07\/habdeluxe.jpg","datePublished":"2023-07-12T16:09:07+00:00","dateModified":"2025-05-07T11:48:01+00:00","breadcrumb":{"@id":"https:\/\/hotelsouldejavea.com\/de\/deluxe-zimmer-mit-meerblick\/#breadcrumb"},"inLanguage":"de","potentialAction":[{"@type":"ReadAction","target":["https:\/\/hotelsouldejavea.com\/de\/deluxe-zimmer-mit-meerblick\/"]}]},{"@type":"ImageObject","inLanguage":"de","@id":"https:\/\/hotelsouldejavea.com\/de\/deluxe-zimmer-mit-meerblick\/#primaryimage","url":"https:\/\/hotelsouldejavea.com\/wp-content\/uploads\/2023\/07\/habdeluxe.jpg","contentUrl":"https:\/\/hotelsouldejavea.com\/wp-content\/uploads\/2023\/07\/habdeluxe.jpg","width":800,"height":534,"caption":"Reserva habitaci\u00f3n J\u00e1vea"},{"@type":"BreadcrumbList","@id":"https:\/\/hotelsouldejavea.com\/de\/deluxe-zimmer-mit-meerblick\/#breadcrumb","itemListElement":[{"@type":"ListItem","position":1,"name":"Portada","item":"https:\/\/hotelsouldejavea.com\/de\/"},{"@type":"ListItem","position":2,"name":"Deluxe Zimmer mit Meerblick"}]},{"@type":"WebSite","@id":"https:\/\/hotelsouldejavea.com\/de\/#website","url":"https:\/\/hotelsouldejavea.com\/de\/","name":"Hotel Soul de J\u00e1vea","description":"Hotel Soul de J\u00e1vea","publisher":{"@id":"https:\/\/hotelsouldejavea.com\/de\/#organization"},"potentialAction":[{"@type":"SearchAction","target":{"@type":"EntryPoint","urlTemplate":"https:\/\/hotelsouldejavea.com\/de\/?s={search_term_string}"},"query-input":{"@type":"PropertyValueSpecification","valueRequired":true,"valueName":"search_term_string"}}],"inLanguage":"de"},{"@type":"Organization","@id":"https:\/\/hotelsouldejavea.com\/de\/#organization","name":"Hotel Soul de J\u00e1vea","url":"https:\/\/hotelsouldejavea.com\/de\/","logo":{"@type":"ImageObject","inLanguage":"de","@id":"https:\/\/hotelsouldejavea.com\/de\/#\/schema\/logo\/image\/","url":"https:\/\/hotelsouldejavea.com\/wp-content\/uploads\/2025\/02\/hotel-soul-de-javea.png","contentUrl":"https:\/\/hotelsouldejavea.com\/wp-content\/uploads\/2025\/02\/hotel-soul-de-javea.png","width":2182,"height":502,"caption":"Hotel Soul de J\u00e1vea"},"image":{"@id":"https:\/\/hotelsouldejavea.com\/de\/#\/schema\/logo\/image\/"}}]}},"_links":{"self":[{"href":"https:\/\/hotelsouldejavea.com\/de\/wp-json\/wp\/v2\/pages\/3472","targetHints":{"allow":["GET"]}}],"collection":[{"href":"https:\/\/hotelsouldejavea.com\/de\/wp-json\/wp\/v2\/pages"}],"about":[{"href":"https:\/\/hotelsouldejavea.com\/de\/wp-json\/wp\/v2\/types\/page"}],"author":[{"embeddable":true,"href":"https:\/\/hotelsouldejavea.com\/de\/wp-json\/wp\/v2\/users\/2"}],"replies":[{"embeddable":true,"href":"https:\/\/hotelsouldejavea.com\/de\/wp-json\/wp\/v2\/comments?post=3472"}],"version-history":[{"count":4,"href":"https:\/\/hotelsouldejavea.com\/de\/wp-json\/wp\/v2\/pages\/3472\/revisions"}],"predecessor-version":[{"id":3993,"href":"https:\/\/hotelsouldejavea.com\/de\/wp-json\/wp\/v2\/pages\/3472\/revisions\/3993"}],"wp:featuredmedia":[{"embeddable":true,"href":"https:\/\/hotelsouldejavea.com\/de\/wp-json\/wp\/v2\/media\/3479"}],"wp:attachment":[{"href":"https:\/\/hotelsouldejavea.com\/de\/wp-json\/wp\/v2\/media?parent=3472"}],"curies":[{"name":"wp","href":"https:\/\/api.w.org\/{rel}","templated":true}]}}